{"id":16827,"date":"2018-01-09T11:20:35","date_gmt":"2018-01-09T13:20:35","guid":{"rendered":"http:\/\/35.194.95.18\/wp-admin\/?post_type=product&#038;p=16827"},"modified":"2025-04-08T11:13:23","modified_gmt":"2025-04-08T14:13:23","slug":"shampoo-vet-cavalo-1l","status":"publish","type":"product","link":"https:\/\/vetsul.com\/index.php\/product\/shampoo-vet-cavalo-1l\/","title":{"rendered":"Shampoo Vet Cavalo  1l"},"content":{"rendered":"<p class=\"MsoNormal\" style=\"margin-bottom: 15.0pt; line-height: normal; mso-outline-level: 1; vertical-align: baseline;\"><b><span style=\"font-size: 24.0pt; font-family: 'Source Sans Pro',sans-serif; mso-fareast-font-family: 'Times New Roman'; mso-bidi-font-family: 'Times New Roman'; color: #525352; mso-font-kerning: 18.0pt; mso-fareast-language: PT-BR;\">Shampoo Vet<br \/>\nCavalo<\/span><\/b><\/p>\n<p class=\"MsoNormal\" style=\"margin-bottom: .0001pt; line-height: normal;\"><span style=\"font-size: 12.0pt; font-family: 'Source Sans Pro',sans-serif; mso-fareast-font-family: 'Times New Roman'; mso-bidi-font-family: 'Times New Roman'; color: #525352; border: none windowtext 1.0pt; mso-border-alt: none windowtext 0cm; padding: 0cm; mso-fareast-language: PT-BR;\">1l<\/span><\/p>\n<p class=\"MsoNormal\" style=\"margin-bottom: .0001pt; line-height: normal; vertical-align: baseline;\"><span style=\"font-size: 12.0pt; font-family: 'inherit',serif; mso-fareast-font-family: 'Times New Roman'; mso-bidi-font-family: 'Times New Roman'; color: #525352; letter-spacing: .8pt; mso-fareast-language: PT-BR;\">O Shampoo Vet<br \/>\nCavalo 1l cont\u00e9m queratina vegetal e silicone, proporcionando brilho intenso ao<br \/>\npelo de equinos e bovinos. O produto garante uma limpeza segura, mantendo a<br \/>\napar\u00eancia saud\u00e1vel do animal e agrad\u00e1vel aroma de Citrus e Capim.<\/span><\/p>\n","protected":false},"excerpt":{"rendered":"<p>Shampoo Vet Cavalo 1l O Shampoo Vet Cavalo 1l cont\u00e9m queratina vegetal e silicone, proporcionando brilho intenso ao pelo de equinos e<\/p>\n","protected":false},"featured_media":17899,"template":"","meta":{"_acf_changed":false},"product_brand":[974],"product_cat":[192,193,165],"product_tag":[],"class_list":{"0":"post-16827","1":"product","2":"type-product","3":"status-publish","4":"has-post-thumbnail","6":"product_brand-sanol","7":"product_cat-higiene-e-cuidados","8":"product_cat-higiene-e-cuidados-2","9":"product_cat-pet","11":"first","12":"outofstock","13":"purchasable","14":"product-type-simple"},"acf":[],"_links":{"self":[{"href":"https:\/\/vetsul.com\/index.php\/wp-json\/wp\/v2\/product\/16827","targetHints":{"allow":["GET"]}}],"collection":[{"href":"https:\/\/vetsul.com\/index.php\/wp-json\/wp\/v2\/product"}],"about":[{"href":"https:\/\/vetsul.com\/index.php\/wp-json\/wp\/v2\/types\/product"}],"wp:featuredmedia":[{"embeddable":true,"href":"https:\/\/vetsul.com\/index.php\/wp-json\/wp\/v2\/media\/17899"}],"wp:attachment":[{"href":"https:\/\/vetsul.com\/index.php\/wp-json\/wp\/v2\/media?parent=16827"}],"wp:term":[{"taxonomy":"product_brand","embeddable":true,"href":"https:\/\/vetsul.com\/index.php\/wp-json\/wp\/v2\/product_brand?post=16827"},{"taxonomy":"product_cat","embeddable":true,"href":"https:\/\/vetsul.com\/index.php\/wp-json\/wp\/v2\/product_cat?post=16827"},{"taxonomy":"product_tag","embeddable":true,"href":"https:\/\/vetsul.com\/index.php\/wp-json\/wp\/v2\/product_tag?post=16827"}],"curies":[{"name":"wp","href":"https:\/\/api.w.org\/{rel}","templated":true}]}}