{"id":16813,"date":"2018-01-09T11:00:15","date_gmt":"2018-01-09T13:00:15","guid":{"rendered":"http:\/\/35.194.95.18\/wp-admin\/?post_type=product&#038;p=16813"},"modified":"2025-02-07T16:00:21","modified_gmt":"2025-02-07T19:00:21","slug":"seringa-hoppner-50-ml-blister","status":"publish","type":"product","link":"https:\/\/vetsul.com\/index.php\/product\/seringa-hoppner-50-ml-blister\/","title":{"rendered":"SERINGA HOPPNER 50 ML &#8211; BLISTER"},"content":{"rendered":"<p>Fabricada pela primeira vez por Karl H\u00f6ppner no Brasil, em 1946, \u00e9 at\u00e9 hoje imitada em todo o mundo.<\/p>\n<p>&#8211; Grande durabilidade.<\/p>\n<p>&#8211; Alum\u00ednio de alta resist\u00eancia e lat\u00e3o cromado, ideal para temperaturas extremas.<\/p>\n<p>&#8211; Tubo de vidro temperado esteriliz\u00e1vel &#8211; evita a contamina\u00e7\u00e3o por outros medicamentos.<\/p>\n<p>&#8211; Dosador de alta precis\u00e3o: de 1 a 5 ml, com intervalos de 1 ml.<\/p>\n<p>&#8211; F\u00e1cil regulagem e visualiza\u00e7\u00e3o.<\/p>\n<p>&#8211; Encaixe Luer-Lock, de f\u00e1cil manuseio.<\/p>\n<p>&#8211; Indicado para vacina\u00e7\u00e3o contra raiva e para outros medicamentos at\u00e9 50 ml de dosagem.<\/p>\n<p>&#8211; Desenho ergom\u00e9trico: empunhadura anat\u00f4mica, que proporciona o m\u00e1ximo conforto nas aplica\u00e7\u00f5es em grandes rebanhos.<\/p>\n","protected":false},"excerpt":{"rendered":"<p>Fabricada pela primeira vez por Karl H\u00f6ppner no Brasil, em 1946, \u00e9 at\u00e9 hoje imitada em todo o mundo. &#8211; Grande durabilidade.<\/p>\n","protected":false},"featured_media":16814,"template":"","meta":{"_acf_changed":false},"product_brand":[],"product_cat":[164,166],"product_tag":[1032],"class_list":{"0":"post-16813","1":"product","2":"type-product","3":"status-publish","4":"has-post-thumbnail","6":"product_cat-bovinos-e-ovinos","7":"product_cat-equipamentos-utensilios-e-materiais-hospitalares","8":"product_tag-hoppner","10":"first","11":"instock","12":"purchasable","13":"product-type-simple"},"acf":[],"_links":{"self":[{"href":"https:\/\/vetsul.com\/index.php\/wp-json\/wp\/v2\/product\/16813","targetHints":{"allow":["GET"]}}],"collection":[{"href":"https:\/\/vetsul.com\/index.php\/wp-json\/wp\/v2\/product"}],"about":[{"href":"https:\/\/vetsul.com\/index.php\/wp-json\/wp\/v2\/types\/product"}],"wp:featuredmedia":[{"embeddable":true,"href":"https:\/\/vetsul.com\/index.php\/wp-json\/wp\/v2\/media\/16814"}],"wp:attachment":[{"href":"https:\/\/vetsul.com\/index.php\/wp-json\/wp\/v2\/media?parent=16813"}],"wp:term":[{"taxonomy":"product_brand","embeddable":true,"href":"https:\/\/vetsul.com\/index.php\/wp-json\/wp\/v2\/product_brand?post=16813"},{"taxonomy":"product_cat","embeddable":true,"href":"https:\/\/vetsul.com\/index.php\/wp-json\/wp\/v2\/product_cat?post=16813"},{"taxonomy":"product_tag","embeddable":true,"href":"https:\/\/vetsul.com\/index.php\/wp-json\/wp\/v2\/product_tag?post=16813"}],"curies":[{"name":"wp","href":"https:\/\/api.w.org\/{rel}","templated":true}]}}