{"id":16810,"date":"2018-01-09T10:57:36","date_gmt":"2018-01-09T12:57:36","guid":{"rendered":"http:\/\/35.194.95.18\/wp-admin\/?post_type=product&#038;p=16810"},"modified":"2025-04-07T11:54:42","modified_gmt":"2025-04-07T14:54:42","slug":"kit-pistola-autom-tica-dosadora-50-ml","status":"publish","type":"product","link":"https:\/\/vetsul.com\/index.php\/product\/kit-pistola-autom-tica-dosadora-50-ml\/","title":{"rendered":"KIT PISTOLA AUTOM\u00c1TICA DOSADORA 50 ml"},"content":{"rendered":"<p>Produto feito em lat\u00e3o cromado, alum\u00ednio polido e tubo de vidro.<\/p>\n<p>Capacidade : 50 ml com dosagem precisas de 1 a 5 ml no eixo com porca e contra-porca (eixo interno e externo mais longo).<\/p>\n<p>Embalagem: Caixa de madeira contendo 1 pistola automatica, 1 tubo de vidro temperado, 1 jogo de veda\u00e7\u00e3o.<\/p>\n","protected":false},"excerpt":{"rendered":"<p>Produto feito em lat\u00e3o cromado, alum\u00ednio polido e tubo de vidro. Capacidade : 50 ml com dosagem precisas de 1 a 5<\/p>\n","protected":false},"featured_media":16811,"template":"","meta":{"_acf_changed":false},"product_brand":[],"product_cat":[164,166],"product_tag":[],"class_list":{"0":"post-16810","1":"product","2":"type-product","3":"status-publish","4":"has-post-thumbnail","6":"product_cat-bovinos-e-ovinos","7":"product_cat-equipamentos-utensilios-e-materiais-hospitalares","9":"first","10":"instock","11":"purchasable","12":"product-type-simple"},"acf":[],"_links":{"self":[{"href":"https:\/\/vetsul.com\/index.php\/wp-json\/wp\/v2\/product\/16810","targetHints":{"allow":["GET"]}}],"collection":[{"href":"https:\/\/vetsul.com\/index.php\/wp-json\/wp\/v2\/product"}],"about":[{"href":"https:\/\/vetsul.com\/index.php\/wp-json\/wp\/v2\/types\/product"}],"wp:featuredmedia":[{"embeddable":true,"href":"https:\/\/vetsul.com\/index.php\/wp-json\/wp\/v2\/media\/16811"}],"wp:attachment":[{"href":"https:\/\/vetsul.com\/index.php\/wp-json\/wp\/v2\/media?parent=16810"}],"wp:term":[{"taxonomy":"product_brand","embeddable":true,"href":"https:\/\/vetsul.com\/index.php\/wp-json\/wp\/v2\/product_brand?post=16810"},{"taxonomy":"product_cat","embeddable":true,"href":"https:\/\/vetsul.com\/index.php\/wp-json\/wp\/v2\/product_cat?post=16810"},{"taxonomy":"product_tag","embeddable":true,"href":"https:\/\/vetsul.com\/index.php\/wp-json\/wp\/v2\/product_tag?post=16810"}],"curies":[{"name":"wp","href":"https:\/\/api.w.org\/{rel}","templated":true}]}}