{"id":16806,"date":"2018-01-09T10:48:52","date_gmt":"2018-01-09T12:48:52","guid":{"rendered":"http:\/\/35.194.95.18\/wp-admin\/?post_type=product&#038;p=16806"},"modified":"2025-02-07T16:24:39","modified_gmt":"2025-02-07T19:24:39","slug":"sedacol-200-ml","status":"publish","type":"product","link":"https:\/\/vetsul.com\/index.php\/product\/sedacol-200-ml\/","title":{"rendered":"SEDACOL 200 ML"},"content":{"rendered":"<p>O SEDACOL \u00e9 um valioso agente empregado na debela\u00e7\u00e3o de s\u00edndromes congestivas do aparelho gastrintestinal, traduzidas por c\u00f3licas gasosas, meteorismos, timpanismo (empanzinamento) dos ruminantes, acetonemias.&nbsp;<\/p>\n<p><\/p>\n<p>O D-sorbitol, restabelece com grande rapidez o equil\u00edbrio \u00e1cido b\u00e1sico, al\u00e9m de exercer grande efeito laxativo, promove a diurese, protegendo contra o edema cerebral e diminuindo sensivelmente a press\u00e3o intra-ocular por ocasi\u00e3o do estado congestivo.&nbsp;<\/p>\n<p><\/p>\n<p>O SEDACOL apresentado na forma concentrada, aplicado diretamente \u00e0 corrente sangu\u00ednea se difunde com grande facilidade e rapidez, restabelecendo o bem estar do animal, devolvendo-lhe a disposi\u00e7\u00e3o com relativa tranq\u00fcilidade e seguran\u00e7a.&nbsp;<\/p>\n<p><\/p>\n<p>O SEDACOL ainda contribui eficazmente na preven\u00e7\u00e3o das les\u00f5es e insufici\u00eancias hep\u00e1ticas decorrentes de intoxica\u00e7\u00f5es alimentares, medicamentosas, paresias grav\u00eddicas do parto, da lacta\u00e7\u00e3o ou tetanias.<\/p>\n<div>\n<div>F\u00f3rmula:<\/div>\n<div>Cada 100 ml cont\u00e9m:<\/div>\n<div>Sorbitol&#8230;&#8230;&#8230;&#8230;&#8230;50 g<\/div>\n<div><\/div>\n<div>Indica\u00e7\u00f5es:<\/div>\n<div>Nas s\u00edndromes congestivas do aparelho gastrintestinal, c\u00f3licas gasosas, meteorismo, timpanismo (empazinamento) dos ruminantes, acetonemias. Nas preven\u00e7\u00f5es das les\u00f5es e insufici\u00eancias hep\u00e1ticas em conseq\u00fc\u00eancia das intoxica\u00e7\u00f5es alimentares, medicamentosas, paresias grav\u00eddicas do parto, da lacta\u00e7\u00e3o ou tetanias.<\/div>\n<div><\/div>\n<div>Dosagem:<\/div>\n<div>Bovinos: Bezerros e novilhas: 20 a 50 ml; Animais adultos: 100 a 200 ml; Eq\u00fcinos: Potros: 20 a 50 ml; \u00c9guas e garanh\u00f5es: 100 a 200 ml; Ovinos e caprinos: Animais jovens: 10 a 20 ml; Animais adultos: 20 a 50 ml; Caninos: 2 a 10 ml. Aplicar 2 horas ap\u00f3s, a metade da dose inicial, podendo repetir, ou mediante indica\u00e7\u00e3o do m\u00e9dico veterin\u00e1rio.<\/div>\n<div><\/div>\n<div>Administra\u00e7\u00e3o:<\/div>\n<div>Uso externo &#8211; para aplica\u00e7\u00e3o endovenosa r\u00e1pida.<\/div>\n<div><\/div>\n<div>Precau\u00e7\u00f5es:<\/div>\n<div>Respeitadas as doses e esp\u00e9cies indicadas, n\u00e3o h\u00e1 contra-indica\u00e7\u00f5es.<\/div>\n<div><\/div>\n<div>Apresenta\u00e7\u00e3o:<\/div>\n<div>Frasco-ampola de 100 e 200 ml.<\/div>\n<div><\/div>\n<div>Classe Terap\u00eautica:<\/div>\n<div>HIDRATA\u00c7\u00c3O, ESTIMULANTE E MEDICA\u00c7\u00c3O SUPORTE<\/div>\n<div><\/div>\n<div>Princ\u00edpio(s) Ativo(s):<\/div>\n<div>SORBITOL<\/div>\n<\/div>\n","protected":false},"excerpt":{"rendered":"<p>O SEDACOL \u00e9 um valioso agente empregado na debela\u00e7\u00e3o de s\u00edndromes congestivas do aparelho gastrintestinal, traduzidas por c\u00f3licas gasosas, meteorismos, timpanismo (empanzinamento)<\/p>\n","protected":false},"featured_media":16807,"template":"","meta":{"_acf_changed":false},"product_brand":[976],"product_cat":[173,178],"product_tag":[1020],"class_list":{"0":"post-16806","1":"product","2":"type-product","3":"status-publish","4":"has-post-thumbnail","6":"product_brand-calbos","7":"product_cat-suplementos-e-vitaminas","8":"product_cat-suplementos-e-vitaminas-2","9":"product_tag-calbos","11":"first","12":"outofstock","13":"purchasable","14":"product-type-simple"},"acf":[],"_links":{"self":[{"href":"https:\/\/vetsul.com\/index.php\/wp-json\/wp\/v2\/product\/16806","targetHints":{"allow":["GET"]}}],"collection":[{"href":"https:\/\/vetsul.com\/index.php\/wp-json\/wp\/v2\/product"}],"about":[{"href":"https:\/\/vetsul.com\/index.php\/wp-json\/wp\/v2\/types\/product"}],"wp:featuredmedia":[{"embeddable":true,"href":"https:\/\/vetsul.com\/index.php\/wp-json\/wp\/v2\/media\/16807"}],"wp:attachment":[{"href":"https:\/\/vetsul.com\/index.php\/wp-json\/wp\/v2\/media?parent=16806"}],"wp:term":[{"taxonomy":"product_brand","embeddable":true,"href":"https:\/\/vetsul.com\/index.php\/wp-json\/wp\/v2\/product_brand?post=16806"},{"taxonomy":"product_cat","embeddable":true,"href":"https:\/\/vetsul.com\/index.php\/wp-json\/wp\/v2\/product_cat?post=16806"},{"taxonomy":"product_tag","embeddable":true,"href":"https:\/\/vetsul.com\/index.php\/wp-json\/wp\/v2\/product_tag?post=16806"}],"curies":[{"name":"wp","href":"https:\/\/api.w.org\/{rel}","templated":true}]}}