{"id":16792,"date":"2018-01-09T10:08:21","date_gmt":"2018-01-09T12:08:21","guid":{"rendered":"http:\/\/35.194.95.18\/wp-admin\/?post_type=product&#038;p=16792"},"modified":"2025-04-08T10:41:21","modified_gmt":"2025-04-08T13:41:21","slug":"saguaymic-plus-01lt","status":"publish","type":"product","link":"https:\/\/vetsul.com\/index.php\/product\/saguaymic-plus-01lt\/","title":{"rendered":"SAGUAYMIC PLUS 01lt"},"content":{"rendered":"<h1 class=\"product_title entry-title\" style=\"color: #303030; background-image: initial; background-position: 0px 0px; background-size: initial; background-repeat: initial; background-attachment: initial; background-origin: initial; background-clip: initial; border: 0px; margin-bottom: 8px; padding: 0px; vertical-align: baseline; outline: 0px; font-size: 2em; line-height: 1.25em; font-family: Roboto, sans-serif; text-transform: uppercase; letter-spacing: 1px;\">SAGUAYMIC PLUS<\/h1>\n<div class=\"woocommerce-product-details__short-description\" style=\"background-image: initial; background-position: 0px 0px; background-size: initial; background-repeat: initial; background-attachment: initial; background-origin: initial; background-clip: initial; border: 0px; margin: 0px; padding: 0px; vertical-align: baseline; outline: 0px; color: #171717; font-family: Roboto, sans-serif; font-size: 14px;\">\n<p style=\"background: 0px 0px; border: 0px; margin-bottom: 0px; padding: 0px; vertical-align: baseline; outline: 0px; line-height: 27px;\"><strong style=\"background: 0px 0px; border: 0px; margin: 0px; padding: 0px; vertical-align: baseline; outline: 0px; color: #4f4f4f;\">COMPOSI\u00c7\u00c3O<\/strong><\/p>\n<p style=\"background: 0px 0px; border: 0px; margin-bottom: 0px; padding: 0px; vertical-align: baseline; outline: 0px; color: #4f4f4f; line-height: 27px;\">Cada 100 mL cont\u00e9m:<\/p>\n<p style=\"background: 0px 0px; border: 0px; margin-bottom: 0px; padding: 0px; vertical-align: baseline; outline: 0px; color: #4f4f4f; line-height: 27px;\">Triclabendazole: 10,0 g<\/p>\n<p style=\"background: 0px 0px; border: 0px; margin-bottom: 0px; padding: 0px; vertical-align: baseline; outline: 0px; color: #4f4f4f; line-height: 27px;\">Fenbendazole: 10,0 g<\/p>\n<p style=\"background: 0px 0px; border: 0px; margin-bottom: 0px; padding: 0px; vertical-align: baseline; outline: 0px; color: #4f4f4f; line-height: 27px;\">Ve\u00edculo q.s.p.. 100,0 mL<\/p>\n<p style=\"background: 0px 0px; border: 0px; margin-bottom: 0px; padding: 0px; vertical-align: baseline; outline: 0px; color: #4f4f4f; line-height: 27px;\"><strong style=\"background: 0px 0px; border: 0px; margin: 0px; padding: 0px; vertical-align: baseline; outline: 0px;\">INDICA\u00c7\u00d5ES:<\/strong><\/p>\n<p style=\"background: 0px 0px; border: 0px; margin-bottom: 0px; padding: 0px; vertical-align: baseline; outline: 0px; color: #4f4f4f; line-height: 27px;\">Para o controle e tratamento de endoparasitas em bovinos e ovinos.<\/p>\n<p style=\"background: 0px 0px; border: 0px; margin-bottom: 0px; padding: 0px; vertical-align: baseline; outline: 0px; color: #4f4f4f; line-height: 27px;\">Espectro de atividade:<\/p>\n<p style=\"background: 0px 0px; border: 0px; margin-bottom: 0px; padding: 0px; vertical-align: baseline; outline: 0px; color: #4f4f4f; line-height: 27px;\">Endoparasitas: Ostertagia ostertagi (inclusive estados inibidos ou hipobioticos); Haemonchus spp., Trichostrongylus spp., Cooperia spp., Oesophagostomum spp., Bunostomum spp., Nematodirus spp., Strongyloides spp., Dictyocaulus spp., Moniezzia spp., Fasciola hep\u00e1tica<\/p>\n<p style=\"background: 0px 0px; border: 0px; margin-bottom: 0px; padding: 0px; vertical-align: baseline; outline: 0px; color: #4f4f4f; line-height: 27px;\"><strong style=\"background: 0px 0px; border: 0px; margin: 0px; padding: 0px; vertical-align: baseline; outline: 0px;\">ESPECIES ANIMAIS AS QUE SE DESTINA:<\/strong><\/p>\n<p style=\"background: 0px 0px; border: 0px; margin-bottom: 0px; padding: 0px; vertical-align: baseline; outline: 0px; color: #4f4f4f; line-height: 27px;\">Bovinos e Ovinos.<\/p>\n<p style=\"background: 0px 0px; border: 0px; margin-bottom: 0px; padding: 0px; vertical-align: baseline; outline: 0px; color: #4f4f4f; line-height: 27px;\"><strong style=\"background: 0px 0px; border: 0px; margin: 0px; padding: 0px; vertical-align: baseline; outline: 0px;\">DOSAGEM:<\/strong><\/p>\n<p style=\"background: 0px 0px; border: 0px; margin-bottom: 0px; padding: 0px; vertical-align: baseline; outline: 0px; color: #4f4f4f; line-height: 27px;\">Ovinos: 1 mL cada 10 kg de peso vivo (equivalente a 10 mg de Triclabendazole e Fenbendazole por kg p.v. )<\/p>\n<p style=\"background: 0px 0px; border: 0px; margin-bottom: 0px; padding: 0px; vertical-align: baseline; outline: 0px; color: #4f4f4f; line-height: 27px;\">Bovinos: 6 mL cada 50 kg de peso vivo (equivalente a 12 mg de Triclabendazole e Fenbendazole por kg p.v. )<\/p>\n<p style=\"background: 0px 0px; border: 0px; margin-bottom: 0px; padding: 0px; vertical-align: baseline; outline: 0px; color: #4f4f4f; line-height: 27px;\"><strong style=\"background: 0px 0px; border: 0px; margin: 0px; padding: 0px; vertical-align: baseline; outline: 0px;\">MODO DE EMPREGO \/ VIDA DE ADMINISTRA\u00c7\u00c3O:<\/strong><\/p>\n<p style=\"background: 0px 0px; border: 0px; margin-bottom: 0px; padding: 0px; vertical-align: baseline; outline: 0px; color: #4f4f4f; line-height: 27px;\">Oral, com auxilio de qualquer dosadora.<\/p>\n<p style=\"background: 0px 0px; border: 0px; margin-bottom: 0px; padding: 0px; vertical-align: baseline; outline: 0px; color: #4f4f4f; line-height: 27px;\"><strong style=\"background: 0px 0px; border: 0px; margin: 0px; padding: 0px; vertical-align: baseline; outline: 0px;\">PERIODO DE CAR\u00caNCIA:<\/strong><\/p>\n<p style=\"background: 0px 0px; border: 0px; margin-bottom: 0px; padding: 0px; vertical-align: baseline; outline: 0px; color: #4f4f4f; line-height: 27px;\">Nao abater os animais tratados com o produtos at\u00e9 decorridos 28 dias da sua \u00faltima administra\u00e7ao.<\/p>\n<p style=\"background: 0px 0px; border: 0px; margin-bottom: 0px; padding: 0px; vertical-align: baseline; outline: 0px; color: #4f4f4f; line-height: 27px;\">Descar o leite destinado ao consumo humano durante 12 dias ap\u00f3s da \u00faltima aplica\u00e7ao do produto<\/p>\n<p style=\"background: 0px 0px; border: 0px; margin-bottom: 0px; padding: 0px; vertical-align: baseline; outline: 0px; color: #4f4f4f; line-height: 27px;\"><strong style=\"background: 0px 0px; border: 0px; margin: 0px; padding: 0px; vertical-align: baseline; outline: 0px;\">PRECAU\u00c7\u00d5ES \u2013 CONTRAINDICA\u00c7\u00d5ES DE USO:<\/strong><\/p>\n<p style=\"background: 0px 0px; border: 0px; margin-bottom: 0px; padding: 0px; vertical-align: baseline; outline: 0px; color: #4f4f4f; line-height: 27px;\">Armazenagem, transporte e destru\u00e7\u00e3o: conservar em local seco e fresco, sem luz solar, mantendo a temperatura dentro dos l\u00edmites estabelecidos para a conserva\u00e7\u00e3o do produto.<\/p>\n<p style=\"background: 0px 0px; border: 0px; margin-bottom: 0px; padding: 0px; vertical-align: baseline; outline: 0px; color: #4f4f4f; line-height: 27px;\">Guardar longe das crian\u00e7as e dos animais de estima\u00e7\u00e3o.<\/p>\n<p style=\"background: 0px 0px; border: 0px; margin-bottom: 0px; padding: 0px; vertical-align: baseline; outline: 0px; color: #4f4f4f; line-height: 27px;\">Em caso de ingest\u00e3o acidental do producto provocar o v\u00f4mito introduzindo dois dedos na boca at\u00e9 a garganta e procurar ao M\u00e9dico levando a embalagem original. Em caso de contato com a pele lavar com muita \u00e1gua e sab\u00e3o. N\u00e3o reutilizar as embalagens vazias, uma vez utilizadas, as embalagens e sobras devem ser destruidas em forma adequada (queimando-as em lugares seguros ou enterrando-as longe de lagos, correntes de agua, etc).<\/p>\n<p style=\"background: 0px 0px; border: 0px; margin-bottom: 0px; padding: 0px; vertical-align: baseline; outline: 0px; color: #4f4f4f; line-height: 27px;\">Efeitos t\u00f3xicos: os efeitos toxicos sao raros \u00e9 se limitam a anorexia, v\u00f4mito, anemia<\/p>\n<p style=\"background: 0px 0px; border: 0px; margin-bottom: 0px; padding: 0px; vertical-align: baseline; outline: 0px; color: #4f4f4f; line-height: 27px;\">normocr\u00f4mica , diarreia \u00e9 prurido.<\/p>\n<\/div>\n","protected":false},"excerpt":{"rendered":"<p>SAGUAYMIC PLUS COMPOSI\u00c7\u00c3O Cada 100 mL cont\u00e9m: Triclabendazole: 10,0 g Fenbendazole: 10,0 g Ve\u00edculo q.s.p.. 100,0 mL INDICA\u00c7\u00d5ES: Para o controle e<\/p>\n","protected":false},"featured_media":16793,"template":"","meta":{"_acf_changed":false},"product_brand":[962],"product_cat":[164,167],"product_tag":[992],"class_list":{"0":"post-16792","1":"product","2":"type-product","3":"status-publish","4":"has-post-thumbnail","6":"product_brand-microsules","7":"product_cat-bovinos-e-ovinos","8":"product_cat-vermifugos-e-carrapaticidas","9":"product_tag-microsules","11":"first","12":"instock","13":"purchasable","14":"product-type-simple"},"acf":[],"_links":{"self":[{"href":"https:\/\/vetsul.com\/index.php\/wp-json\/wp\/v2\/product\/16792","targetHints":{"allow":["GET"]}}],"collection":[{"href":"https:\/\/vetsul.com\/index.php\/wp-json\/wp\/v2\/product"}],"about":[{"href":"https:\/\/vetsul.com\/index.php\/wp-json\/wp\/v2\/types\/product"}],"wp:featuredmedia":[{"embeddable":true,"href":"https:\/\/vetsul.com\/index.php\/wp-json\/wp\/v2\/media\/16793"}],"wp:attachment":[{"href":"https:\/\/vetsul.com\/index.php\/wp-json\/wp\/v2\/media?parent=16792"}],"wp:term":[{"taxonomy":"product_brand","embeddable":true,"href":"https:\/\/vetsul.com\/index.php\/wp-json\/wp\/v2\/product_brand?post=16792"},{"taxonomy":"product_cat","embeddable":true,"href":"https:\/\/vetsul.com\/index.php\/wp-json\/wp\/v2\/product_cat?post=16792"},{"taxonomy":"product_tag","embeddable":true,"href":"https:\/\/vetsul.com\/index.php\/wp-json\/wp\/v2\/product_tag?post=16792"}],"curies":[{"name":"wp","href":"https:\/\/api.w.org\/{rel}","templated":true}]}}