{"id":16786,"date":"2018-01-09T09:55:43","date_gmt":"2018-01-09T11:55:43","guid":{"rendered":"http:\/\/35.194.95.18\/wp-admin\/?post_type=product&#038;p=16786"},"modified":"2025-08-11T15:41:11","modified_gmt":"2025-08-11T18:41:11","slug":"rubralan-5000-10ml","status":"publish","type":"product","link":"https:\/\/vetsul.com\/index.php\/product\/rubralan-5000-10ml\/","title":{"rendered":"RUBRALAN 5000 10ml"},"content":{"rendered":"<p class=\"MsoNormal\"><span style=\"font-size:14.0pt;mso-bidi-font-size:11.0pt;\nline-height:107{bad89740ab836af8afd78adf22d5854117f226b234e4f8ee83a0ac8d28f68ffc};font-family:&quot;Arial&quot;,sans-serif;color:#BF8F00;mso-themecolor:\naccent4;mso-themeshade:191\">RUBRALAN 5000<o:p><\/o:p><\/span><\/p>\n<p class=\"MsoNormal\"><span style=\"font-family:&quot;Arial&quot;,sans-serif\">RUBRALAN 5000,<br \/>\n\u00danico no mercado composto com Vitaminas do Complexo B, \u00e9 usado no preparo de<br \/>\nanimais que exigem grandes esfor\u00e7os f\u00edsicos. Indicado para uma r\u00e1pida<br \/>\nrecupera\u00e7\u00e3o de animais debilitados, al\u00e9m de auxiliar no tratamento de de<br \/>\nproblemas sangu\u00edneos e neuromusculares.<o:p><\/o:p><\/span><\/p>\n<p class=\"MsoNormal\"><span style=\"font-family:&quot;Arial&quot;,sans-serif\">MODO DE A\u00c7\u00c3O:<o:p><\/o:p><\/span><\/p>\n<p class=\"MsoNormal\"><span style=\"font-family:&quot;Arial&quot;,sans-serif\">RUBRALAN 5000 \u00e9<br \/>\numa associa\u00e7\u00e3o concentrada de vitaminas do complexo B, essenciais ao equil\u00edbrio<br \/>\nhematopoi\u00e9tico, manuten\u00e7\u00e3o do t\u00f4nus neuromuscular, bom desempenho f\u00edsico e<br \/>\norg\u00e2nico, normalmente em animais de competi\u00e7\u00e3o.<o:p><\/o:p><\/span><\/p>\n<p class=\"MsoNormal\"><span style=\"font-family:&quot;Arial&quot;,sans-serif\">A vitamina B12,<br \/>\npor sua parte, interv\u00e9m na forma\u00e7\u00e3o e matura\u00e7\u00e3o de gl\u00f3bulos vermelhos, t\u00e3o<br \/>\nfundamentais para os animais, do metabolismo prot\u00e9ico, glic\u00eddico e lip\u00eddico.<o:p><\/o:p><\/span><\/p>\n<p class=\"MsoNormal\"><span style=\"font-family:&quot;Arial&quot;,sans-serif\"><o:p>&nbsp;<\/o:p><\/span><\/p>\n<p class=\"MsoNormal\"><span style=\"font-family:&quot;Arial&quot;,sans-serif\">Tem a\u00e7\u00e3o<br \/>\nanalg\u00e9sica e neuroreguladora, provavelmente por sua atividade tr\u00f3fica sobre o<br \/>\nsistema nervoso e, uma certa capacidade desintoxicante que resulta em benef\u00edcio<br \/>\nnas intoxica\u00e7\u00f5es end\u00f3genas.<o:p><\/o:p><\/span><\/p>\n<p class=\"MsoNormal\"><span style=\"font-family:&quot;Arial&quot;,sans-serif\"><o:p>&nbsp;<\/o:p><\/span><\/p>\n<p class=\"MsoNormal\"><span style=\"font-family:&quot;Arial&quot;,sans-serif\">&nbsp;F\u00d3RMULA DO RUBRALAN 5000<o:p><\/o:p><\/span><\/p>\n<p class=\"MsoNormal\"><span style=\"font-family:&quot;Arial&quot;,sans-serif\">Cada 1 mL<br \/>\ncont\u00e9m:<o:p><\/o:p><\/span><\/p>\n<p class=\"MsoNormal\"><span style=\"font-family:&quot;Arial&quot;,sans-serif\">Vitamina B12<br \/>\n(Min): 5.000 mcg\/kg<o:p><\/o:p><\/span><\/p>\n<p class=\"MsoNormal\"><span style=\"font-family:&quot;Arial&quot;,sans-serif\">\u00c1gua Destilada<br \/>\nq.s.p.: 1&nbsp; mL<o:p><\/o:p><\/span><\/p>\n<p class=\"MsoNormal\"><span style=\"font-family:&quot;Arial&quot;,sans-serif\">Cada 4 mL<br \/>\ncont\u00e9m:<o:p><\/o:p><\/span><\/p>\n<p class=\"MsoNormal\"><span style=\"font-family:&quot;Arial&quot;,sans-serif\">Vitamina B1<br \/>\n(M\u00edn): 500 mg\/kg<o:p><\/o:p><\/span><\/p>\n<p class=\"MsoNormal\"><span style=\"font-family:&quot;Arial&quot;,sans-serif\">Vitamina B6<br \/>\n(Min): 150 mg\/kg<o:p><\/o:p><\/span><\/p>\n<p class=\"MsoNormal\"><span style=\"font-family:&quot;Arial&quot;,sans-serif\">\u00c1gua para<br \/>\ninjet\u00e1veis: 4 mL<o:p><\/o:p><\/span><\/p>\n<p class=\"MsoNormal\"><span style=\"font-family:&quot;Arial&quot;,sans-serif\">INDICA\u00c7\u00d5ES<br \/>\nPRINCIPAIS<o:p><\/o:p><\/span><\/p>\n<p class=\"MsoNormal\"><span style=\"font-family:&quot;Arial&quot;,sans-serif\">No tratamento<br \/>\ndas anemias perniciosas das mol\u00e9stias que causam anemia (piroplasmose,<br \/>\nanaplasmose e verminose). Nos estados car\u00eancias das vitaminas B1 e B12.<br \/>\nIndicado principalmente ap\u00f3s hemorragias e cirurgias. No tratamento das<br \/>\nnevralgias, algias em geral, perturba\u00e7\u00f5es neuromusculares inespec\u00edficas, anorexias<br \/>\ne polineurites.<o:p><\/o:p><\/span><\/p>\n<p class=\"MsoNormal\"><span style=\"font-family:&quot;Arial&quot;,sans-serif\">INDICA\u00c7\u00d5ES<br \/>\nCOMPLEMENTARES<o:p><\/o:p><\/span><\/p>\n<p class=\"MsoNormal\"><span style=\"font-family:&quot;Arial&quot;,sans-serif\">No tratamento<br \/>\ndas miopatias, paraplegias e fadigas musculares. Estimulante leucocit\u00e1rio. Em<br \/>\ntodos os desequil\u00edbrios hep\u00e1ticos, manuten\u00e7\u00e3o do t\u00f4nus neuromuscular, para um<br \/>\nbom desempenho f\u00edsico e org\u00e2nico, normalmente em animais de competi\u00e7\u00e3o.<o:p><\/o:p><\/span><\/p>\n<p class=\"MsoNormal\"><span style=\"font-family:&quot;Arial&quot;,sans-serif\">VIA DE<br \/>\nADMINISTRA\u00c7\u00c3O E MODO DE USAR:<o:p><\/o:p><\/span><\/p>\n<p class=\"MsoNormal\"><span style=\"font-family:&quot;Arial&quot;,sans-serif\">USO INTERNO \u2013<br \/>\nPARA APLICA\u00c7\u00c3O SUBCUT\u00c2NEA OU INTRAMUSCULAR<o:p><\/o:p><\/span><\/p>\n<p class=\"MsoNormal\"><span style=\"font-family:&quot;Arial&quot;,sans-serif\">POSOLOGIA<o:p><\/o:p><\/span><\/p>\n<p class=\"MsoNormal\"><span style=\"font-family:&quot;Arial&quot;,sans-serif\">Caninos e<br \/>\nfelinos\u2026\u2026\u20261 a 2 ml (em dias alternados).<o:p><\/o:p><\/span><\/p>\n<p class=\"MsoNormal\"><span style=\"font-family:&quot;Arial&quot;,sans-serif\">Ovinos, Su\u00ednos<br \/>\ne Bezerros\u2026\u2026..3 a 5 ml (diariamente)<o:p><\/o:p><\/span><\/p>\n<p class=\"MsoNormal\"><span style=\"font-family:&quot;Arial&quot;,sans-serif\">Bovinos e<br \/>\neq\u00fcinos adultos\u2026\u2026\u2026\u2026 5 ml (diariamente).<o:p><\/o:p><\/span><\/p>\n<p class=\"MsoNormal\"><span style=\"font-family:&quot;Arial&quot;,sans-serif\">Continuar o<br \/>\ntratamento por at\u00e9 10 dias u a crit\u00e9rio do M\u00e9dico Veterin\u00e1rio.<o:p><\/o:p><\/span><\/p>\n<p class=\"MsoNormal\"><span style=\"font-family:&quot;Arial&quot;,sans-serif\">Obs: As<br \/>\nposologias acima podem ser alteradas a crit\u00e9rio do M\u00e9dico Veterin\u00e1rio.<o:p><\/o:p><\/span><\/p>\n<p class=\"MsoNormal\"><span style=\"font-family:&quot;Arial&quot;,sans-serif\">CAR\u00caNCIA<o:p><\/o:p><\/span><\/p>\n<p class=\"MsoNormal\"><span style=\"font-family:&quot;Arial&quot;,sans-serif\">N\u00e3o apresenta<o:p><\/o:p><\/span><\/p>\n<p class=\"MsoNormal\"><span style=\"font-family:&quot;Arial&quot;,sans-serif\">APRESENTA\u00c7\u00d5ES<o:p><\/o:p><\/span><\/p>\n<\/p>\n<p class=\"MsoNormal\"><span style=\"font-family:&quot;Arial&quot;,sans-serif\">Frascos com 10<br \/>\ne 200 mL, Ampola de vitamina B12+Ampola vitaminas B6 e B12<o:p><\/o:p><\/span><\/p>\n","protected":false},"excerpt":{"rendered":"<p>RUBRALAN 5000 RUBRALAN 5000, \u00danico no mercado composto com Vitaminas do Complexo B, \u00e9 usado no preparo de animais que exigem grandes<\/p>\n","protected":false},"featured_media":16787,"template":"","meta":{"_acf_changed":false},"product_brand":[976],"product_cat":[164,163,173,178,182],"product_tag":[393,1020,1034],"class_list":{"0":"post-16786","1":"product","2":"type-product","3":"status-publish","4":"has-post-thumbnail","6":"product_brand-calbos","7":"product_cat-bovinos-e-ovinos","8":"product_cat-equinos","9":"product_cat-suplementos-e-vitaminas","10":"product_cat-suplementos-e-vitaminas-2","11":"product_cat-suplementos-e-vitaminas-3","12":"product_tag-b12","13":"product_tag-calbos","14":"product_tag-potenay","16":"first","17":"instock","18":"purchasable","19":"product-type-simple"},"acf":[],"_links":{"self":[{"href":"https:\/\/vetsul.com\/index.php\/wp-json\/wp\/v2\/product\/16786","targetHints":{"allow":["GET"]}}],"collection":[{"href":"https:\/\/vetsul.com\/index.php\/wp-json\/wp\/v2\/product"}],"about":[{"href":"https:\/\/vetsul.com\/index.php\/wp-json\/wp\/v2\/types\/product"}],"wp:featuredmedia":[{"embeddable":true,"href":"https:\/\/vetsul.com\/index.php\/wp-json\/wp\/v2\/media\/16787"}],"wp:attachment":[{"href":"https:\/\/vetsul.com\/index.php\/wp-json\/wp\/v2\/media?parent=16786"}],"wp:term":[{"taxonomy":"product_brand","embeddable":true,"href":"https:\/\/vetsul.com\/index.php\/wp-json\/wp\/v2\/product_brand?post=16786"},{"taxonomy":"product_cat","embeddable":true,"href":"https:\/\/vetsul.com\/index.php\/wp-json\/wp\/v2\/product_cat?post=16786"},{"taxonomy":"product_tag","embeddable":true,"href":"https:\/\/vetsul.com\/index.php\/wp-json\/wp\/v2\/product_tag?post=16786"}],"curies":[{"name":"wp","href":"https:\/\/api.w.org\/{rel}","templated":true}]}}