{"id":16782,"date":"2018-01-09T09:36:03","date_gmt":"2018-01-09T11:36:03","guid":{"rendered":"http:\/\/35.194.95.18\/wp-admin\/?post_type=product&#038;p=16782"},"modified":"2025-08-11T15:41:11","modified_gmt":"2025-08-11T18:41:11","slug":"ripercol-oral-1000-ml","status":"publish","type":"product","link":"https:\/\/vetsul.com\/index.php\/product\/ripercol-oral-1000-ml\/","title":{"rendered":"RIPERCOL ORAL &#8211; 1000 ML"},"content":{"rendered":"<h1 style=\"margin: 0cm 0cm 4.5pt; background-image: initial; background-position: initial; background-size: initial; background-repeat: initial; background-attachment: initial; background-origin: initial; background-clip: initial;\"><span style=\"font-size:15.0pt;line-height:107{bad89740ab836af8afd78adf22d5854117f226b234e4f8ee83a0ac8d28f68ffc};\nfont-family:&quot;Arial&quot;,sans-serif;color:#BF8F00;mso-themecolor:accent4;mso-themeshade:\n191;text-transform:uppercase\">RIPERCOL ORAL &#8211; 1000 ML<o:p><\/o:p><\/span><\/h1>\n<p class=\"MsoNormal\"><span style=\"font-family:&quot;Arial&quot;,sans-serif\">F\u00f3rmula:<o:p><\/o:p><\/span><\/p>\n<p class=\"MsoNormal\"><span style=\"font-family:&quot;Arial&quot;,sans-serif\"><o:p>&nbsp;<\/o:p><\/span><\/p>\n<p class=\"MsoNormal\"><span style=\"font-family:&quot;Arial&quot;,sans-serif\">Cada 100 ml<br \/>\ncont\u00e9m:<o:p><\/o:p><\/span><\/p>\n<p class=\"MsoNormal\"><span style=\"font-family:&quot;Arial&quot;,sans-serif\">Cloridrato de<br \/>\nLevamisol<br \/>\n&#8230;&#8230;&#8230;&#8230;&#8230;&#8230;&#8230;&#8230;&#8230;&#8230;&#8230;&#8230;&#8230;&#8230;&#8230;&#8230;&#8230;&#8230;&#8230;&#8230;&#8230;&#8230;&#8230;&#8230;&#8230;&#8230;&#8230;&#8230;.5<br \/>\ng<o:p><\/o:p><\/span><\/p>\n<p class=\"MsoNormal\"><span style=\"font-family:&quot;Arial&quot;,sans-serif\">Veiculo q.s.p.<br \/>\n&#8230;&#8230;&#8230;&#8230;&#8230;&#8230;&#8230;&#8230;&#8230;&#8230;&#8230;&#8230;&#8230;&#8230;&#8230;&#8230;&#8230;&#8230;&#8230;&#8230;&#8230;&#8230;&#8230;&#8230;&#8230;&#8230;&#8230;&#8230;&#8230;&#8230;&#8230;&#8230;100<br \/>\nml<o:p><\/o:p><\/span><\/p>\n<p class=\"MsoNormal\"><span style=\"font-family:&quot;Arial&quot;,sans-serif\"><o:p>&nbsp;<\/o:p><\/span><\/p>\n<p class=\"MsoNormal\"><span style=\"font-family:&quot;Arial&quot;,sans-serif\">Indica\u00e7\u00f5es:<o:p><\/o:p><\/span><\/p>\n<p class=\"MsoNormal\"><span style=\"font-family:&quot;Arial&quot;,sans-serif\"><o:p>&nbsp;<\/o:p><\/span><\/p>\n<p class=\"MsoNormal\"><span style=\"font-family:&quot;Arial&quot;,sans-serif\">RIPERCOL*L<br \/>\nSOLU\u00c7\u00c3O, pronto para uso, como antelm\u00edntico, \u00e9 indicado para o tratamento das<br \/>\nverminoses gastrintestinais e pulmonares dos animais dom\u00e9sticos, especialmente<br \/>\ndas seguintes esp\u00e9cies.<o:p><\/o:p><\/span><\/p>\n<p class=\"MsoNormal\"><span style=\"font-family:&quot;Arial&quot;,sans-serif\"><o:p>&nbsp;<\/o:p><\/span><\/p>\n<p class=\"MsoNormal\"><span style=\"font-family:&quot;Arial&quot;,sans-serif\">Bovinos:<br \/>\nHaemonchus spp., Trichostrongylus spp., Ostertagia spp., Cooperia spp.,<br \/>\nNematodirus spp., Bunostomum phlebotomum, Neoascarls vitulorum, Oesophagostomum<br \/>\nradiatum, Chabertia spp., Dictyocaulus viviparus (verme do pulm\u00e3o).<o:p><\/o:p><\/span><\/p>\n<p class=\"MsoNormal\"><span style=\"font-family:&quot;Arial&quot;,sans-serif\"><o:p>&nbsp;<\/o:p><\/span><\/p>\n<p class=\"MsoNormal\"><span style=\"font-family:&quot;Arial&quot;,sans-serif\">Ovinos:<br \/>\nHaemonchus spp., Trichostrongylus spp., Ostertagia spp., Cooperia spp.,<br \/>\nNematodirus spp., Bunostomum spp., Oesophagostomum columbianum, Chabertia<br \/>\novina, Dictyocautus filaria (verme do pulm\u00e3o).<o:p><\/o:p><\/span><\/p>\n<p class=\"MsoNormal\"><span style=\"font-family:&quot;Arial&quot;,sans-serif\"><o:p>&nbsp;<\/o:p><\/span><\/p>\n<p class=\"MsoNormal\"><span style=\"font-family:&quot;Arial&quot;,sans-serif\">Su\u00ednos: Ascaris<br \/>\nsuum, Oesophagostomum spp., Hyostrongylus spp., Strongyloides spp. e<br \/>\nMetastrongylus spp. (verme do pulm\u00e3o).<o:p><\/o:p><\/span><\/p>\n<p class=\"MsoNormal\"><span style=\"font-family:&quot;Arial&quot;,sans-serif\"><o:p>&nbsp;<\/o:p><\/span><\/p>\n<p class=\"MsoNormal\"><span style=\"font-family:&quot;Arial&quot;,sans-serif\">RIPERCOL*L<br \/>\nSOLU\u00c7\u00c3O, pronto para uso, como imunoestimulante inespec\u00edfico, restaura a plena<br \/>\nfun\u00e7\u00e3o dos linf\u00f3citos-T e dos fag\u00f3citos, c\u00e9lulas envolvidas na resposta<br \/>\nimunit\u00e1ria a n\u00edvel celular, quando aplicado durante as vacina\u00e7\u00f5es rotineiras.<o:p><\/o:p><\/span><\/p>\n<p class=\"MsoNormal\"><span style=\"font-family:&quot;Arial&quot;,sans-serif\">&nbsp;<o:p><\/o:p><\/span><\/p>\n<p class=\"MsoNormal\"><span style=\"font-family:&quot;Arial&quot;,sans-serif\"><o:p>&nbsp;<\/o:p><\/span><\/p>\n<p class=\"MsoNormal\"><span style=\"font-family:&quot;Arial&quot;,sans-serif\">Dosagem:<o:p><\/o:p><\/span><\/p>\n<p class=\"MsoNormal\"><span style=\"font-family:&quot;Arial&quot;,sans-serif\"><o:p>&nbsp;<\/o:p><\/span><\/p>\n<p class=\"MsoNormal\"><span style=\"font-family:&quot;Arial&quot;,sans-serif\">Bovinos, Ovinos<br \/>\ne Su\u00ednos:<o:p><\/o:p><\/span><\/p>\n<p class=\"MsoNormal\"><span style=\"font-family:&quot;Arial&quot;,sans-serif\">A dosagem<br \/>\nantelmintica \u00e9 id\u00eantica a dosagem imunoestimulante inespec\u00edfica.<o:p><\/o:p><\/span><\/p>\n<p class=\"MsoNormal\"><span style=\"font-family:&quot;Arial&quot;,sans-serif\">A dose<br \/>\nrecomendada \u00e9 de 1 ml de RIPERCOL*L SOLU\u00c7\u00c3O para cada 10 kg de peso corporal,<br \/>\ncorrespondendo a 5 mg de Cloridrato de Levamisol p\/kg de peso corporal.<o:p><\/o:p><\/span><\/p>\n<p class=\"MsoNormal\"><span style=\"font-family:&quot;Arial&quot;,sans-serif\">Use a tabela<br \/>\nabaixo como auxilio para determina\u00e7\u00e3o do volume a aplicar.<o:p><\/o:p><\/span><\/p>\n<p class=\"MsoNormal\"><span style=\"font-family:&quot;Arial&quot;,sans-serif\"><o:p>&nbsp;<\/o:p><\/span><\/p>\n<p class=\"MsoNormal\"><span style=\"font-family:&quot;Arial&quot;,sans-serif\">VOLUME<br \/>\nRIPERCOL*L VOLUME RIPERCOL*L<o:p><\/o:p><\/span><\/p>\n<p class=\"MsoNormal\"><span style=\"font-family:&quot;Arial&quot;,sans-serif\">PESO DO ANIMAL<br \/>\nSOLU\u00c7\u00c3O PESO ANIMAL SOLU\u00c7\u00c3O<o:p><\/o:p><\/span><\/p>\n<p class=\"MsoNormal\"><span style=\"font-family:&quot;Arial&quot;,sans-serif\"><o:p>&nbsp;<\/o:p><\/span><\/p>\n<p class=\"MsoNormal\"><span style=\"font-family:&quot;Arial&quot;,sans-serif\">10 a 15 kg 1 a<br \/>\n1,5 ml 101 a 160 kg 10 a 15 ml<o:p><\/o:p><\/span><\/p>\n<p class=\"MsoNormal\"><span style=\"font-family:&quot;Arial&quot;,sans-serif\">16 a 20 kg 1,5<br \/>\na 2 ml 161 a 200 kg 15 a 20 ml<o:p><\/o:p><\/span><\/p>\n<p class=\"MsoNormal\"><span style=\"font-family:&quot;Arial&quot;,sans-serif\">21 a 30 kg 2 a<br \/>\n3 ml 201 a 250 kg 20 a 25 ml<o:p><\/o:p><\/span><\/p>\n<p class=\"MsoNormal\"><span style=\"font-family:&quot;Arial&quot;,sans-serif\">31 a 40 kg 3 a<br \/>\n4 ml 251 a 300 kg 25 a 30 ml<o:p><\/o:p><\/span><\/p>\n<p class=\"MsoNormal\"><span style=\"font-family:&quot;Arial&quot;,sans-serif\">41 a 50 kg 4 a<br \/>\n5 ml Acima de 300 kg 1 ml\/10 kg de peso<o:p><\/o:p><\/span><\/p>\n<p class=\"MsoNormal\"><span style=\"font-family:&quot;Arial&quot;,sans-serif\">51 a 100 kg 5 a<br \/>\n10 ml corporal.<o:p><\/o:p><\/span><\/p>\n<p class=\"MsoNormal\"><span style=\"font-family:&quot;Arial&quot;,sans-serif\"><o:p>&nbsp;<\/o:p><\/span><\/p>\n<p class=\"MsoNormal\"><span style=\"font-family:&quot;Arial&quot;,sans-serif\">No caso de<br \/>\nInfesta\u00e7\u00e3o alta por Trichostrongytus e Ostertagia, dobrar a dose.<o:p><\/o:p><\/span><\/p>\n<p class=\"MsoNormal\"><span style=\"font-family:&quot;Arial&quot;,sans-serif\"><o:p>&nbsp;<\/o:p><\/span><\/p>\n<p class=\"MsoNormal\"><span style=\"font-family:&quot;Arial&quot;,sans-serif\">Aves:<o:p><\/o:p><\/span><\/p>\n<p class=\"MsoNormal\"><span style=\"font-family:&quot;Arial&quot;,sans-serif\">Dosagem<br \/>\nantelmintica:<o:p><\/o:p><\/span><\/p>\n<p class=\"MsoNormal\"><span style=\"font-family:&quot;Arial&quot;,sans-serif\">A dosagem<br \/>\nrecomendada \u00e9 de 15 mg\/kg de peso corporal e deve ser administrada atrav\u00e9s da<br \/>\n\u00e1gua de bebida de acordo com a tabela abaixo, para combater Ascaridia, Syngamus<br \/>\ne Heterakis. No caso de Capillaria, recomenda-se 30 mg\/kg de peso corporal.<o:p><\/o:p><\/span><\/p>\n<p class=\"MsoNormal\"><span style=\"font-family:&quot;Arial&quot;,sans-serif\">RIPERTOL*L<br \/>\nSOLU\u00c7\u00c3O pronto para uso deve ser administrado juntando-o a \u00e1gua de bebida<br \/>\nprevista para consumo na parte da manh\u00e3. Ap\u00f3s o consumo da \u00e1gua medicada, volte<br \/>\na fornecer \u00e1gua normalmente.<o:p><\/o:p><\/span><\/p>\n<p class=\"MsoNormal\"><span style=\"font-family:&quot;Arial&quot;,sans-serif\">Use a tabela<br \/>\nabaixo como auxilio na quantidade a aplicar:<o:p><\/o:p><\/span><\/p>\n<p class=\"MsoNormal\"><span style=\"font-family:&quot;Arial&quot;,sans-serif\"><o:p>&nbsp;<\/o:p><\/span><\/p>\n<p class=\"MsoNormal\"><span style=\"font-family:&quot;Arial&quot;,sans-serif\">Peso da ave<br \/>\nQuantidade de RIPERCOL*L SOLU\u00c7\u00c3O para 1000 aves<o:p><\/o:p><\/span><\/p>\n<p class=\"MsoNormal\"><span lang=\"EN-US\" style=\"font-family:&quot;Arial&quot;,sans-serif;\nmso-ansi-language:EN-US\">1 kg 300 ml<o:p><\/o:p><\/span><\/p>\n<p class=\"MsoNormal\"><span lang=\"EN-US\" style=\"font-family:&quot;Arial&quot;,sans-serif;\nmso-ansi-language:EN-US\">1,5 kg 450 ml<o:p><\/o:p><\/span><\/p>\n<p class=\"MsoNormal\"><span lang=\"EN-US\" style=\"font-family:&quot;Arial&quot;,sans-serif;\nmso-ansi-language:EN-US\">2 kg 600 ml<o:p><\/o:p><\/span><\/p>\n<p class=\"MsoNormal\"><span lang=\"EN-US\" style=\"font-family:&quot;Arial&quot;,sans-serif;\nmso-ansi-language:EN-US\"><o:p>&nbsp;<\/o:p><\/span><\/p>\n<p class=\"MsoNormal\"><span style=\"font-family:&quot;Arial&quot;,sans-serif\">Dosagem<br \/>\nimunoest\u00edmulante inespecifica:<o:p><\/o:p><\/span><\/p>\n<p class=\"MsoNormal\"><span style=\"font-family:&quot;Arial&quot;,sans-serif\">A dosagem<br \/>\nimunoestimulante \u00e9 de 10 mg\/kg de peso vivo, RIPERCOL*L SOLU\u00c7\u00c3O, pronto para<br \/>\nuso deve ser administrado juntando-o \u00e0 \u00e1gua de bebida prevista para o consumo<br \/>\nna parte da manh\u00e3. Ap\u00f3s o consumo da \u00e1gua medicada, volte a fornecer \u00e1gua<br \/>\nnormalmente.<o:p><\/o:p><\/span><\/p>\n<p class=\"MsoNormal\"><span style=\"font-family:&quot;Arial&quot;,sans-serif\">Use a tabela<br \/>\nseguinte 24 horas ap\u00f3s as vacina\u00e7\u00f5es rotineiras, como orienta\u00e7\u00e3o do volume a<br \/>\naplicar:<o:p><\/o:p><\/span><\/p>\n<p class=\"MsoNormal\"><span style=\"font-family:&quot;Arial&quot;,sans-serif\"><o:p>&nbsp;<\/o:p><\/span><\/p>\n<p class=\"MsoNormal\"><span style=\"font-family:&quot;Arial&quot;,sans-serif\">PESO DA AVE<br \/>\nQUANTIDADE DE RIPERCOL*L SOLU\u00c7\u00c3O PARA 1000 AVES<o:p><\/o:p><\/span><\/p>\n<p class=\"MsoNormal\"><span style=\"font-family:&quot;Arial&quot;,sans-serif\"><o:p>&nbsp;<\/o:p><\/span><\/p>\n<p class=\"MsoNormal\"><span lang=\"EN-US\" style=\"font-family:&quot;Arial&quot;,sans-serif;\nmso-ansi-language:EN-US\">100 g 20 ml<o:p><\/o:p><\/span><\/p>\n<p class=\"MsoNormal\"><span lang=\"EN-US\" style=\"font-family:&quot;Arial&quot;,sans-serif;\nmso-ansi-language:EN-US\">500 g 100 ml<o:p><\/o:p><\/span><\/p>\n<p class=\"MsoNormal\"><span lang=\"EN-US\" style=\"font-family:&quot;Arial&quot;,sans-serif;\nmso-ansi-language:EN-US\">1 kg 200 ml<o:p><\/o:p><\/span><\/p>\n<p class=\"MsoNormal\"><span lang=\"EN-US\" style=\"font-family:&quot;Arial&quot;,sans-serif;\nmso-ansi-language:EN-US\">1,5 kg 300 ml<o:p><\/o:p><\/span><\/p>\n<p class=\"MsoNormal\"><span lang=\"EN-US\" style=\"font-family:&quot;Arial&quot;,sans-serif;\nmso-ansi-language:EN-US\">2 kg 400 ml<o:p><\/o:p><\/span><\/p>\n<p class=\"MsoNormal\"><span lang=\"EN-US\" style=\"font-family:&quot;Arial&quot;,sans-serif;\nmso-ansi-language:EN-US\"><o:p>&nbsp;<\/o:p><\/span><\/p>\n<p class=\"MsoNormal\"><span lang=\"EN-US\" style=\"font-family:&quot;Arial&quot;,sans-serif;\nmso-ansi-language:EN-US\">&nbsp;<o:p><\/o:p><\/span><\/p>\n<p class=\"MsoNormal\"><span lang=\"EN-US\" style=\"font-family:&quot;Arial&quot;,sans-serif;\nmso-ansi-language:EN-US\"><o:p>&nbsp;<\/o:p><\/span><\/p>\n<p class=\"MsoNormal\"><span style=\"font-family:&quot;Arial&quot;,sans-serif\">Administra\u00e7\u00e3o:<o:p><\/o:p><\/span><\/p>\n<p class=\"MsoNormal\"><span style=\"font-family:&quot;Arial&quot;,sans-serif\">Aplicar o<br \/>\nproduto na dose adequada, diretamente na boca do animal, usando pistola<br \/>\ndosificadora ou outro medidor apropriado.<o:p><\/o:p><\/span><\/p>\n<p class=\"MsoNormal\"><span style=\"font-family:&quot;Arial&quot;,sans-serif\"><o:p>&nbsp;<\/o:p><\/span><\/p>\n<p class=\"MsoNormal\"><span style=\"font-family:&quot;Arial&quot;,sans-serif\">Precau\u00e7\u00f5es:<o:p><\/o:p><\/span><\/p>\n<p class=\"MsoNormal\"><span style=\"font-family:&quot;Arial&quot;,sans-serif\">Mantenha o<br \/>\nproduto em lugar seco e fresco, ao abrigo da luz solar.<o:p><\/o:p><\/span><\/p>\n<p class=\"MsoNormal\"><span style=\"font-family:&quot;Arial&quot;,sans-serif\"><o:p>&nbsp;<\/o:p><\/span><\/p>\n<p class=\"MsoNormal\"><span style=\"font-family:&quot;Arial&quot;,sans-serif\">Apresenta\u00e7\u00e3o:<o:p><\/o:p><\/span><\/p>\n<p class=\"MsoNormal\"><span style=\"font-family:&quot;Arial&quot;,sans-serif\">Conte\u00fado: 1<br \/>\nlitro<o:p><\/o:p><\/span><\/p>\n<p class=\"MsoNormal\"><span style=\"font-family:&quot;Arial&quot;,sans-serif\"><o:p>&nbsp;<\/o:p><\/span><\/p>\n<p class=\"MsoNormal\"><span style=\"font-family:&quot;Arial&quot;,sans-serif\">Classe<br \/>\nTerap\u00eautica:<o:p><\/o:p><\/span><\/p>\n<p class=\"MsoNormal\"><span style=\"font-family:&quot;Arial&quot;,sans-serif\">ENDOPARASITICIDAS<br \/>\n(ANTI-PARASIT\u00c1RIOS)<o:p><\/o:p><\/span><\/p>\n<p class=\"MsoNormal\"><span style=\"font-family:&quot;Arial&quot;,sans-serif\"><o:p>&nbsp;<\/o:p><\/span><\/p>\n<p class=\"MsoNormal\"><span style=\"font-family:&quot;Arial&quot;,sans-serif\">Princ\u00edpio(s)<br \/>\nAtivo(s):<o:p><\/o:p><\/span><\/p>\n<p class=\"MsoNormal\"><span style=\"font-family:&quot;Arial&quot;,sans-serif\">OUTROS<o:p><\/o:p><\/span><\/p>\n<p class=\"MsoNormal\"><span style=\"font-family:&quot;Arial&quot;,sans-serif\"><o:p>&nbsp;<\/o:p><\/span><\/p>\n<p class=\"MsoNormal\"><span style=\"font-family:&quot;Arial&quot;,sans-serif\">Registro no<br \/>\nMinist\u00e9rio da Agricultura, Pecu\u00e1ria e Abastecimento:<o:p><\/o:p><\/span><\/p>\n<p class=\"MsoNormal\"><span style=\"font-family:&quot;Arial&quot;,sans-serif\">0533\/77<o:p><\/o:p><\/span><\/p>\n<p class=\"MsoNormal\"><span style=\"font-family:&quot;Arial&quot;,sans-serif\"><o:p>&nbsp;<\/o:p><\/span><\/p>\n<p class=\"MsoNormal\"><span style=\"font-family:&quot;Arial&quot;,sans-serif\">Respons\u00e1vel<br \/>\nT\u00e9cnico:<o:p><\/o:p><\/span><\/p>\n<\/p>\n<p class=\"MsoNormal\"><span style=\"font-family:&quot;Arial&quot;,sans-serif\">Christopher<br \/>\nRoger White &#8211; CRMV: CRMV-SP n\u00ba 8473.<o:p><\/o:p><\/span><\/p>\n","protected":false},"excerpt":{"rendered":"<p>RIPERCOL ORAL &#8211; 1000 ML F\u00f3rmula: &nbsp; Cada 100 ml cont\u00e9m: Cloridrato de Levamisol &#8230;&#8230;&#8230;&#8230;&#8230;&#8230;&#8230;&#8230;&#8230;&#8230;&#8230;&#8230;&#8230;&#8230;&#8230;&#8230;&#8230;&#8230;&#8230;&#8230;&#8230;&#8230;&#8230;&#8230;&#8230;&#8230;&#8230;&#8230;.5 g Veiculo q.s.p. &#8230;&#8230;&#8230;&#8230;&#8230;&#8230;&#8230;&#8230;&#8230;&#8230;&#8230;&#8230;&#8230;&#8230;&#8230;&#8230;&#8230;&#8230;&#8230;&#8230;&#8230;&#8230;&#8230;&#8230;&#8230;&#8230;&#8230;&#8230;&#8230;&#8230;&#8230;&#8230;100 ml &nbsp; Indica\u00e7\u00f5es:<\/p>\n","protected":false},"featured_media":16783,"template":"","meta":{"_acf_changed":false},"product_brand":[970],"product_cat":[167],"product_tag":[267,822],"class_list":{"0":"post-16782","1":"product","2":"type-product","3":"status-publish","4":"has-post-thumbnail","6":"product_brand-zoetis","7":"product_cat-vermifugos-e-carrapaticidas","8":"product_tag-vermifugo","9":"product_tag-zoetis","11":"first","12":"instock","13":"purchasable","14":"product-type-simple"},"acf":[],"_links":{"self":[{"href":"https:\/\/vetsul.com\/index.php\/wp-json\/wp\/v2\/product\/16782","targetHints":{"allow":["GET"]}}],"collection":[{"href":"https:\/\/vetsul.com\/index.php\/wp-json\/wp\/v2\/product"}],"about":[{"href":"https:\/\/vetsul.com\/index.php\/wp-json\/wp\/v2\/types\/product"}],"wp:featuredmedia":[{"embeddable":true,"href":"https:\/\/vetsul.com\/index.php\/wp-json\/wp\/v2\/media\/16783"}],"wp:attachment":[{"href":"https:\/\/vetsul.com\/index.php\/wp-json\/wp\/v2\/media?parent=16782"}],"wp:term":[{"taxonomy":"product_brand","embeddable":true,"href":"https:\/\/vetsul.com\/index.php\/wp-json\/wp\/v2\/product_brand?post=16782"},{"taxonomy":"product_cat","embeddable":true,"href":"https:\/\/vetsul.com\/index.php\/wp-json\/wp\/v2\/product_cat?post=16782"},{"taxonomy":"product_tag","embeddable":true,"href":"https:\/\/vetsul.com\/index.php\/wp-json\/wp\/v2\/product_tag?post=16782"}],"curies":[{"name":"wp","href":"https:\/\/api.w.org\/{rel}","templated":true}]}}