{"id":16778,"date":"2018-01-09T09:28:29","date_gmt":"2018-01-09T11:28:29","guid":{"rendered":"http:\/\/35.194.95.18\/wp-admin\/?post_type=product&#038;p=16778"},"modified":"2025-02-07T16:00:20","modified_gmt":"2025-02-07T19:00:20","slug":"ringer-com-lactato-01lt","status":"publish","type":"product","link":"https:\/\/vetsul.com\/index.php\/product\/ringer-com-lactato-01lt\/","title":{"rendered":"Ringer com Lactato 01lt"},"content":{"rendered":"<h3 style=\"margin-top: 0cm; line-height: 22.5pt; vertical-align: baseline;\"><span style=\"font-size: 17.5pt; font-family: 'Arial',sans-serif; color: #bf8f00; mso-themecolor: accent4; mso-themeshade: 191; letter-spacing: -.75pt;\">Ringer com<br \/>\nLactato<\/span><\/h3>\n<p style=\"margin: 0cm; margin-bottom: .0001pt; line-height: 18.75pt; vertical-align: baseline;\"><span style=\"font-size: 10.5pt; color: #515151;\">Solu\u00e7\u00e3o injet\u00e1vel de cloreto de s\u00f3dio + cloreto de pot\u00e1ssio +<br \/>\ncloreto de c\u00e1lcio + lactato de s\u00f3dio.<\/span><\/p>\n<p style=\"margin: 0cm; margin-bottom: .0001pt; line-height: 18.75pt; vertical-align: baseline;\"><span style=\"font-size: 10.5pt; color: #515151;\">\u00a0<\/span><\/p>\n<p style=\"margin: 0cm; margin-bottom: .0001pt; line-height: 18.75pt; vertical-align: baseline;\"><strong><span style=\"font-size: 10.5pt; color: #515151; border: 1pt none windowtext; padding: 0cm;\">Apresenta\u00e7\u00f5es:<\/span><\/strong><span style=\"font-size: 10.5pt; color: #515151;\">\u00a0 500 mL e 1 L<\/span><\/p>\n<p style=\"margin: 0cm; margin-bottom: .0001pt; line-height: 18.75pt; vertical-align: baseline;\"><span style=\"font-size: 10.5pt; color: #515151;\">\u00a0<\/span><\/p>\n<p style=\"margin: 0cm; margin-bottom: .0001pt; line-height: 18.75pt; vertical-align: baseline;\"><strong><span style=\"font-size: 10.5pt; color: #515151; border: 1pt none windowtext; padding: 0cm;\">Registro MS:<\/span><\/strong><span style=\"font-size: 10.5pt; color: #515151;\">\u00a01.0491.0061<\/span><\/p>\n<p style=\"margin: 0cm; margin-bottom: .0001pt; line-height: 18.75pt; vertical-align: baseline;\"><span style=\"font-size: 10.5pt; color: #515151;\">\u00a0<\/span><\/p>\n<p style=\"margin: 0cm; margin-bottom: .0001pt; line-height: 18.75pt; vertical-align: baseline;\"><strong><span style=\"font-size: 10.5pt; color: #515151; border: 1pt none windowtext; padding: 0cm;\">Indica\u00e7\u00f5es:<\/span><\/strong><span style=\"font-size: 10.5pt; color: #515151;\"><br \/>\nReidrata\u00e7\u00e3o e restabelecimento do equil\u00edbrio hidroeletrol\u00edtico, quando h\u00e1 perda<br \/>\nde l\u00edquidos e de \u00edons cloreto, s\u00f3dio, pot\u00e1ssio e c\u00e1lcio. Profilaxia e<br \/>\ntratamento da acidose metab\u00f3lica.<\/span><\/p>\n<p style=\"margin: 0cm; margin-bottom: .0001pt; line-height: 18.75pt; vertical-align: baseline;\"><span style=\"font-size: 10.5pt; color: #515151;\">\u00a0<\/span><\/p>\n<p style=\"margin: 0cm; margin-bottom: .0001pt; line-height: 18.75pt; vertical-align: baseline;\"><strong><span style=\"font-size: 10.5pt; color: #515151; border: 1pt none windowtext; padding: 0cm;\">Contra-indica\u00e7\u00f5es:<\/span><\/strong><span style=\"font-size: 10.5pt; color: #515151;\"><br \/>\nA solu\u00e7\u00e3o de Ringer com lactato \u00e9 contra indicada para pacientes com acidose<br \/>\nl\u00e1ctica, alcalose metab\u00f3lica, hipernatremia, hipercalcemia, hiperpotassemia<br \/>\n(hipercalemia), hipercloremia e les\u00e3o dos hepat\u00f3citos com anormalidade do<br \/>\nmetabolismo de lactato e pacientes com insufici\u00eancia renal e ou card\u00edaca.<\/span><\/p>\n","protected":false},"excerpt":{"rendered":"<p>Ringer com Lactato Solu\u00e7\u00e3o injet\u00e1vel de cloreto de s\u00f3dio + cloreto de pot\u00e1ssio + cloreto de c\u00e1lcio + lactato de s\u00f3dio. \u00a0<\/p>\n","protected":false},"featured_media":18242,"template":"","meta":{"_acf_changed":false},"product_brand":[],"product_cat":[173,178,182],"product_tag":[1157,1155,1156],"class_list":{"0":"post-16778","1":"product","2":"type-product","3":"status-publish","4":"has-post-thumbnail","6":"product_cat-suplementos-e-vitaminas","7":"product_cat-suplementos-e-vitaminas-2","8":"product_cat-suplementos-e-vitaminas-3","9":"product_tag-soro","10":"product_tag-soro-branco","11":"product_tag-soro-ringuer","13":"first","14":"instock","15":"purchasable","16":"product-type-simple"},"acf":[],"_links":{"self":[{"href":"https:\/\/vetsul.com\/index.php\/wp-json\/wp\/v2\/product\/16778","targetHints":{"allow":["GET"]}}],"collection":[{"href":"https:\/\/vetsul.com\/index.php\/wp-json\/wp\/v2\/product"}],"about":[{"href":"https:\/\/vetsul.com\/index.php\/wp-json\/wp\/v2\/types\/product"}],"wp:featuredmedia":[{"embeddable":true,"href":"https:\/\/vetsul.com\/index.php\/wp-json\/wp\/v2\/media\/18242"}],"wp:attachment":[{"href":"https:\/\/vetsul.com\/index.php\/wp-json\/wp\/v2\/media?parent=16778"}],"wp:term":[{"taxonomy":"product_brand","embeddable":true,"href":"https:\/\/vetsul.com\/index.php\/wp-json\/wp\/v2\/product_brand?post=16778"},{"taxonomy":"product_cat","embeddable":true,"href":"https:\/\/vetsul.com\/index.php\/wp-json\/wp\/v2\/product_cat?post=16778"},{"taxonomy":"product_tag","embeddable":true,"href":"https:\/\/vetsul.com\/index.php\/wp-json\/wp\/v2\/product_tag?post=16778"}],"curies":[{"name":"wp","href":"https:\/\/api.w.org\/{rel}","templated":true}]}}