{"id":16770,"date":"2018-01-09T09:09:16","date_gmt":"2018-01-09T11:09:16","guid":{"rendered":"http:\/\/35.194.95.18\/wp-admin\/?post_type=product&#038;p=16770"},"modified":"2025-04-12T09:40:19","modified_gmt":"2025-04-12T12:40:19","slug":"red-cell-946ml","status":"publish","type":"product","link":"https:\/\/vetsul.com\/index.php\/product\/red-cell-946ml\/","title":{"rendered":"RED CELL 946ml"},"content":{"rendered":"<p class=\"MsoNormal\"><span style=\"font-size: 12.0pt; line-height: 107{bad89740ab836af8afd78adf22d5854117f226b234e4f8ee83a0ac8d28f68ffc}; font-family: 'Arial',sans-serif;\">Red Cell \u00e9 indicado como suplemento vitam\u00ednico mineral para<br \/>\ncavalos de esporte.<\/span><\/p>\n<p class=\"MsoNormal\"><span style=\"font-size: 12.0pt; line-height: 107{bad89740ab836af8afd78adf22d5854117f226b234e4f8ee83a0ac8d28f68ffc}; font-family: 'Arial',sans-serif;\">\u00a0<\/span><\/p>\n<p class=\"MsoNormal\"><span style=\"font-size: 12.0pt; line-height: 107{bad89740ab836af8afd78adf22d5854117f226b234e4f8ee83a0ac8d28f68ffc}; font-family: 'Arial',sans-serif;\">Modo de Usar:<\/span><\/p>\n<p class=\"MsoNormal\"><span style=\"font-size: 12.0pt; line-height: 107{bad89740ab836af8afd78adf22d5854117f226b234e4f8ee83a0ac8d28f68ffc}; font-family: 'Arial',sans-serif;\">Fornecer diariamente 30 ml do Red Cell misturado \u00e0 ra\u00e7\u00e3o,<br \/>\nconforme orienta\u00e7\u00e3o de um profissional de sua confian\u00e7a.<\/span><\/p>\n<p class=\"MsoNormal\"><span style=\"font-size: 12.0pt; line-height: 107{bad89740ab836af8afd78adf22d5854117f226b234e4f8ee83a0ac8d28f68ffc}; font-family: 'Arial',sans-serif;\">Importante: A suplementa\u00e7\u00e3o de sel\u00eanio n\u00e3o deve ser<br \/>\nsuperior a 0,3ppm na ra\u00e7\u00e3o b\u00e1sica. Este suplemento n\u00e3o dever\u00e1 ser oferecido a<br \/>\nanimais sens\u00edveis ao cobre, tais como ovelhas.<\/span><\/p>\n<p style=\"margin: 0cm 0cm 7.5pt 0cm;\"><span style=\"font-family: 'Arial',sans-serif;\">VITAMINA A<\/span><\/p>\n<p style=\"margin: 0cm 0cm 7.5pt 0cm;\"><span style=\"font-family: 'Arial',sans-serif;\">VITAMINA B1<\/span><\/p>\n<p style=\"margin: 0cm 0cm 7.5pt 0cm;\"><span style=\"font-family: 'Arial',sans-serif;\">VITAMINA B12 (CIANOCOBALAMINA)<\/span><\/p>\n<p style=\"margin: 0cm 0cm 7.5pt 0cm;\"><span style=\"font-family: 'Arial',sans-serif;\">MAGN\u00c9SIO<\/span><\/p>\n<p style=\"margin: 0cm 0cm 7.5pt 0cm;\"><span style=\"font-family: 'Arial',sans-serif;\">MANGAN\u00caS<\/span><\/p>\n<p style=\"margin: 0cm 0cm 7.5pt 0cm;\"><span style=\"font-family: 'Arial',sans-serif;\">FERRO<\/span><\/p>\n<p style=\"margin: 0cm 0cm 7.5pt 0cm;\"><span style=\"font-family: 'Arial',sans-serif;\">ENX\u00d4FRE<\/span><\/p>\n<p style=\"margin: 0cm 0cm 7.5pt 0cm;\"><span style=\"font-family: 'Arial',sans-serif;\">IODO<\/span><\/p>\n<p style=\"margin: 0cm 0cm 7.5pt 0cm;\"><span style=\"font-family: 'Arial',sans-serif;\">SEL\u00caNIO<\/span><\/p>\n<p style=\"margin: 0cm 0cm 7.5pt 0cm;\"><span style=\"font-family: 'Arial',sans-serif;\">COBALTO<\/span><\/p>\n<p style=\"margin: 0cm 0cm 7.5pt 0cm;\"><span style=\"font-family: 'Arial',sans-serif;\">COBRE<\/span><\/p>\n<p style=\"margin: 0cm 0cm 7.5pt 0cm;\"><span style=\"font-family: 'Arial',sans-serif;\">VITAMINA E<\/span><\/p>\n<p style=\"margin: 0cm 0cm 7.5pt 0cm;\"><span style=\"font-family: 'Arial',sans-serif;\">ZINCO<\/span><\/p>\n<p class=\"MsoNormal\"><span style=\"font-size: 12.0pt; line-height: 107{bad89740ab836af8afd78adf22d5854117f226b234e4f8ee83a0ac8d28f68ffc}; font-family: 'Arial',sans-serif;\">1.000 mL do produto cont\u00e9m: <\/span><\/p>\n<p class=\"MsoNormal\"><span style=\"font-size: 12.0pt; line-height: 107{bad89740ab836af8afd78adf22d5854117f226b234e4f8ee83a0ac8d28f68ffc}; font-family: 'Arial',sans-serif;\">S\u00f3dio&#8230;&#8230;&#8230;&#8230;&#8230;&#8230;&#8230;&#8230;&#8230;&#8230;&#8230;&#8230;&#8230;&#8230;..5,4 g<\/span><\/p>\n<p class=\"MsoNormal\"><span style=\"font-size: 12.0pt; line-height: 107{bad89740ab836af8afd78adf22d5854117f226b234e4f8ee83a0ac8d28f68ffc}; font-family: 'Arial',sans-serif;\">\u00c1cido F\u00f3lico&#8230;&#8230;&#8230;&#8230;&#8230;&#8230;&#8230;&#8230;&#8230;&#8230;235 mg<\/span><\/p>\n<p class=\"MsoNormal\"><span style=\"font-size: 12.0pt; line-height: 107{bad89740ab836af8afd78adf22d5854117f226b234e4f8ee83a0ac8d28f68ffc}; font-family: 'Arial',sans-serif;\">\u00c1cido Pantot\u00eanico&#8230;&#8230;&#8230;&#8230;&#8230;..1.600 mg<\/span><\/p>\n<p class=\"MsoNormal\"><span style=\"font-size: 12.0pt; line-height: 107{bad89740ab836af8afd78adf22d5854117f226b234e4f8ee83a0ac8d28f68ffc}; font-family: 'Arial',sans-serif;\">Biotina&#8230;&#8230;&#8230;&#8230;&#8230;&#8230;&#8230;&#8230;&#8230;&#8230;&#8230;&#8230;.0,66 mg<\/span><\/p>\n<p class=\"MsoNormal\"><span style=\"font-size: 12.0pt; line-height: 107{bad89740ab836af8afd78adf22d5854117f226b234e4f8ee83a0ac8d28f68ffc}; font-family: 'Arial',sans-serif;\">Cobalto&#8230;&#8230;&#8230;&#8230;&#8230;&#8230;&#8230;&#8230;&#8230;&#8230;&#8230;&#8230;&#8230;66 mg<\/span><\/p>\n<p class=\"MsoNormal\"><span style=\"font-size: 12.0pt; line-height: 107{bad89740ab836af8afd78adf22d5854117f226b234e4f8ee83a0ac8d28f68ffc}; font-family: 'Arial',sans-serif;\">Cobre&#8230;&#8230;&#8230;&#8230;&#8230;&#8230;&#8230;&#8230;&#8230;&#8230;&#8230;&#8230;.1.200 mg<\/span><\/p>\n<p class=\"MsoNormal\"><span style=\"font-size: 12.0pt; line-height: 107{bad89740ab836af8afd78adf22d5854117f226b234e4f8ee83a0ac8d28f68ffc}; font-family: 'Arial',sans-serif;\">Colina&#8230;&#8230;&#8230;&#8230;&#8230;&#8230;&#8230;&#8230;&#8230;&#8230;&#8230;&#8230;&#8230;&#8230;6,66 g<\/span><\/p>\n<p class=\"MsoNormal\"><span style=\"font-size: 12.0pt; line-height: 107{bad89740ab836af8afd78adf22d5854117f226b234e4f8ee83a0ac8d28f68ffc}; font-family: 'Arial',sans-serif;\">Enxofre&#8230;&#8230;&#8230;&#8230;&#8230;&#8230;&#8230;&#8230;&#8230;&#8230;&#8230;&#8230;&#8230;&#8230;&#8230;8 g<\/span><\/p>\n<p class=\"MsoNormal\"><span style=\"font-size: 12.0pt; line-height: 107{bad89740ab836af8afd78adf22d5854117f226b234e4f8ee83a0ac8d28f68ffc}; font-family: 'Arial',sans-serif;\">Ferro&#8230;&#8230;&#8230;&#8230;&#8230;&#8230;&#8230;&#8230;&#8230;&#8230;&#8230;&#8230;10.000 mg<\/span><\/p>\n<p class=\"MsoNormal\"><span style=\"font-size: 12.0pt; line-height: 107{bad89740ab836af8afd78adf22d5854117f226b234e4f8ee83a0ac8d28f68ffc}; font-family: 'Arial',sans-serif;\">Iodo&#8230;&#8230;&#8230;&#8230;&#8230;&#8230;&#8230;&#8230;&#8230;&#8230;&#8230;&#8230;&#8230;&#8230;&#8230;.8 mg<\/span><\/p>\n<p class=\"MsoNormal\"><span style=\"font-size: 12.0pt; line-height: 107{bad89740ab836af8afd78adf22d5854117f226b234e4f8ee83a0ac8d28f68ffc}; font-family: 'Arial',sans-serif;\">Magn\u00e9sio&#8230;&#8230;&#8230;&#8230;&#8230;&#8230;&#8230;&#8230;&#8230;&#8230;&#8230;&#8230;0,67 g<\/span><\/p>\n<p class=\"MsoNormal\"><span style=\"font-size: 12.0pt; line-height: 107{bad89740ab836af8afd78adf22d5854117f226b234e4f8ee83a0ac8d28f68ffc}; font-family: 'Arial',sans-serif;\">Mangan\u00eas&#8230;&#8230;&#8230;&#8230;&#8230;&#8230;&#8230;&#8230;&#8230;.. 1.300 mg<\/span><\/p>\n<p class=\"MsoNormal\"><span style=\"font-size: 12.0pt; line-height: 107{bad89740ab836af8afd78adf22d5854117f226b234e4f8ee83a0ac8d28f68ffc}; font-family: 'Arial',sans-serif;\">Pot\u00e1ssio&#8230;&#8230;&#8230;&#8230;&#8230;&#8230;&#8230;&#8230;&#8230;&#8230;&#8230;&#8230;..3,35 g<\/span><\/p>\n<p class=\"MsoNormal\"><span style=\"font-size: 12.0pt; line-height: 107{bad89740ab836af8afd78adf22d5854117f226b234e4f8ee83a0ac8d28f68ffc}; font-family: 'Arial',sans-serif;\">Sel\u00eanio&#8230;&#8230;&#8230;&#8230;&#8230;&#8230;&#8230;&#8230;&#8230;&#8230;&#8230;&#8230;&#8230; 21 mg<\/span><\/p>\n<p class=\"MsoNormal\"><span style=\"font-size: 12.0pt; line-height: 107{bad89740ab836af8afd78adf22d5854117f226b234e4f8ee83a0ac8d28f68ffc}; font-family: 'Arial',sans-serif;\">Vitamina A&#8230;&#8230;&#8230;&#8230;&#8230;&#8230;&#8230;&#8230;&#8230;833.000 UI<\/span><\/p>\n<p class=\"MsoNormal\"><span style=\"font-size: 12.0pt; line-height: 107{bad89740ab836af8afd78adf22d5854117f226b234e4f8ee83a0ac8d28f68ffc}; font-family: 'Arial',sans-serif;\">Vitamina B1&#8230;&#8230;&#8230;&#8230;&#8230;&#8230;&#8230;&#8230;&#8230;&#8230;500 mg<\/span><\/p>\n<p class=\"MsoNormal\"><span style=\"font-size: 12.0pt; line-height: 107{bad89740ab836af8afd78adf22d5854117f226b234e4f8ee83a0ac8d28f68ffc}; font-family: 'Arial',sans-serif;\">Vitamina B12&#8230;&#8230;&#8230;&#8230;&#8230;&#8230;&#8230;&#8230;4.000 mcg<\/span><\/p>\n<p class=\"MsoNormal\"><span style=\"font-size: 12.0pt; line-height: 107{bad89740ab836af8afd78adf22d5854117f226b234e4f8ee83a0ac8d28f68ffc}; font-family: 'Arial',sans-serif;\">Vitamina B2&#8230;&#8230;&#8230;&#8230;&#8230;&#8230;&#8230;&#8230;&#8230;1.000 mg<\/span><\/p>\n<p class=\"MsoNormal\"><span style=\"font-size: 12.0pt; line-height: 107{bad89740ab836af8afd78adf22d5854117f226b234e4f8ee83a0ac8d28f68ffc}; font-family: 'Arial',sans-serif;\">Vitamina B6&#8230;&#8230;&#8230;&#8230;&#8230;&#8230;&#8230;&#8230;&#8230;&#8230;265 mg<\/span><\/p>\n<p class=\"MsoNormal\"><span style=\"font-size: 12.0pt; line-height: 107{bad89740ab836af8afd78adf22d5854117f226b234e4f8ee83a0ac8d28f68ffc}; font-family: 'Arial',sans-serif;\">Vitamina D3&#8230;&#8230;&#8230;&#8230;&#8230;&#8230;&#8230;&#8230;117.000 UI<\/span><\/p>\n<p class=\"MsoNormal\"><span style=\"font-size: 12.0pt; line-height: 107{bad89740ab836af8afd78adf22d5854117f226b234e4f8ee83a0ac8d28f68ffc}; font-family: 'Arial',sans-serif;\">Vitamina E&#8230;&#8230;&#8230;&#8230;&#8230;&#8230;&#8230;&#8230;&#8230;&#8230;.1.170 UI<\/span><\/p>\n<p class=\"MsoNormal\"><span style=\"font-size: 12.0pt; line-height: 107{bad89740ab836af8afd78adf22d5854117f226b234e4f8ee83a0ac8d28f68ffc}; font-family: 'Arial',sans-serif;\">Vitamina K3&#8230;&#8230;&#8230;&#8230;&#8230;&#8230;&#8230;&#8230;&#8230;&#8230;&#8230;83 mg<\/span><\/p>\n<p class=\"MsoNormal\"><span style=\"font-size: 12.0pt; line-height: 107{bad89740ab836af8afd78adf22d5854117f226b234e4f8ee83a0ac8d28f68ffc}; font-family: 'Arial',sans-serif;\">Zinco&#8230;&#8230;&#8230;&#8230;&#8230;&#8230;&#8230;&#8230;&#8230;&#8230;&#8230;&#8230;&#8230;3.600 Mg<\/span><\/p>\n<p class=\"MsoNormal\"><span style=\"font-size: 12.0pt; line-height: 107{bad89740ab836af8afd78adf22d5854117f226b234e4f8ee83a0ac8d28f68ffc}; font-family: 'Arial',sans-serif;\">Para animais em treinamento, 15 mL por dia. Para animais em<br \/>\npreparo para competir, aplicar a dose de 30 mL (duas vezes 15 mL) por meio de uma<br \/>\nseringa no fundo da base da l\u00efngua durante os cinco dias pr\u00e9vios para a competi\u00e7\u00e3o.<\/span><\/p>\n<p class=\"MsoNormal\"><span style=\"font-size: 12.0pt; line-height: 107{bad89740ab836af8afd78adf22d5854117f226b234e4f8ee83a0ac8d28f68ffc}; font-family: 'Arial',sans-serif;\">Administra\u00e7\u00e3o: Oral ou misturado com a ra\u00e7\u00e3o.<\/span><\/p>\n","protected":false},"excerpt":{"rendered":"<p>Red Cell \u00e9 indicado como suplemento vitam\u00ednico mineral para cavalos de esporte. \u00a0 Modo de Usar: Fornecer diariamente 30 ml do Red<\/p>\n","protected":false},"featured_media":16771,"template":"","meta":{"_acf_changed":false},"product_brand":[],"product_cat":[164,163,165,173,178,194],"product_tag":[393,1038,1037],"class_list":{"0":"post-16770","1":"product","2":"type-product","3":"status-publish","4":"has-post-thumbnail","6":"product_cat-bovinos-e-ovinos","7":"product_cat-equinos","8":"product_cat-pet","9":"product_cat-suplementos-e-vitaminas","10":"product_cat-suplementos-e-vitaminas-2","11":"product_cat-todos-os-produtos","12":"product_tag-b12","13":"product_tag-ferro","14":"product_tag-redcell","16":"first","17":"instock","18":"purchasable","19":"product-type-simple"},"acf":[],"_links":{"self":[{"href":"https:\/\/vetsul.com\/index.php\/wp-json\/wp\/v2\/product\/16770","targetHints":{"allow":["GET"]}}],"collection":[{"href":"https:\/\/vetsul.com\/index.php\/wp-json\/wp\/v2\/product"}],"about":[{"href":"https:\/\/vetsul.com\/index.php\/wp-json\/wp\/v2\/types\/product"}],"wp:featuredmedia":[{"embeddable":true,"href":"https:\/\/vetsul.com\/index.php\/wp-json\/wp\/v2\/media\/16771"}],"wp:attachment":[{"href":"https:\/\/vetsul.com\/index.php\/wp-json\/wp\/v2\/media?parent=16770"}],"wp:term":[{"taxonomy":"product_brand","embeddable":true,"href":"https:\/\/vetsul.com\/index.php\/wp-json\/wp\/v2\/product_brand?post=16770"},{"taxonomy":"product_cat","embeddable":true,"href":"https:\/\/vetsul.com\/index.php\/wp-json\/wp\/v2\/product_cat?post=16770"},{"taxonomy":"product_tag","embeddable":true,"href":"https:\/\/vetsul.com\/index.php\/wp-json\/wp\/v2\/product_tag?post=16770"}],"curies":[{"name":"wp","href":"https:\/\/api.w.org\/{rel}","templated":true}]}}