{"id":16759,"date":"2018-01-09T08:47:01","date_gmt":"2018-01-09T10:47:01","guid":{"rendered":"http:\/\/35.194.95.18\/wp-admin\/?post_type=product&#038;p=16759"},"modified":"2025-02-07T16:00:20","modified_gmt":"2025-02-07T19:00:20","slug":"energy-4000-25kg","status":"publish","type":"product","link":"https:\/\/vetsul.com\/index.php\/product\/energy-4000-25kg\/","title":{"rendered":"Energy 4000 25kg"},"content":{"rendered":"<p class=\"MsoNormal\"><span style=\"font-size:14.0pt;mso-bidi-font-size:11.0pt;\nline-height:107{bad89740ab836af8afd78adf22d5854117f226b234e4f8ee83a0ac8d28f68ffc};font-family:&quot;Arial&quot;,sans-serif;color:#BF8F00;mso-themecolor:\naccent4;mso-themeshade:191\">Energy 4000<o:p><\/o:p><\/span><\/p>\n<p class=\"MsoNormal\"><span style=\"font-family:&quot;Arial&quot;,sans-serif\">Alimento<br \/>\nextrusado composto de fontes de amido e gordura vegetal, tem como<br \/>\ncaracter\u00edstica ser fonte de energia prontamente utiliz\u00e1vel vinda de a\u00e7\u00facares e<br \/>\namido gelatinizado pelo calor da extrus\u00e3o. Recebe adi\u00e7\u00e3o de uma mescla de \u00f3leos<br \/>\nvegetais, fontes dos \u00e1cidos graxos essenciais, \u00f4mega 3 e \u00f4mega 6, em propor\u00e7\u00e3o<br \/>\najustada.<o:p><\/o:p><\/span><\/p>\n<p class=\"MsoNormal\"><span style=\"font-family:&quot;Arial&quot;,sans-serif\"><o:p>&nbsp;<\/o:p><\/span><\/p>\n<p class=\"MsoNormal\"><span style=\"font-family:&quot;Arial&quot;,sans-serif\"><o:p>&nbsp;<\/o:p><\/span><\/p>\n<p class=\"MsoNormal\"><span style=\"font-family:&quot;Arial&quot;,sans-serif\">Diferenciais do<br \/>\nproduto<o:p><\/o:p><\/span><\/p>\n<p class=\"MsoNormal\"><span style=\"font-family:&quot;Arial&quot;,sans-serif\"><o:p>&nbsp;<\/o:p><\/span><\/p>\n<p class=\"MsoNormal\"><span style=\"font-family:&quot;Arial&quot;,sans-serif\">Olimpique<br \/>\nEnergy 4000 \u00e9 um alimento de \u00f3tima palatabilidade. Oferece rela\u00e7\u00e3o ideal entre<br \/>\nprote\u00ednas e energia digest\u00edvel para atividades de exig\u00eancia f\u00edsica<br \/>\nintermedi\u00e1ria, e seu conseq\u00fcente benef\u00edcio no rendimento esportivo.<o:p><\/o:p><\/span><\/p>\n<p class=\"MsoNormal\"><span style=\"font-family:&quot;Arial&quot;,sans-serif\"><o:p>&nbsp;<\/o:p><\/span><\/p>\n<p class=\"MsoNormal\"><span style=\"font-family:&quot;Arial&quot;,sans-serif\">Informa\u00e7\u00f5es<br \/>\nt\u00e9cnicas<o:p><\/o:p><\/span><\/p>\n<p class=\"MsoNormal\"><span style=\"font-family:&quot;Arial&quot;,sans-serif\"><o:p>&nbsp;<\/o:p><\/span><\/p>\n<p class=\"MsoNormal\"><span style=\"font-family:&quot;Arial&quot;,sans-serif\">Umidade (m\u00e1x)<br \/>\n120g\/kg (12{bad89740ab836af8afd78adf22d5854117f226b234e4f8ee83a0ac8d28f68ffc}), Prote\u00edna Bruta (m\u00edn) 160g\/kg (16{bad89740ab836af8afd78adf22d5854117f226b234e4f8ee83a0ac8d28f68ffc}), Extrato Et\u00e9reo (m\u00edn) 160g\/kg<br \/>\n(16{bad89740ab836af8afd78adf22d5854117f226b234e4f8ee83a0ac8d28f68ffc}), Mat\u00e9ria Fibrosa (m\u00e1x) 60g\/kg (6{bad89740ab836af8afd78adf22d5854117f226b234e4f8ee83a0ac8d28f68ffc}), Fibra Detergente \u00c1cido &#8211; FDA (m\u00e1x)<br \/>\n72g\/kg (7.2{bad89740ab836af8afd78adf22d5854117f226b234e4f8ee83a0ac8d28f68ffc}), Mat\u00e9ria Mineral (m\u00e1x) 80g\/kg (8{bad89740ab836af8afd78adf22d5854117f226b234e4f8ee83a0ac8d28f68ffc}), C\u00e1lcio (m\u00edn) 8000mg\/kg<br \/>\n(0.8{bad89740ab836af8afd78adf22d5854117f226b234e4f8ee83a0ac8d28f68ffc}), C\u00e1lcio (m\u00e1x) 12g\/kg (1.2{bad89740ab836af8afd78adf22d5854117f226b234e4f8ee83a0ac8d28f68ffc}), F\u00f3sforo (m\u00edn) 6000mg\/kg (0.6{bad89740ab836af8afd78adf22d5854117f226b234e4f8ee83a0ac8d28f68ffc}), Energia<br \/>\nDigest\u00edvel (m\u00edn) 4000kcal\/kg, Metionina (m\u00edn) 2800mg\/kg, Lisina (m\u00edn)<br \/>\n8000mg\/kg, Gama Orizanol (m\u00edn) 1850mg\/kg, Vitamina A (m\u00edn) 12000UI\/kg, Vitamina<br \/>\nD3 (m\u00edn) 2400UI\/kg, Vitamina E (m\u00edn) 240UI\/kg, Vitamina B1 (m\u00edn) 12mg\/kg,<br \/>\nVitamina B2 (m\u00edn) 9.6mg\/kg, Biotina (m\u00edn) 3mg\/kg, Cobre (m\u00edn) 40mg\/kg, Ferro<br \/>\n(m\u00edn) 105mg\/kg, Iodo (m\u00edn) 1mg\/kg, Mangan\u00eas (m\u00edn) 128mg\/kg, Sel\u00eanio (m\u00edn) 0.4mg\/kg,<br \/>\nCobalto (m\u00edn) 0.28mg\/kg, Zinco (m\u00edn) 160mg\/kg.<o:p><\/o:p><\/span><\/p>\n<p class=\"MsoNormal\"><span style=\"font-family:&quot;Arial&quot;,sans-serif\"><o:p>&nbsp;<\/o:p><\/span><\/p>\n<p class=\"MsoNormal\"><span style=\"font-family:&quot;Arial&quot;,sans-serif\">Indica\u00e7\u00e3o de<br \/>\nuso<o:p><\/o:p><\/span><\/p>\n<p class=\"MsoNormal\"><span style=\"font-family:&quot;Arial&quot;,sans-serif\"><o:p>&nbsp;<\/o:p><\/span><\/p>\n<\/p>\n<p class=\"MsoNormal\"><span style=\"font-family:&quot;Arial&quot;,sans-serif\">Fornecer de 0,5<br \/>\na 1,5kg\/dia, adicionados a ra\u00e7\u00e3o usual, para todas as classes de equinos, de<br \/>\nacordo com a atividade f\u00edsica.<o:p><\/o:p><\/span><\/p>\n","protected":false},"excerpt":{"rendered":"<p>Energy 4000 Alimento extrusado composto de fontes de amido e gordura vegetal, tem como caracter\u00edstica ser fonte de energia prontamente utiliz\u00e1vel vinda<\/p>\n","protected":false},"featured_media":16760,"template":"","meta":{"_acf_changed":false},"product_brand":[1022],"product_cat":[189],"product_tag":[865,1023],"class_list":{"0":"post-16759","1":"product","2":"type-product","3":"status-publish","4":"has-post-thumbnail","6":"product_brand-supra","7":"product_cat-racoes-suplementos-alimentar-2","8":"product_tag-suplemento-alimentar","9":"product_tag-supra","11":"first","12":"instock","13":"purchasable","14":"product-type-simple"},"acf":[],"_links":{"self":[{"href":"https:\/\/vetsul.com\/index.php\/wp-json\/wp\/v2\/product\/16759","targetHints":{"allow":["GET"]}}],"collection":[{"href":"https:\/\/vetsul.com\/index.php\/wp-json\/wp\/v2\/product"}],"about":[{"href":"https:\/\/vetsul.com\/index.php\/wp-json\/wp\/v2\/types\/product"}],"wp:featuredmedia":[{"embeddable":true,"href":"https:\/\/vetsul.com\/index.php\/wp-json\/wp\/v2\/media\/16760"}],"wp:attachment":[{"href":"https:\/\/vetsul.com\/index.php\/wp-json\/wp\/v2\/media?parent=16759"}],"wp:term":[{"taxonomy":"product_brand","embeddable":true,"href":"https:\/\/vetsul.com\/index.php\/wp-json\/wp\/v2\/product_brand?post=16759"},{"taxonomy":"product_cat","embeddable":true,"href":"https:\/\/vetsul.com\/index.php\/wp-json\/wp\/v2\/product_cat?post=16759"},{"taxonomy":"product_tag","embeddable":true,"href":"https:\/\/vetsul.com\/index.php\/wp-json\/wp\/v2\/product_tag?post=16759"}],"curies":[{"name":"wp","href":"https:\/\/api.w.org\/{rel}","templated":true}]}}