{"id":16741,"date":"2018-01-08T13:16:31","date_gmt":"2018-01-08T15:16:31","guid":{"rendered":"http:\/\/35.194.95.18\/wp-admin\/?post_type=product&#038;p=16741"},"modified":"2025-08-09T10:36:45","modified_gmt":"2025-08-09T13:36:45","slug":"bravo-formula-20kg","status":"publish","type":"product","link":"https:\/\/vetsul.com\/index.php\/product\/bravo-formula-20kg\/","title":{"rendered":"Bravo F\u00f3rmula  20kg"},"content":{"rendered":"<div class=\"line blocoDados1\">\n<div class=\"ajuste\">\n<div class=\"content\">\n<div class=\"content1\">\n<p class=\"pl10 pr10\">Diferenciais do Produto<\/p>\n<\/div>\n<\/div>\n<\/div>\n<\/div>\n<div class=\"listaTextos\">\n<div class=\"listaTextosItem ativo\">\n<article>Condroitina e Glicosamina \u00d4megas 3 e 6 Levedura Linha\u00e7a.<\/p>\n<div class=\"line blocoDados1\">\n<div class=\"ajuste\">\n<div class=\"content\">\n<div class=\"content1\">\n<p class=\"pl10 pr10\">Composi\u00e7\u00e3o<\/p>\n<\/div>\n<\/div>\n<\/div>\n<\/div>\n<div class=\"listaTextos\">\n<div class=\"listaTextosItem ativo\">\n<article>Farinha de V\u00edsceras de Aves, Farinha de Carne e Osso de Bovinos, Ovo em P\u00f3 (0.2%), Hidrolisado de F\u00edgado de Aves e Su\u00ednos, Milho Mo\u00eddo*, Farinha de Trigo, Farelo de Soja**, Gr\u00e3o de Linha\u00e7a, Polpa Desidratada de Beterraba, Levedura de Cerveja Inativada Desidratada, Fibra de Ervilha, Farelo de Trigo, \u00d3leo de Aves, Cloreto de S\u00f3dio, Sulfato de Glicosamina, Sulfato de Condroitina, Hexametafosfato de S\u00f3dio, Extrato de Yucca (0.03%), Bentonita, Vitaminas (Vitamina A, Vitamina C, Vitamina D3, Vitamina E, Vitamina K3, Vitamina B1, Vitamina B2, Vitamina B6, Vitamina B12, \u00c1cido F\u00f3lico, Pantotenato de C\u00e1lcio, Biotina, Cloreto de Colina, \u00c1cido Nicot\u00ednico), Minerais (Sulfato de Cobre, Sulfato de Ferro, Iodato de C\u00e1lcio, Sulfato de Mangan\u00eas, Selenito de S\u00f3dio, \u00d3xido de Zinco, Cloreto de Pot\u00e1ssio), B.H.A. (Butil Hidroxianisol), B.H.T. (Hidr\u00f3xido de Tolueno Butilado), Propionato de C\u00e1lcio, Sorbato de Pot\u00e1ssio, Aditivo Prebi\u00f3tico (Parede Celular de Levedura (Mananoligossacar\u00eddeos)).<\/p>\n<p>Este produto n\u00e3o possui corantes artificiais em sua composi\u00e7\u00e3o, estando sujeito a pequenas varia\u00e7\u00f5es em sua colora\u00e7\u00e3o.<\/p>\n<p>\u2013 Esp\u00e9cies doadoras de genes:\u00a0<em>*Agrobacterium tumefaciens, Bacillus thuringiensis, Streptomyces viridochromogenes, Zea mays. **Agrobacterium tumefaciens, Arabidopsis thaliana, Bacillus thuringiensis, Streptomyces viridochromogenes.<\/em><\/p>\n<div class=\"line blocoDados1\">\n<div class=\"ajuste\">\n<div class=\"content\">\n<div class=\"content1\">\n<p class=\"pl10 pr10\">Informa\u00e7\u00f5es t\u00e9cnicas<\/p>\n<\/div>\n<\/div>\n<\/div>\n<\/div>\n<div class=\"listaTextos\">\n<div class=\"listaTextosItem ativo\">\n<article><strong>N\u00edveis de Garantia<\/strong><\/p>\n<p>Umidade (m\u00e1x) 100g\/kg (10%), Prote\u00edna Bruta (m\u00edn) 260g\/kg (26%), Extrato Et\u00e9reo (m\u00edn) 140g\/kg (14%), Mat\u00e9ria Fibrosa (m\u00e1x) 35g\/kg (3.5%), Mat\u00e9ria Mineral (m\u00e1x) 100g\/kg (10%), C\u00e1lcio (m\u00edn) 10g\/kg (1%), C\u00e1lcio (m\u00e1x) 19g\/kg (1.9%), F\u00f3sforo (m\u00edn) 9000mg\/kg (0.9%), \u00d4mega 3 (m\u00edn) 4000mg\/kg (0.4%), \u00d4mega 6 (m\u00edn) 20g\/kg (2%), S\u00f3dio (m\u00edn) 2000mg\/kg (0.2%), Pot\u00e1ssio (m\u00edn) 5000mg\/kg (0.5%), Glicosamina (m\u00edn) 240mg\/kg, Condroitina (m\u00edn) 160mg\/kg.Mananoligossacar\u00eddeos (m\u00edn) 120mg\/kg.<\/p>\n<p><strong>\u00a0Enriquecimento<\/strong><\/p>\n<p>Vitamina A (m\u00edn) 14000UI\/kg, Vitamina C (m\u00edn) 50mg\/kg, Vitamina D3 (m\u00edn) 1400UI\/kg, Vitamina E (m\u00edn) 105UI\/kg, Vitamina K3 (m\u00edn) 1mg\/kg, Vitamina B1 (m\u00edn) 7mg\/kg, Vitamina B2 (m\u00edn) 8mg\/kg, Vitamina B6 (m\u00edn) 5mg\/kg, Vitamina B12 (m\u00edn) 115mcg\/kg, \u00c1cido F\u00f3lico (m\u00edn) 0.9mg\/kg, \u00c1cido Pantot\u00eanico (m\u00edn) 17mg\/kg, Biotina (m\u00edn) 0.3mg\/kg, Colina (m\u00edn) 2400mg\/kg, Niacina (m\u00edn) 35mg\/kg, Cobre (m\u00edn) 17mg\/kg, Ferro (m\u00edn) 78mg\/kg, Iodo (m\u00edn) 1.7mg\/kg, Mangan\u00eas (m\u00edn) 26mg\/kg, Sel\u00eanio (m\u00edn) 0.4mg\/kg, Zinco (m\u00edn) 150mg\/kg.<\/p>\n<p>&nbsp;<\/p>\n<\/article>\n<\/div>\n<\/div>\n<\/article>\n<\/div>\n<\/div>\n<\/article>\n<\/div>\n<\/div>\n","protected":false},"excerpt":{"rendered":"<p>Diferenciais do Produto Condroitina e Glicosamina \u00d4megas 3 e 6 Levedura Linha\u00e7a. Composi\u00e7\u00e3o Farinha de V\u00edsceras de Aves, Farinha de Carne e<\/p>\n","protected":false},"featured_media":17790,"template":"","meta":{"_acf_changed":false},"product_brand":[1022],"product_cat":[179,168,174,169,180,175,170,164,188,185,187,163,166,193,192,165,183,189,190,178,173,194,171,181,176,186,167,184],"product_tag":[1023],"class_list":{"0":"post-16741","1":"product","2":"type-product","3":"status-publish","4":"has-post-thumbnail","6":"product_brand-supra","7":"product_cat-anti-inflamatorio","8":"product_cat-anti-inflamatorios","9":"product_cat-anti-inflamatorios-3","10":"product_cat-anti-mastiticos","11":"product_cat-anti-microbiano","12":"product_cat-antimicrobianos-2","13":"product_cat-anti-microbianos","14":"product_cat-bovinos-e-ovinos","15":"product_cat-cicatrizantes-e-mata-bicheiras-3","16":"product_cat-cicatrizantes-e-mata-bicheiras","17":"product_cat-cicatrizantes-e-mata-bicheiras-2","18":"product_cat-equinos","19":"product_cat-equipamentos-utensilios-e-materiais-hospitalares","20":"product_cat-higiene-e-cuidados-2","21":"product_cat-higiene-e-cuidados","22":"product_cat-pet","23":"product_cat-racoes-2","24":"product_cat-racoes-suplementos-alimentar-2","25":"product_cat-racoes-suplementos-alimentar","26":"product_cat-suplementos-e-vitaminas-2","27":"product_cat-suplementos-e-vitaminas","28":"product_cat-todos-os-produtos","29":"product_cat-vacinas","30":"product_cat-vacinas-4","31":"product_cat-vacinas-3","32":"product_cat-vermifugo-e-carrapaticida","33":"product_cat-vermifugos-e-carrapaticidas","34":"product_cat-vermifugos-e-carrapaticidas-2","35":"product_tag-supra","36":"pa_sku-606","38":"first","39":"instock","40":"shipping-taxable","41":"purchasable","42":"product-type-simple"},"acf":[],"_links":{"self":[{"href":"https:\/\/vetsul.com\/index.php\/wp-json\/wp\/v2\/product\/16741","targetHints":{"allow":["GET"]}}],"collection":[{"href":"https:\/\/vetsul.com\/index.php\/wp-json\/wp\/v2\/product"}],"about":[{"href":"https:\/\/vetsul.com\/index.php\/wp-json\/wp\/v2\/types\/product"}],"wp:featuredmedia":[{"embeddable":true,"href":"https:\/\/vetsul.com\/index.php\/wp-json\/wp\/v2\/media\/17790"}],"wp:attachment":[{"href":"https:\/\/vetsul.com\/index.php\/wp-json\/wp\/v2\/media?parent=16741"}],"wp:term":[{"taxonomy":"product_brand","embeddable":true,"href":"https:\/\/vetsul.com\/index.php\/wp-json\/wp\/v2\/product_brand?post=16741"},{"taxonomy":"product_cat","embeddable":true,"href":"https:\/\/vetsul.com\/index.php\/wp-json\/wp\/v2\/product_cat?post=16741"},{"taxonomy":"product_tag","embeddable":true,"href":"https:\/\/vetsul.com\/index.php\/wp-json\/wp\/v2\/product_tag?post=16741"}],"curies":[{"name":"wp","href":"https:\/\/api.w.org\/{rel}","templated":true}]}}