{"id":16737,"date":"2018-01-08T09:07:36","date_gmt":"2018-01-08T11:07:36","guid":{"rendered":"http:\/\/35.194.95.18\/wp-admin\/?post_type=product&#038;p=16737"},"modified":"2025-04-08T10:13:03","modified_gmt":"2025-04-08T13:13:03","slug":"pulmo-plus-gel","status":"publish","type":"product","link":"https:\/\/vetsul.com\/index.php\/product\/pulmo-plus-gel\/","title":{"rendered":"Pulmo Plus Gel"},"content":{"rendered":"<p>Bronco-espasmol\u00edtico e Mucol\u00edtico<\/p>\n<p>&nbsp;<\/p>\n<p>INDICA\u00c7\u00c3O DO PRODUTO<\/p>\n<p>&nbsp;<\/p>\n<p>Pulmo Plus \u00e9 uma combina\u00e7\u00e3o de um broncodilatador e um mucol\u00edtico, indicado para equinos que apresentem patologias respirat\u00f3rias caracterizadas por broncoespasmo, presen\u00e7a de secre\u00e7\u00f5es e catarro, tais como broncopneumonia, bronquites (aguda, subaguda e cr\u00f4nica), doen\u00e7a pulmonar obstrutiva cr\u00f4nica (DPOC), atelectasia por obstru\u00e7\u00e3o mucosa, entre outras. Tamb\u00e9m \u00e9 indicado na profilaxia de rea\u00e7\u00f5es al\u00e9rgicas em animais sens\u00edveis e como coadjuvante nas terapias antibi\u00f3ticas das afec\u00e7\u00f5es pulmonares.<\/p>\n<p>&nbsp;<\/p>\n<p>N\u00cdVEIS DE GARANTIA PARA CADA 100 ML<\/p>\n<p>&nbsp;<\/p>\n<p>Cloridrato de Clenbuterol\u2026\u2026\u2026\u2026\u2026\u2026\u2026\u2026\u2026\u2026\u2026\u2026\u2026\u2026\u2026..2,0 mg<\/p>\n<p>N-Acetilciste\u00edna\u2026\u2026\u2026\u2026\u2026\u2026\u2026\u2026\u2026\u2026\u2026\u2026\u2026\u2026\u2026\u2026\u2026\u2026\u2026\u2026.20,0 g<\/p>\n<p>Excipientes q.s.p\u2026\u2026\u2026\u2026\u2026\u2026\u2026\u2026\u2026\u2026\u2026\u2026\u2026\u2026\u2026\u2026\u2026\u2026.100,0 mL<\/p>\n<p>&nbsp;<\/p>\n<p>MODO DE USAR<\/p>\n<p>&nbsp;<\/p>\n<p>Administrar por via oral.<\/p>\n<p>&nbsp;<\/p>\n<p>Equinos, Muares e Asininos:<\/p>\n<p>&nbsp;<\/p>\n<p>dose b\u00e1sica de clembuterol: 0,8 mcg\/kg de peso corporal, duas vezes ao dia;<\/p>\n<p>dose b\u00e1sica de N-acetilciste\u00edna: 5-10 mg\/kg de peso corporal, duas vezes ao dia. Esta dosagem pode ser representada em 4 mL de Pulmo Plus gel para 100 kg de peso corp\u00f3reo, duas vezes ao dia.<\/p>\n<p>&nbsp;<\/p>\n<p>Cada medida dosadora cont\u00e9m 4 mL de Pulmo Plus gel, ou seja, cada vez que a v\u00e1lvula dosadora \u00e9 pressionada, s\u00e3o liberados 4 mL do produto.<\/p>\n<p>&nbsp;<\/p>\n<p>No in\u00edcio do tratamento ou retorno dele, \u00e9 indicado fazer a adapta\u00e7\u00e3o do animal ao produto, usando metade da dose nas quatro primeiras aplica\u00e7\u00f5es, aumentando gradativamente at\u00e9 a dose total.<\/p>\n<p>&nbsp;<\/p>\n<p>A dura\u00e7\u00e3o do tratamento depende dos fatores relacionados \u00e0 doen\u00e7a. Em casos agudos e subagudos, recomendamos uso durante 10 a 14 dias. Nos casos cr\u00f4nicos, o tratamento pode ser estender at\u00e9 por 4 semanas.<\/p>\n<p>&nbsp;<\/p>\n<p>As dosagens poder\u00e3o ser alteradas de acordo com a orienta\u00e7\u00e3o do M\u00e9dico Veterin\u00e1rio.<\/p>\n<p>&nbsp;<\/p>\n<p>APRESENTA\u00c7\u00c3O<\/p>\n<p>&nbsp;<\/p>\n<p>Frascos Pl\u00e1sticos contendo 500 mL.<\/p>\n","protected":false},"excerpt":{"rendered":"<p>Bronco-espasmol\u00edtico e Mucol\u00edtico &nbsp; INDICA\u00c7\u00c3O DO PRODUTO &nbsp; Pulmo Plus \u00e9 uma combina\u00e7\u00e3o de um broncodilatador e um mucol\u00edtico, indicado para equinos<\/p>\n","protected":false},"featured_media":16738,"template":"","meta":{"_acf_changed":false},"product_brand":[954],"product_cat":[15],"product_tag":[1041,990,991],"class_list":{"0":"post-16737","1":"product","2":"type-product","3":"status-publish","4":"has-post-thumbnail","6":"product_brand-vetnil","7":"product_cat-uncategorized","8":"product_tag-clembuterol","9":"product_tag-clenbuterol","10":"product_tag-vetnil","12":"first","13":"outofstock","14":"purchasable","15":"product-type-simple"},"acf":[],"_links":{"self":[{"href":"https:\/\/vetsul.com\/index.php\/wp-json\/wp\/v2\/product\/16737","targetHints":{"allow":["GET"]}}],"collection":[{"href":"https:\/\/vetsul.com\/index.php\/wp-json\/wp\/v2\/product"}],"about":[{"href":"https:\/\/vetsul.com\/index.php\/wp-json\/wp\/v2\/types\/product"}],"wp:featuredmedia":[{"embeddable":true,"href":"https:\/\/vetsul.com\/index.php\/wp-json\/wp\/v2\/media\/16738"}],"wp:attachment":[{"href":"https:\/\/vetsul.com\/index.php\/wp-json\/wp\/v2\/media?parent=16737"}],"wp:term":[{"taxonomy":"product_brand","embeddable":true,"href":"https:\/\/vetsul.com\/index.php\/wp-json\/wp\/v2\/product_brand?post=16737"},{"taxonomy":"product_cat","embeddable":true,"href":"https:\/\/vetsul.com\/index.php\/wp-json\/wp\/v2\/product_cat?post=16737"},{"taxonomy":"product_tag","embeddable":true,"href":"https:\/\/vetsul.com\/index.php\/wp-json\/wp\/v2\/product_tag?post=16737"}],"curies":[{"name":"wp","href":"https:\/\/api.w.org\/{rel}","templated":true}]}}