{"id":16733,"date":"2018-01-06T11:08:07","date_gmt":"2018-01-06T13:08:07","guid":{"rendered":"http:\/\/35.194.95.18\/wp-admin\/?post_type=product&#038;p=16733"},"modified":"2025-04-08T10:13:03","modified_gmt":"2025-04-08T13:13:03","slug":"probiotico-vetnil-equinos","status":"publish","type":"product","link":"https:\/\/vetsul.com\/index.php\/product\/probiotico-vetnil-equinos\/","title":{"rendered":"Probi\u00f3tico Vetnil Equinos"},"content":{"rendered":"<p>Probi\u00f3tico Vetnil Equinos<\/p>\n<p>Para uma flora microbiana saud\u00e1vel<\/p>\n<p><\/p>\n<p>O Probi\u00f3tico Vetnil Equinos \u00e9 composto por bact\u00e9rias ben\u00e9ficas naturalmente presentes no trato intestinal dos animais. O uso de Probi\u00f3tico tem a fun\u00e7\u00e3o de auxiliar a coloniza\u00e7\u00e3o de bact\u00e9rias ben\u00e9ficas, melhorar a absor\u00e7\u00e3o de nutrientes e auxiliar na s\u00edntese de vitaminas e prote\u00ednas.<\/p>\n<p><\/p>\n<p>INDICA\u00c7\u00c3O DO PRODUTO<\/p>\n<p><\/p>\n<p>Aditivo probi\u00f3tico para equinos.<\/p>\n<p><\/p>\n<p>Contribui para o equil\u00edbrio da microbiota intestinal.<\/p>\n<p><\/p>\n<p>Uso exclusivo na alimenta\u00e7\u00e3o animal.<\/p>\n<p><\/p>\n<p>N\u00cdVEIS DE GARANTIA DO PRODUTO<\/p>\n<p><\/p>\n<p>Saccharomyces cerevisiae (m\u00edn.)\u2026\u2026\u2026\u2026\u2026\u2026..3,33 x 105 UFC\/g<\/p>\n<p>Lactobacillus acidophillus (m\u00edn.)\u2026\u2026\u2026\u2026\u2026\u2026\u20263,33 x 107 UFC\/g<\/p>\n<p>Bifidobacterium bifidum (m\u00edn.)\u2026\u2026\u2026\u2026\u2026\u2026\u2026\u20263,33 x 107 UFC\/g<\/p>\n<p>Enterococcus faecium (m\u00edn.)\u2026\u2026\u2026\u2026\u2026\u2026\u2026\u2026..1,66 x 107 UFC\/g<\/p>\n<p>Lactobacillus plantarum (m\u00edn.)\u2026\u2026\u2026\u2026\u2026\u2026\u2026\u20261,66 x 107 UFC\/g<\/p>\n<p><\/p>\n<p>MODO DE USAR<\/p>\n<p><\/p>\n<p>Para ser usado por via oral. Deve ser aplicado diretamente na boca do animal.<\/p>\n<p><\/p>\n<p>Animais rec\u00e9m nascidos: 2 g.<\/p>\n<p>Animais adultos: 4 g.<\/p>\n<p><\/p>\n<p>Fazer uso de forma continuada, ou a crit\u00e9rio do t\u00e9cnico respons\u00e1vel pelos animais.<\/p>\n<p><\/p>\n<p>Dica: Usar Probi\u00f3tico Vetnil Equinos pelo per\u00edodo de 4 dias antes de iniciar a utiliza\u00e7\u00e3o de suplementos, para melhor aproveitamento dos mesmos.<\/p>\n<p><\/p>\n<p>APRESENTA\u00c7\u00c3O<\/p>\n<p><\/p>\n<p>Seringas de 34 g.<\/p>\n","protected":false},"excerpt":{"rendered":"<p>Probi\u00f3tico Vetnil Equinos Para uma flora microbiana saud\u00e1vel O Probi\u00f3tico Vetnil Equinos \u00e9 composto por bact\u00e9rias ben\u00e9ficas naturalmente presentes no trato intestinal<\/p>\n","protected":false},"featured_media":16734,"template":"","meta":{"_acf_changed":false},"product_brand":[954],"product_cat":[178],"product_tag":[991],"class_list":{"0":"post-16733","1":"product","2":"type-product","3":"status-publish","4":"has-post-thumbnail","6":"product_brand-vetnil","7":"product_cat-suplementos-e-vitaminas-2","8":"product_tag-vetnil","10":"first","11":"instock","12":"purchasable","13":"product-type-simple"},"acf":[],"_links":{"self":[{"href":"https:\/\/vetsul.com\/index.php\/wp-json\/wp\/v2\/product\/16733","targetHints":{"allow":["GET"]}}],"collection":[{"href":"https:\/\/vetsul.com\/index.php\/wp-json\/wp\/v2\/product"}],"about":[{"href":"https:\/\/vetsul.com\/index.php\/wp-json\/wp\/v2\/types\/product"}],"wp:featuredmedia":[{"embeddable":true,"href":"https:\/\/vetsul.com\/index.php\/wp-json\/wp\/v2\/media\/16734"}],"wp:attachment":[{"href":"https:\/\/vetsul.com\/index.php\/wp-json\/wp\/v2\/media?parent=16733"}],"wp:term":[{"taxonomy":"product_brand","embeddable":true,"href":"https:\/\/vetsul.com\/index.php\/wp-json\/wp\/v2\/product_brand?post=16733"},{"taxonomy":"product_cat","embeddable":true,"href":"https:\/\/vetsul.com\/index.php\/wp-json\/wp\/v2\/product_cat?post=16733"},{"taxonomy":"product_tag","embeddable":true,"href":"https:\/\/vetsul.com\/index.php\/wp-json\/wp\/v2\/product_tag?post=16733"}],"curies":[{"name":"wp","href":"https:\/\/api.w.org\/{rel}","templated":true}]}}