{"id":16731,"date":"2018-01-06T11:06:24","date_gmt":"2018-01-06T13:06:24","guid":{"rendered":"http:\/\/35.194.95.18\/wp-admin\/?post_type=product&#038;p=16731"},"modified":"2025-04-08T10:13:03","modified_gmt":"2025-04-08T13:13:03","slug":"probiotico-vetnil-coes-e-gatos","status":"publish","type":"product","link":"https:\/\/vetsul.com\/index.php\/product\/probiotico-vetnil-coes-e-gatos\/","title":{"rendered":"Probi\u00f3tico Vetnil C\u00e3es e Gatos"},"content":{"rendered":"<p>Probi\u00f3tico Vetnil C\u00e3es e Gatos<\/p>\n<p>Para uma flora microbiana saud\u00e1vel<\/p>\n<p><\/p>\n<p>O Probi\u00f3tico Vetnil C\u00e3es e Gatos \u00e9 composto por bact\u00e9rias ben\u00e9ficas naturalmente presentes no trato intestinal dos animais. O uso de Probi\u00f3tico tem a fun\u00e7\u00e3o de auxiliar a coloniza\u00e7\u00e3o de bact\u00e9rias ben\u00e9ficas, melhorar a absor\u00e7\u00e3o de nutrientes e auxiliar na s\u00edntese de vitaminas e prote\u00ednas.<\/p>\n<p><\/p>\n<p>INDICA\u00c7\u00c3O DO PRODUTO<\/p>\n<p><\/p>\n<p>Aditivo probi\u00f3tico para c\u00e3es e gatos.<\/p>\n<p><\/p>\n<p>Contribui para o equil\u00edbrio da microbiota intestinal.<\/p>\n<p><\/p>\n<p>Uso exclusivo na alimenta\u00e7\u00e3o animal.<\/p>\n<p><\/p>\n<p>N\u00cdVEL DE GARANTIA POR GRAMA DO PRODUTO<\/p>\n<p><\/p>\n<p>Saccharomyces cerevisiae (m\u00edn.)\u2026\u2026\u2026\u2026\u2026\u2026\u2026\u2026\u20263,33 x 105 UFC<\/p>\n<p>Lactobacillus acidophillus (m\u00edn.)\u2026\u2026\u2026\u2026\u2026\u2026\u2026\u2026\u2026.3,33 x 107 UFC<\/p>\n<p>Bifidobacterium bifidum (m\u00edn.)\u2026\u2026\u2026\u2026\u2026\u2026\u2026\u2026\u2026\u2026.3,33 x 107 UFC<\/p>\n<p>Enterococcus faecium (m\u00edn.)\u2026\u2026\u2026\u2026\u2026\u2026\u2026\u2026\u2026\u2026\u20261,66 x 107 UFC<\/p>\n<p>Lactobacillus plantarum (m\u00edn.)\u2026\u2026\u2026\u2026\u2026\u2026\u2026\u2026\u2026\u2026.1,66 x 107 UFC<\/p>\n<p><\/p>\n<p>MODO DE USAR<\/p>\n<p><\/p>\n<p>Probi\u00f3tico Vetnil deve ser aplicado diretamente na boca do animal.<\/p>\n<p><\/p>\n<p>Animais rec\u00e9m nascidos de pequeno porte: 1g.<\/p>\n<p>Animais adultos de pequeno porte: 2g.<\/p>\n<p>Animais rec\u00e9m nascidos de grande porte: 2g.<\/p>\n<p>Animais adultos de grande porte: 4g.<\/p>\n<p><\/p>\n<p>Fazer uso de forma continuada ou a crit\u00e9rio do m\u00e9dico veterin\u00e1rio respons\u00e1vel pelos animais.<\/p>\n<p><\/p>\n<p>Dica: Usar Probi\u00f3tico Vetnil C\u00e3es e Gatos pelo per\u00edodo de 4 dias antes de iniciar a utiliza\u00e7\u00e3o de suplementos, para melhor aproveitamento dos mesmos.<\/p>\n<p><\/p>\n<p>APRESENTA\u00c7\u00c3O<\/p>\n<p><\/p>\n<p>Seringas de 14 g.<\/p>\n","protected":false},"excerpt":{"rendered":"<p>Probi\u00f3tico Vetnil C\u00e3es e Gatos Para uma flora microbiana saud\u00e1vel O Probi\u00f3tico Vetnil C\u00e3es e Gatos \u00e9 composto por bact\u00e9rias ben\u00e9ficas naturalmente<\/p>\n","protected":false},"featured_media":16732,"template":"","meta":{"_acf_changed":false},"product_brand":[],"product_cat":[182],"product_tag":[],"class_list":{"0":"post-16731","1":"product","2":"type-product","3":"status-publish","4":"has-post-thumbnail","6":"product_cat-suplementos-e-vitaminas-3","8":"first","9":"instock","10":"purchasable","11":"product-type-simple"},"acf":[],"_links":{"self":[{"href":"https:\/\/vetsul.com\/index.php\/wp-json\/wp\/v2\/product\/16731","targetHints":{"allow":["GET"]}}],"collection":[{"href":"https:\/\/vetsul.com\/index.php\/wp-json\/wp\/v2\/product"}],"about":[{"href":"https:\/\/vetsul.com\/index.php\/wp-json\/wp\/v2\/types\/product"}],"wp:featuredmedia":[{"embeddable":true,"href":"https:\/\/vetsul.com\/index.php\/wp-json\/wp\/v2\/media\/16732"}],"wp:attachment":[{"href":"https:\/\/vetsul.com\/index.php\/wp-json\/wp\/v2\/media?parent=16731"}],"wp:term":[{"taxonomy":"product_brand","embeddable":true,"href":"https:\/\/vetsul.com\/index.php\/wp-json\/wp\/v2\/product_brand?post=16731"},{"taxonomy":"product_cat","embeddable":true,"href":"https:\/\/vetsul.com\/index.php\/wp-json\/wp\/v2\/product_cat?post=16731"},{"taxonomy":"product_tag","embeddable":true,"href":"https:\/\/vetsul.com\/index.php\/wp-json\/wp\/v2\/product_tag?post=16731"}],"curies":[{"name":"wp","href":"https:\/\/api.w.org\/{rel}","templated":true}]}}