{"id":16727,"date":"2018-01-06T10:39:54","date_gmt":"2018-01-06T12:39:54","guid":{"rendered":"http:\/\/35.194.95.18\/wp-admin\/?post_type=product&#038;p=16727"},"modified":"2025-02-07T16:00:19","modified_gmt":"2025-02-07T19:00:19","slug":"previcox-227mg-10cp","status":"publish","type":"product","link":"https:\/\/vetsul.com\/index.php\/product\/previcox-227mg-10cp\/","title":{"rendered":"Previcox 227mg 10cp"},"content":{"rendered":"<p>Anti-inflamat\u00f3rio para al\u00edvio da dor e inflama\u00e7\u00e3o associadas a osteoartrite e cirurgias canina.<\/p>\n<p>&nbsp;&nbsp;<\/p>\n<p><\/p>\n<p><\/p>\n<p>Possui efeito anti-inflamat\u00f3rio, analg\u00e9sico e antipir\u00e9tico (contra febre).<\/p>\n<p>Efic\u00e1cia comprovada para al\u00edvio dos sintomas da osteoartrite, como dificuldade de locomo\u00e7\u00e3o, manqueira ou relut\u00e2ncia em se movimentar.<\/p>\n<p>A\u00e7\u00e3o r\u00e1pida contra a dor desde as primeiras horas ap\u00f3s a administra\u00e7\u00e3o e melhora cl\u00ednica em poucos dias ap\u00f3s o in\u00edcio do tratamento.<\/p>\n<p>Ideal para uso prolongado, pois a alt\u00edssima seletividade de Previcox inibindo a enzima cicloxigenase-2 reduz drasticamente o surgimento de efeitos colaterais deste anti-inflamat\u00f3rio &#8211; tais como os desconfortos g\u00e1stricos ou o risco de comprometimento da fun\u00e7\u00e3o renal. N\u00e3o existe recomenda\u00e7\u00e3o para o m\u00e1ximo per\u00edodo de uso de Previcox, no entanto, recomenda-se que o uso prolongado do produto seja acompanhado pelo M\u00e9dico Veterin\u00e1rio.<\/p>\n<p>Facilidade de administra\u00e7\u00e3o, pois os comprimidos s\u00e3o divis\u00edveis e mastig\u00e1veis.<\/p>\n<p>Contraindicado para uso em gatos, cadelas gestantes ou em lacta\u00e7\u00e3o. N\u00e3o deve ser utilizado em conjunto com outros anti-inflamat\u00f3rios (esteroidais ou n\u00e3o).<\/p>\n<p>&nbsp;<\/p>\n<p><\/p>\n<p>&nbsp;<\/p>\n<p>Apresenta\u00e7\u00e3o:<\/p>\n<p>Previcox 57 mg e 227 mg (caixas com 10 comprimidos ou frasco com 60 comprimidos)<\/p>\n","protected":false},"excerpt":{"rendered":"<p>Anti-inflamat\u00f3rio para al\u00edvio da dor e inflama\u00e7\u00e3o associadas a osteoartrite e cirurgias canina. &nbsp;&nbsp; Possui efeito anti-inflamat\u00f3rio, analg\u00e9sico e antipir\u00e9tico (contra febre).<\/p>\n","protected":false},"featured_media":16728,"template":"","meta":{"_acf_changed":false},"product_brand":[],"product_cat":[174,179],"product_tag":[1045,1044],"class_list":{"0":"post-16727","1":"product","2":"type-product","3":"status-publish","4":"has-post-thumbnail","6":"product_cat-anti-inflamatorios-3","7":"product_cat-anti-inflamatorio","8":"product_tag-firovet","9":"product_tag-previcox","11":"first","12":"instock","13":"purchasable","14":"product-type-simple"},"acf":[],"_links":{"self":[{"href":"https:\/\/vetsul.com\/index.php\/wp-json\/wp\/v2\/product\/16727","targetHints":{"allow":["GET"]}}],"collection":[{"href":"https:\/\/vetsul.com\/index.php\/wp-json\/wp\/v2\/product"}],"about":[{"href":"https:\/\/vetsul.com\/index.php\/wp-json\/wp\/v2\/types\/product"}],"wp:featuredmedia":[{"embeddable":true,"href":"https:\/\/vetsul.com\/index.php\/wp-json\/wp\/v2\/media\/16728"}],"wp:attachment":[{"href":"https:\/\/vetsul.com\/index.php\/wp-json\/wp\/v2\/media?parent=16727"}],"wp:term":[{"taxonomy":"product_brand","embeddable":true,"href":"https:\/\/vetsul.com\/index.php\/wp-json\/wp\/v2\/product_brand?post=16727"},{"taxonomy":"product_cat","embeddable":true,"href":"https:\/\/vetsul.com\/index.php\/wp-json\/wp\/v2\/product_cat?post=16727"},{"taxonomy":"product_tag","embeddable":true,"href":"https:\/\/vetsul.com\/index.php\/wp-json\/wp\/v2\/product_tag?post=16727"}],"curies":[{"name":"wp","href":"https:\/\/api.w.org\/{rel}","templated":true}]}}