{"id":16725,"date":"2018-01-06T10:34:14","date_gmt":"2018-01-06T12:34:14","guid":{"rendered":"http:\/\/35.194.95.18\/wp-admin\/?post_type=product&#038;p=16725"},"modified":"2025-08-11T14:41:11","modified_gmt":"2025-08-11T17:41:11","slug":"pradovillate-500ml","status":"publish","type":"product","link":"https:\/\/vetsul.com\/index.php\/product\/pradovillate-500ml\/","title":{"rendered":"PRADOVILLATE 500ml"},"content":{"rendered":"<p>Descri\u00e7\u00e3o:<\/p>\n<p>Produto antiss\u00e9ptico e cicatrizante para o tratamento de<\/p>\n<p>problemas dos cascos de todas as esp\u00e9cies animais.<\/p>\n<p>F\u00f3rmula:<\/p>\n<p>Cada 100 mL cont\u00e9m:<\/p>\n<p>Sulfato de zinco 5 g<\/p>\n<p>Sulfato de cobre 5 g<\/p>\n<p>Acetato de chumbo 10 g<\/p>\n<p>\u00c1cido ac\u00e9tico 6 mL<\/p>\n<p>Ve\u00edculo q.s.p 100 mL<\/p>\n<p>Indica\u00e7\u00f5es:<\/p>\n<p>Tratamento de \u201cfrieiras\u201d, rachaduras, processos ulcerativos, inflamat\u00f3rios e podrid\u00f5es dos cascos, inclusive \u201cfoot rot\u201d, atuando tamb\u00e9m como cicatrizante.<\/p>\n<p>Dosagem:<\/p>\n<p>Limpar a \u00e1rea afetada e aplicar o produto diretamente sobre a les\u00e3o. Repetir o tratamento 1 ou 2 vezes ao dia at\u00e9 a recupera\u00e7\u00e3o dos sintomas.<\/p>\n<p>Pode-se usar na forma de pedil\u00favios na dilui\u00e7\u00e3o de 1:9.<\/p>\n<p>Modo de Usar:<\/p>\n<p>Uso t\u00f3pico.<\/p>\n<p>Car\u00eancia:<\/p>\n<p>ABATE: car\u00eancia zero.<\/p>\n<p>LEITE: car\u00eancia zero.f<\/p>\n","protected":false},"excerpt":{"rendered":"<p>Descri\u00e7\u00e3o: Produto antiss\u00e9ptico e cicatrizante para o tratamento de problemas dos cascos de todas as esp\u00e9cies animais. F\u00f3rmula: Cada 100 mL cont\u00e9m:<\/p>\n","protected":false},"featured_media":16726,"template":"","meta":{"_acf_changed":false},"product_brand":[],"product_cat":[185,188],"product_tag":[1046,1028],"class_list":{"0":"post-16725","1":"product","2":"type-product","3":"status-publish","4":"has-post-thumbnail","6":"product_cat-cicatrizantes-e-mata-bicheiras","7":"product_cat-cicatrizantes-e-mata-bicheiras-3","8":"product_tag-licor-de-vilate","9":"product_tag-prado","11":"first","12":"outofstock","13":"purchasable","14":"product-type-simple"},"acf":[],"_links":{"self":[{"href":"https:\/\/vetsul.com\/index.php\/wp-json\/wp\/v2\/product\/16725","targetHints":{"allow":["GET"]}}],"collection":[{"href":"https:\/\/vetsul.com\/index.php\/wp-json\/wp\/v2\/product"}],"about":[{"href":"https:\/\/vetsul.com\/index.php\/wp-json\/wp\/v2\/types\/product"}],"wp:featuredmedia":[{"embeddable":true,"href":"https:\/\/vetsul.com\/index.php\/wp-json\/wp\/v2\/media\/16726"}],"wp:attachment":[{"href":"https:\/\/vetsul.com\/index.php\/wp-json\/wp\/v2\/media?parent=16725"}],"wp:term":[{"taxonomy":"product_brand","embeddable":true,"href":"https:\/\/vetsul.com\/index.php\/wp-json\/wp\/v2\/product_brand?post=16725"},{"taxonomy":"product_cat","embeddable":true,"href":"https:\/\/vetsul.com\/index.php\/wp-json\/wp\/v2\/product_cat?post=16725"},{"taxonomy":"product_tag","embeddable":true,"href":"https:\/\/vetsul.com\/index.php\/wp-json\/wp\/v2\/product_tag?post=16725"}],"curies":[{"name":"wp","href":"https:\/\/api.w.org\/{rel}","templated":true}]}}