{"id":16723,"date":"2018-01-06T10:29:13","date_gmt":"2018-01-06T12:29:13","guid":{"rendered":"http:\/\/35.194.95.18\/wp-admin\/?post_type=product&#038;p=16723"},"modified":"2025-08-11T14:41:11","modified_gmt":"2025-08-11T17:41:11","slug":"pradotin-50ml","status":"publish","type":"product","link":"https:\/\/vetsul.com\/index.php\/product\/pradotin-50ml\/","title":{"rendered":"PRADOTIN 50ml"},"content":{"rendered":"<p>F\u00f3rmula:<\/p>\n<p>Cada 100 mL cont\u00e9m:<\/p>\n<p>Hexametilenotetramina 1,0 g<\/p>\n<p>Cafe\u00edna 1,0 g<\/p>\n<p>Benzoato de s\u00f3dio 1,0 g<\/p>\n<p>Sulfato de esparte\u00edna 12,5 mg<\/p>\n<p>Ve\u00edculo glico-fisiol\u00f3gico q.s.p. 100 mL<\/p>\n<p>Indica\u00e7\u00f5es:<\/p>\n<p>Estimulante card\u00edaco e respirat\u00f3rio dos centros nervosos<\/p>\n<p>corticais, regula a excre\u00e7\u00e3o urin\u00e1ria (diur\u00e9tico), atua como antiss\u00e9ptico das vias urin\u00e1rias e biliares.<\/p>\n<p>Aumenta a for\u00e7a muscular. Usado juntamente com o Pradoc\u00e1lcio pela via endovenosa, proporciona maior rapidez na aplica\u00e7\u00e3o e seguran\u00e7a contra problemas card\u00edacos.<\/p>\n<p>Empregado em casos de fadiga, associado ou n\u00e3o a outros medicamentos.<\/p>\n<p>Dosagem:<\/p>\n<p>Animais de grande porte: 10 mL a 50 mL<\/p>\n<p>Animais de m\u00e9dio porte: 5 mL a 10 mL<\/p>\n<p>Animais de pequeno porte: 2 mL a 5 mL<\/p>\n<p>Modo de Usar:<\/p>\n<p>Uso injet\u00e1vel, via intramuscular, endovenosa ou intraperitoneal.<\/p>\n<p>Car\u00eancia:<\/p>\n<p>ABATE: 05 dias ap\u00f3s a \u00faltima aplica\u00e7\u00e3o.<\/p>\n<p>LEITE: 03 dias ap\u00f3s a \u00faltima aplica\u00e7\u00e3o.<\/p>\n","protected":false},"excerpt":{"rendered":"<p>F\u00f3rmula: Cada 100 mL cont\u00e9m: Hexametilenotetramina 1,0 g Cafe\u00edna 1,0 g Benzoato de s\u00f3dio 1,0 g Sulfato de esparte\u00edna 12,5 mg Ve\u00edculo<\/p>\n","protected":false},"featured_media":16724,"template":"","meta":{"_acf_changed":false},"product_brand":[967],"product_cat":[173,178],"product_tag":[994,1028],"class_list":{"0":"post-16723","1":"product","2":"type-product","3":"status-publish","4":"has-post-thumbnail","6":"product_brand-agener-uniao","7":"product_cat-suplementos-e-vitaminas","8":"product_cat-suplementos-e-vitaminas-2","9":"product_tag-agener","10":"product_tag-prado","12":"first","13":"instock","14":"purchasable","15":"product-type-simple"},"acf":[],"_links":{"self":[{"href":"https:\/\/vetsul.com\/index.php\/wp-json\/wp\/v2\/product\/16723","targetHints":{"allow":["GET"]}}],"collection":[{"href":"https:\/\/vetsul.com\/index.php\/wp-json\/wp\/v2\/product"}],"about":[{"href":"https:\/\/vetsul.com\/index.php\/wp-json\/wp\/v2\/types\/product"}],"wp:featuredmedia":[{"embeddable":true,"href":"https:\/\/vetsul.com\/index.php\/wp-json\/wp\/v2\/media\/16724"}],"wp:attachment":[{"href":"https:\/\/vetsul.com\/index.php\/wp-json\/wp\/v2\/media?parent=16723"}],"wp:term":[{"taxonomy":"product_brand","embeddable":true,"href":"https:\/\/vetsul.com\/index.php\/wp-json\/wp\/v2\/product_brand?post=16723"},{"taxonomy":"product_cat","embeddable":true,"href":"https:\/\/vetsul.com\/index.php\/wp-json\/wp\/v2\/product_cat?post=16723"},{"taxonomy":"product_tag","embeddable":true,"href":"https:\/\/vetsul.com\/index.php\/wp-json\/wp\/v2\/product_tag?post=16723"}],"curies":[{"name":"wp","href":"https:\/\/api.w.org\/{rel}","templated":true}]}}