{"id":16721,"date":"2018-01-06T10:22:30","date_gmt":"2018-01-06T12:22:30","guid":{"rendered":"http:\/\/35.194.95.18\/wp-admin\/?post_type=product&#038;p=16721"},"modified":"2025-04-08T10:13:03","modified_gmt":"2025-04-08T13:13:03","slug":"potrus-2-5kg","status":"publish","type":"product","link":"https:\/\/vetsul.com\/index.php\/product\/potrus-2-5kg\/","title":{"rendered":"Potrus 2,5kg"},"content":{"rendered":"<p>otrus \u00e9 um suplemento alimentar, pronto uso, indicado para potros em desenvolvimento.<\/p>\n<p>Modo de uso<\/p>\n<p>Potros entre 4 a 6 meses de idade: 50g\/animal\/dia; 6 a 12 meses: 75g\/animal\/dia; 12 a 18 meses: 100g\/animal\/dia; 18 a 24 meses: 125g\/animal\/dia; 24 a 36 meses: 150g\/animal\/dia.<\/p>\n<p>potrus_2,5kg<\/p>\n<p>N\u00edveis de garantia por kilograma do produto<\/p>\n<p>Garantia<span style=\"white-space:pre\">\t<\/span>Valor<span style=\"white-space:pre\">\t<\/span>Unidade<\/p>\n<p>\u00c1cido Asp\u00e1rtico (M\u00ednimo)<span style=\"white-space:pre\">\t<\/span>4.116<span style=\"white-space:pre\">\t<\/span>mg<\/p>\n<p>\u00c1cido F\u00f3lico (M\u00ednimo)<span style=\"white-space:pre\">\t<\/span>513<span style=\"white-space:pre\">\t<\/span>mg<\/p>\n<p>\u00c1cido Glut\u00e2mico (M\u00ednimo)<span style=\"white-space:pre\">\t<\/span>6.534<span style=\"white-space:pre\">\t<\/span>mg<\/p>\n<p>\u00c1cido Linol\u00e9ico (M\u00ednimo)<span style=\"white-space:pre\">\t<\/span>23,25<span style=\"white-space:pre\">\t<\/span>g<\/p>\n<p>\u00c1cido Linol\u00eanico (M\u00ednimo)<span style=\"white-space:pre\">\t<\/span>775<span style=\"white-space:pre\">\t<\/span>mg<\/p>\n<p>\u00c1cido Nicot\u00ednico (M\u00ednimo)<span style=\"white-space:pre\">\t<\/span>600<span style=\"white-space:pre\">\t<\/span>mg<\/p>\n<p>\u00c1cido Ol\u00e9ico (M\u00ednimo)<span style=\"white-space:pre\">\t<\/span>26,35<span style=\"white-space:pre\">\t<\/span>g<\/p>\n<p>Alanina (M\u00ednimo)<span style=\"white-space:pre\">\t<\/span>5.096<span style=\"white-space:pre\">\t<\/span>mg<\/p>\n<p>Arginina (M\u00ednimo)<span style=\"white-space:pre\">\t<\/span>3.465<span style=\"white-space:pre\">\t<\/span>mg<\/p>\n<p>Betacaroteno<span style=\"white-space:pre\">\t<\/span>4<span style=\"white-space:pre\">\t<\/span>mg<\/p>\n<p>Betaglucanas (m\u00ednimo)<span style=\"white-space:pre\">\t<\/span>9.400<span style=\"white-space:pre\">\t<\/span>mg<\/p>\n<p>Biotina (M\u00ednimo)<span style=\"white-space:pre\">\t<\/span>10,67<span style=\"white-space:pre\">\t<\/span>mg<\/p>\n<p>C\u00e1lcio (M\u00edn\/M\u00e1x)<span style=\"white-space:pre\">\t<\/span>44,80\/42,60<span style=\"white-space:pre\">\t<\/span>g<\/p>\n<p>Ciste\u00edna (m\u00ednimo)<span style=\"white-space:pre\">\t<\/span>396<span style=\"white-space:pre\">\t<\/span>mg<\/p>\n<p>Cistina (M\u00ednimo)<span style=\"white-space:pre\">\t<\/span>118<span style=\"white-space:pre\">\t<\/span>mg<\/p>\n<p>Cobalto (M\u00ednimo)<span style=\"white-space:pre\">\t<\/span>200<span style=\"white-space:pre\">\t<\/span>mg<\/p>\n<p>Cobre (M\u00ednimo)<span style=\"white-space:pre\">\t<\/span>600<span style=\"white-space:pre\">\t<\/span>mg<\/p>\n<p>Colina (M\u00ednimo)<span style=\"white-space:pre\">\t<\/span>1.200<span style=\"white-space:pre\">\t<\/span>mg<\/p>\n<p>Cromo (M\u00ednimo)<span style=\"white-space:pre\">\t<\/span>80<span style=\"white-space:pre\">\t<\/span>mg<\/p>\n<p>Enxofre (M\u00ednimo)<span style=\"white-space:pre\">\t<\/span>8.019<span style=\"white-space:pre\">\t<\/span>mg<\/p>\n<p>Equivalente dextrose (m\u00ednimo)<span style=\"white-space:pre\">\t<\/span>3.400<span style=\"white-space:pre\">\t<\/span>mg<\/p>\n<p>Fenilalanina (M\u00ednimo)<span style=\"white-space:pre\">\t<\/span>1.617<span style=\"white-space:pre\">\t<\/span>mg<\/p>\n<p>Ferro (M\u00ednimo)<span style=\"white-space:pre\">\t<\/span>2.520<span style=\"white-space:pre\">\t<\/span>mg<\/p>\n<p>Fl\u00faor (M\u00e1ximo)<span style=\"white-space:pre\">\t<\/span>367<span style=\"white-space:pre\">\t<\/span>mg<\/p>\n<p>F\u00f3sforo (M\u00ednimo)<span style=\"white-space:pre\">\t<\/span>36,60<span style=\"white-space:pre\">\t<\/span>g<\/p>\n<p>Fruto-oligossacar\u00eddeos (m\u00ednimo)<span style=\"white-space:pre\">\t<\/span>1.000<span style=\"white-space:pre\">\t<\/span>mg<\/p>\n<p>Glicina (M\u00ednimo)<span style=\"white-space:pre\">\t<\/span>12,37<span style=\"white-space:pre\">\t<\/span>g<\/p>\n<p>Histidina (M\u00ednimo)<span style=\"white-space:pre\">\t<\/span>920<span style=\"white-space:pre\">\t<\/span>mg<\/p>\n<p>Iodo (M\u00ednimo)<span style=\"white-space:pre\">\t<\/span>78<span style=\"white-space:pre\">\t<\/span>mg<\/p>\n<p>Isoleucina (M\u00ednimo)<span style=\"white-space:pre\">\t<\/span>1.350<span style=\"white-space:pre\">\t<\/span>mg<\/p>\n<p>L- Glutamina (m\u00ednimo)<span style=\"white-space:pre\">\t<\/span>2.178<span style=\"white-space:pre\">\t<\/span>mg<\/p>\n<p>L-Lisina (M\u00ednimo)<span style=\"white-space:pre\">\t<\/span>182,50<span style=\"white-space:pre\">\t<\/span>g<\/p>\n<p>Leucina (M\u00ednimo)<span style=\"white-space:pre\">\t<\/span>2.574<span style=\"white-space:pre\">\t<\/span>mg<\/p>\n<p>Magn\u00e9sio (M\u00ednimo)<span style=\"white-space:pre\">\t<\/span>4.725<span style=\"white-space:pre\">\t<\/span>mg<\/p>\n<p>Mananoligossacar\u00eddeos (m\u00ednimo)<span style=\"white-space:pre\">\t<\/span>10,34<span style=\"white-space:pre\">\t<\/span>g<\/p>\n<p>Mangan\u00eas (M\u00ednimo)<span style=\"white-space:pre\">\t<\/span>434<span style=\"white-space:pre\">\t<\/span>mg<\/p>\n<p>Metionina (M\u00ednimo)<span style=\"white-space:pre\">\t<\/span>35,64<span style=\"white-space:pre\">\t<\/span>g<\/p>\n<p>Nucleot\u00eddeos (m\u00ednimo)<span style=\"white-space:pre\">\t<\/span>700<span style=\"white-space:pre\">\t<\/span>mg<\/p>\n<p>Pantotenato de C\u00e1lcio (M\u00ednimo)<span style=\"white-space:pre\">\t<\/span>509<span style=\"white-space:pre\">\t<\/span>mg<\/p>\n<p>Prolina (M\u00ednimo)<span style=\"white-space:pre\">\t<\/span>6.633<span style=\"white-space:pre\">\t<\/span>mg<\/p>\n<p>Saccharomyces cerevisiae (m\u00ednimo)<span style=\"white-space:pre\">\t<\/span>11x10e9<span style=\"white-space:pre\">\t<\/span>ufc<\/p>\n<p>Sel\u00eanio (M\u00ednimo)<span style=\"white-space:pre\">\t<\/span>15,75<span style=\"white-space:pre\">\t<\/span>mg<\/p>\n<p>Serina (M\u00ednimo)<span style=\"white-space:pre\">\t<\/span>1.568<span style=\"white-space:pre\">\t<\/span>mg<\/p>\n<p>Tirosina (M\u00ednimo)<span style=\"white-space:pre\">\t<\/span>980<span style=\"white-space:pre\">\t<\/span>mg<\/p>\n<p>Treonina (M\u00ednimo)<span style=\"white-space:pre\">\t<\/span>120,54<span style=\"white-space:pre\">\t<\/span>g<\/p>\n<p>Triptofano (M\u00ednimo)<span style=\"white-space:pre\">\t<\/span>22,30<span style=\"white-space:pre\">\t<\/span>g<\/p>\n<p>Valina (M\u00ednimo)<span style=\"white-space:pre\">\t<\/span>1.980<span style=\"white-space:pre\">\t<\/span>mg<\/p>\n<p>Vitamina A (M\u00ednimo)<span style=\"white-space:pre\">\t<\/span>10.000<span style=\"white-space:pre\">\t<\/span>UI<\/p>\n<p>Vitamina B1 (M\u00ednimo)<span style=\"white-space:pre\">\t<\/span>254,80<span style=\"white-space:pre\">\t<\/span>mg<\/p>\n<p>Vitamina B12 (M\u00ednimo)<span style=\"white-space:pre\">\t<\/span>2.910<span style=\"white-space:pre\">\t<\/span>mcg<\/p>\n<p>Vitamina B2 (M\u00ednimo)<span style=\"white-space:pre\">\t<\/span>200<span style=\"white-space:pre\">\t<\/span>mg<\/p>\n<p>Vitamina B6 (M\u00ednimo)<span style=\"white-space:pre\">\t<\/span>205,80<span style=\"white-space:pre\">\t<\/span>mg<\/p>\n<p>Vitamina C (M\u00ednimo)<span style=\"white-space:pre\">\t<\/span>1.067<span style=\"white-space:pre\">\t<\/span>mg<\/p>\n<p>Vitamina D3 (M\u00ednimo)<span style=\"white-space:pre\">\t<\/span>15.680<span style=\"white-space:pre\">\t<\/span>UI<\/p>\n<p>Vitamina E (M\u00ednimo)<span style=\"white-space:pre\">\t<\/span>300<span style=\"white-space:pre\">\t<\/span>UI<\/p>\n<p>Vitamina K3 (M\u00ednimo)<span style=\"white-space:pre\">\t<\/span>1.090<span style=\"white-space:pre\">\t<\/span>mg<\/p>\n<p>Zinco (M\u00ednimo)<span style=\"white-space:pre\">\t<\/span>2.275<span style=\"white-space:pre\">\t<\/span>mg<\/p>\n<p>Excipiente q.s.p<span style=\"white-space:pre\">\t<\/span>1.000<span style=\"white-space:pre\">\t<\/span>g<\/p>\n","protected":false},"excerpt":{"rendered":"<p>otrus \u00e9 um suplemento alimentar, pronto uso, indicado para potros em desenvolvimento. Modo de uso Potros entre 4 a 6 meses de<\/p>\n","protected":false},"featured_media":16722,"template":"","meta":{"_acf_changed":false},"product_brand":[952],"product_cat":[178],"product_tag":[983],"class_list":{"0":"post-16721","1":"product","2":"type-product","3":"status-publish","4":"has-post-thumbnail","6":"product_brand-lavizoo","7":"product_cat-suplementos-e-vitaminas-2","8":"product_tag-lavizoo","10":"first","11":"instock","12":"purchasable","13":"product-type-simple"},"acf":[],"_links":{"self":[{"href":"https:\/\/vetsul.com\/index.php\/wp-json\/wp\/v2\/product\/16721","targetHints":{"allow":["GET"]}}],"collection":[{"href":"https:\/\/vetsul.com\/index.php\/wp-json\/wp\/v2\/product"}],"about":[{"href":"https:\/\/vetsul.com\/index.php\/wp-json\/wp\/v2\/types\/product"}],"wp:featuredmedia":[{"embeddable":true,"href":"https:\/\/vetsul.com\/index.php\/wp-json\/wp\/v2\/media\/16722"}],"wp:attachment":[{"href":"https:\/\/vetsul.com\/index.php\/wp-json\/wp\/v2\/media?parent=16721"}],"wp:term":[{"taxonomy":"product_brand","embeddable":true,"href":"https:\/\/vetsul.com\/index.php\/wp-json\/wp\/v2\/product_brand?post=16721"},{"taxonomy":"product_cat","embeddable":true,"href":"https:\/\/vetsul.com\/index.php\/wp-json\/wp\/v2\/product_cat?post=16721"},{"taxonomy":"product_tag","embeddable":true,"href":"https:\/\/vetsul.com\/index.php\/wp-json\/wp\/v2\/product_tag?post=16721"}],"curies":[{"name":"wp","href":"https:\/\/api.w.org\/{rel}","templated":true}]}}