{"id":16715,"date":"2018-01-06T10:11:59","date_gmt":"2018-01-06T12:11:59","guid":{"rendered":"http:\/\/35.194.95.18\/wp-admin\/?post_type=product&#038;p=16715"},"modified":"2025-02-07T16:00:19","modified_gmt":"2025-02-07T19:00:19","slug":"potemin-b12-oral-1lt","status":"publish","type":"product","link":"https:\/\/vetsul.com\/index.php\/product\/potemin-b12-oral-1lt\/","title":{"rendered":"POTEMIN B12 ORAL 1lt"},"content":{"rendered":"<p>O Potemin B12 \u00e9 um completo suplemento vitam\u00ednico e Mineral, Pode ser utilizado no per\u00edodo de gesta\u00e7\u00e3o e lacta\u00e7\u00e3o, ap\u00f3s o manejo de vacina\u00e7\u00f5es e outros manejos que causem desconforto aos animais na \u00e9poca de cobertura, no complemento alimentar dos filhotes em crescimento, no refor\u00e7o alimentar de animais de esportes e trabalhos pesados, e na complementa\u00e7\u00e3o vitam\u00ednica e mineral dos animais mais idosos. Auxilia aos animais a mostrarem todo o seu potencial. N\u00e3o perca tempo, garanta j\u00e1 o seu!<\/p>\n<p>FORMULA<\/p>\n<p>N\u00edveis de garantia por L (litro) do produto Potemin B12 Oral:<\/p>\n<p>\u00c1cido Pantot\u00eanico (M\u00ednimo)&#8230;&#8230;&#8230;&#8230;&#8230;&#8230;&#8230;.1.350mg<\/p>\n<p>C\u00e1lcio (M\u00ednimo)&#8230;&#8230;&#8230;&#8230;&#8230;&#8230;&#8230;&#8230;&#8230;&#8230;&#8230;&#8230;&#8230;&#8230;1.800mg<\/p>\n<p>C\u00e1lcio (M\u00e1ximo)&#8230;&#8230;&#8230;&#8230;&#8230;&#8230;&#8230;&#8230;&#8230;&#8230;&#8230;&#8230;&#8230;..2.000mg<\/p>\n<p>Nicotinamida (M\u00ednimo)&#8230;&#8230;&#8230;&#8230;&#8230;&#8230;&#8230;&#8230;&#8230;&#8230;1.700mg<\/p>\n<p>Pot\u00e1ssio (M\u00ednimo)&#8230;&#8230;&#8230;&#8230;&#8230;&#8230;&#8230;&#8230;&#8230;&#8230;&#8230;&#8230;&#8230;1.500mg<\/p>\n<p>S\u00f3dio (M\u00ednimo)&#8230;&#8230;&#8230;&#8230;&#8230;&#8230;&#8230;&#8230;&#8230;&#8230;&#8230;&#8230;&#8230;&#8230;..3.950mg<\/p>\n<p>Vitamina B1 (M\u00ednimo)&#8230;&#8230;&#8230;&#8230;&#8230;&#8230;&#8230;&#8230;&#8230;&#8230;&#8230;..200mg<\/p>\n<p>Vitamina B12 (M\u00ednimo)&#8230;&#8230;&#8230;&#8230;&#8230;&#8230;&#8230;&#8230;..20.000mcg<\/p>\n<p>Vitamina B2 (M\u00ednimo)&#8230;&#8230;&#8230;&#8230;&#8230;&#8230;&#8230;&#8230;&#8230;&#8230;&#8230;..400mg<\/p>\n<p>Vitamina B6 (M\u00ednimo)&#8230;&#8230;&#8230;&#8230;&#8230;&#8230;&#8230;&#8230;&#8230;&#8230;&#8230;..300mg<\/p>\n<p>Vitamina K (M\u00ednimo)&#8230;&#8230;&#8230;&#8230;&#8230;&#8230;&#8230;&#8230;&#8230;&#8230;&#8230;&#8230;.400mg<\/p>\n<p>SOBRE<\/p>\n<p>Reduza os riscos de doen\u00e7as na sua produ\u00e7\u00e3o, adquira j\u00e1 o melhor e mais indicado suplemento vitam\u00ednico e mineral do mercado: Potemin B12 Oral!! Potemin B12 Oral \u00e9 indicado para aves, bovinos, equinos, su\u00ednos, ovinos, caprinos, c\u00e3es e gatos, para ser administrado misturado \u00e0 \u00e1gua de bebida, leite ou alimento, em todos os casos em que seja necess\u00e1ria a suplementa\u00e7\u00e3o das vitaminas e minerais presentes na formula\u00e7\u00e3o. Pode ser utilizado no per\u00edodo de gesta\u00e7\u00e3o e lacta\u00e7\u00e3o, ap\u00f3s o manejo de vacina\u00e7\u00f5es e outros manejos que causem desconforto aos animais na \u00e9poca de cobertura, no complemento alimentar dos filhotes em crescimento, no refor\u00e7o alimentar de animais de esportes e trabalhos pesados, e na complementa\u00e7\u00e3o vitam\u00ednica e mineral dos animais mais idosos. Auxilia aos animais a mostrarem todo o seu potencial. Est\u00e1 esperando o qu\u00ea? Compre agora Potemin B12 Oral e tenha toda a qualidade e efic\u00e1cia do produto!<\/p>\n<p>INDICA\u00c7\u00d5ES<\/p>\n<p>Potemin B12 Oral \u00e9 um suplemento vitam\u00ednico e mineral, indicado para aves, bovinos, equinos, su\u00ednos, ovinos, caprinos, c\u00e3es e gatos, para ser administrado misturado \u00e0 \u00e1gua de bebida, leite ou alimento, em todos os casos em que seja necess\u00e1ria a suplementa\u00e7\u00e3o das vitaminas e minerais presentes na formula\u00e7\u00e3o. Pode ser utilizado no per\u00edodo de gesta\u00e7\u00e3o e lacta\u00e7\u00e3o, ap\u00f3s o manejo de vacina\u00e7\u00f5es e outros manejos que causem desconforto aos animais na \u00e9poca de cobertura, no complemento alimentar dos filhotes em crescimento, no refor\u00e7o alimentar de animais de esportes e trabalhos pesados, e na complementa\u00e7\u00e3o vitam\u00ednica e mineral dos animais mais idosos. Auxilia aos animais a mostrarem todo o seu potencial.<\/p>\n<div><\/div>\n","protected":false},"excerpt":{"rendered":"<p>O Potemin B12 \u00e9 um completo suplemento vitam\u00ednico e Mineral, Pode ser utilizado no per\u00edodo de gesta\u00e7\u00e3o e lacta\u00e7\u00e3o, ap\u00f3s o manejo<\/p>\n","protected":false},"featured_media":16716,"template":"","meta":{"_acf_changed":false},"product_brand":[],"product_cat":[164,163,165,182,173,178],"product_tag":[393,1034],"class_list":{"0":"post-16715","1":"product","2":"type-product","3":"status-publish","4":"has-post-thumbnail","6":"product_cat-bovinos-e-ovinos","7":"product_cat-equinos","8":"product_cat-pet","9":"product_cat-suplementos-e-vitaminas-3","10":"product_cat-suplementos-e-vitaminas","11":"product_cat-suplementos-e-vitaminas-2","12":"product_tag-b12","13":"product_tag-potenay","15":"first","16":"instock","17":"purchasable","18":"product-type-simple"},"acf":[],"_links":{"self":[{"href":"https:\/\/vetsul.com\/index.php\/wp-json\/wp\/v2\/product\/16715","targetHints":{"allow":["GET"]}}],"collection":[{"href":"https:\/\/vetsul.com\/index.php\/wp-json\/wp\/v2\/product"}],"about":[{"href":"https:\/\/vetsul.com\/index.php\/wp-json\/wp\/v2\/types\/product"}],"wp:featuredmedia":[{"embeddable":true,"href":"https:\/\/vetsul.com\/index.php\/wp-json\/wp\/v2\/media\/16716"}],"wp:attachment":[{"href":"https:\/\/vetsul.com\/index.php\/wp-json\/wp\/v2\/media?parent=16715"}],"wp:term":[{"taxonomy":"product_brand","embeddable":true,"href":"https:\/\/vetsul.com\/index.php\/wp-json\/wp\/v2\/product_brand?post=16715"},{"taxonomy":"product_cat","embeddable":true,"href":"https:\/\/vetsul.com\/index.php\/wp-json\/wp\/v2\/product_cat?post=16715"},{"taxonomy":"product_tag","embeddable":true,"href":"https:\/\/vetsul.com\/index.php\/wp-json\/wp\/v2\/product_tag?post=16715"}],"curies":[{"name":"wp","href":"https:\/\/api.w.org\/{rel}","templated":true}]}}