{"id":16713,"date":"2018-01-06T10:07:35","date_gmt":"2018-01-06T12:07:35","guid":{"rendered":"http:\/\/35.194.95.18\/wp-admin\/?post_type=product&#038;p=16713"},"modified":"2025-02-07T16:00:19","modified_gmt":"2025-02-07T19:00:19","slug":"placa-cmt","status":"publish","type":"product","link":"https:\/\/vetsul.com\/index.php\/product\/placa-cmt\/","title":{"rendered":"PLACA CMT"},"content":{"rendered":"<p>A Placa CMT permite o diagn\u00f3stico preciso da mastite por meio de um teste r\u00e1pido e simples. D\u00ea o bem-estar que sua vaca precisa na hora da ordenha!<\/p>\n","protected":false},"excerpt":{"rendered":"<p>A Placa CMT permite o diagn\u00f3stico preciso da mastite por meio de um teste r\u00e1pido e simples. D\u00ea o bem-estar que sua<\/p>\n","protected":false},"featured_media":16714,"template":"","meta":{"_acf_changed":false},"product_brand":[],"product_cat":[15],"product_tag":[],"class_list":{"0":"post-16713","1":"product","2":"type-product","3":"status-publish","4":"has-post-thumbnail","6":"product_cat-uncategorized","8":"first","9":"outofstock","10":"shipping-taxable","11":"purchasable","12":"product-type-simple"},"acf":[],"_links":{"self":[{"href":"https:\/\/vetsul.com\/index.php\/wp-json\/wp\/v2\/product\/16713","targetHints":{"allow":["GET"]}}],"collection":[{"href":"https:\/\/vetsul.com\/index.php\/wp-json\/wp\/v2\/product"}],"about":[{"href":"https:\/\/vetsul.com\/index.php\/wp-json\/wp\/v2\/types\/product"}],"wp:featuredmedia":[{"embeddable":true,"href":"https:\/\/vetsul.com\/index.php\/wp-json\/wp\/v2\/media\/16714"}],"wp:attachment":[{"href":"https:\/\/vetsul.com\/index.php\/wp-json\/wp\/v2\/media?parent=16713"}],"wp:term":[{"taxonomy":"product_brand","embeddable":true,"href":"https:\/\/vetsul.com\/index.php\/wp-json\/wp\/v2\/product_brand?post=16713"},{"taxonomy":"product_cat","embeddable":true,"href":"https:\/\/vetsul.com\/index.php\/wp-json\/wp\/v2\/product_cat?post=16713"},{"taxonomy":"product_tag","embeddable":true,"href":"https:\/\/vetsul.com\/index.php\/wp-json\/wp\/v2\/product_tag?post=16713"}],"curies":[{"name":"wp","href":"https:\/\/api.w.org\/{rel}","templated":true}]}}