{"id":16711,"date":"2018-01-06T10:04:12","date_gmt":"2018-01-06T12:04:12","guid":{"rendered":"http:\/\/35.194.95.18\/wp-admin\/?post_type=product&#038;p=16711"},"modified":"2025-02-07T16:00:19","modified_gmt":"2025-02-07T19:00:19","slug":"coletores-de-citologico-uterino-para-guas","status":"publish","type":"product","link":"https:\/\/vetsul.com\/index.php\/product\/coletores-de-citologico-uterino-para-guas\/","title":{"rendered":"Coletores de Citol\u00f3gico Uterino para \u00c9guas"},"content":{"rendered":"<p><span style=\"font-family: Calibri, Verdana, Geneva, sans-serif;font-size: 16px\">Semelhante ao coletor de swab uterino, muda apenas a ponta da haste interna com escova ginecol\u00f3gica para coleta de amostras de c\u00e9lulas endometriais no lugar do cotonete. O conjunto de: haste interna com a escova cervical, haste externa de prote\u00e7\u00e3o e camisa sanit\u00e1ria, s\u00e3o embalados individualmente e esterilizados por radia\u00e7\u00e3o gama.<\/span><\/p>\n","protected":false},"excerpt":{"rendered":"<p>Semelhante ao coletor de swab uterino, muda apenas a ponta da haste interna com escova ginecol\u00f3gica para coleta de amostras de c\u00e9lulas<\/p>\n","protected":false},"featured_media":16712,"template":"","meta":{"_acf_changed":false},"product_brand":[],"product_cat":[177],"product_tag":[1027],"class_list":{"0":"post-16711","1":"product","2":"type-product","3":"status-publish","4":"has-post-thumbnail","6":"product_cat-reproducao-2","7":"product_tag-provar","9":"first","10":"instock","11":"shipping-taxable","12":"purchasable","13":"product-type-simple"},"acf":[],"_links":{"self":[{"href":"https:\/\/vetsul.com\/index.php\/wp-json\/wp\/v2\/product\/16711","targetHints":{"allow":["GET"]}}],"collection":[{"href":"https:\/\/vetsul.com\/index.php\/wp-json\/wp\/v2\/product"}],"about":[{"href":"https:\/\/vetsul.com\/index.php\/wp-json\/wp\/v2\/types\/product"}],"wp:featuredmedia":[{"embeddable":true,"href":"https:\/\/vetsul.com\/index.php\/wp-json\/wp\/v2\/media\/16712"}],"wp:attachment":[{"href":"https:\/\/vetsul.com\/index.php\/wp-json\/wp\/v2\/media?parent=16711"}],"wp:term":[{"taxonomy":"product_brand","embeddable":true,"href":"https:\/\/vetsul.com\/index.php\/wp-json\/wp\/v2\/product_brand?post=16711"},{"taxonomy":"product_cat","embeddable":true,"href":"https:\/\/vetsul.com\/index.php\/wp-json\/wp\/v2\/product_cat?post=16711"},{"taxonomy":"product_tag","embeddable":true,"href":"https:\/\/vetsul.com\/index.php\/wp-json\/wp\/v2\/product_tag?post=16711"}],"curies":[{"name":"wp","href":"https:\/\/api.w.org\/{rel}","templated":true}]}}