{"id":16709,"date":"2018-01-06T10:03:01","date_gmt":"2018-01-06T12:03:01","guid":{"rendered":"http:\/\/35.194.95.18\/wp-admin\/?post_type=product&#038;p=16709"},"modified":"2025-02-24T16:29:06","modified_gmt":"2025-02-24T19:29:06","slug":"coletores-de-swab-uterino-para-guas","status":"publish","type":"product","link":"https:\/\/vetsul.com\/index.php\/product\/coletores-de-swab-uterino-para-guas\/","title":{"rendered":"Coletores de Swab Uterino para \u00c9guas"},"content":{"rendered":"<p><span style=\"font-family: Calibri, Verdana, Geneva, sans-serif;font-size: 14px\">Conjunto de duas hastes com cotonete na ponta protegido por camisa sanit\u00e1ria, embalado individualmente e esterilizado por radia\u00e7\u00e3o gama. Ap\u00f3s a introdu\u00e7\u00e3o do aparelho no interior do \u00fatero da \u00e9gua, rompe-se a camisa sanit\u00e1ria e empurra-se a haste interna com o cotonete para coleta do material. Ap\u00f3s a coleta da amostra, puxa-se a haste de volta para dentro do tubo externo e retira-se o conjunto de dentro do \u00fatero com o cotonete protegido de contamina\u00e7\u00f5es.<\/span><\/p>\n","protected":false},"excerpt":{"rendered":"<p>Conjunto de duas hastes com cotonete na ponta protegido por camisa sanit\u00e1ria, embalado individualmente e esterilizado por radia\u00e7\u00e3o gama. Ap\u00f3s a introdu\u00e7\u00e3o<\/p>\n","protected":false},"featured_media":16710,"template":"","meta":{"_acf_changed":false},"product_brand":[],"product_cat":[177],"product_tag":[1027],"class_list":{"0":"post-16709","1":"product","2":"type-product","3":"status-publish","4":"has-post-thumbnail","6":"product_cat-reproducao-2","7":"product_tag-provar","9":"first","10":"instock","11":"shipping-taxable","12":"purchasable","13":"product-type-simple"},"acf":[],"_links":{"self":[{"href":"https:\/\/vetsul.com\/index.php\/wp-json\/wp\/v2\/product\/16709","targetHints":{"allow":["GET"]}}],"collection":[{"href":"https:\/\/vetsul.com\/index.php\/wp-json\/wp\/v2\/product"}],"about":[{"href":"https:\/\/vetsul.com\/index.php\/wp-json\/wp\/v2\/types\/product"}],"wp:featuredmedia":[{"embeddable":true,"href":"https:\/\/vetsul.com\/index.php\/wp-json\/wp\/v2\/media\/16710"}],"wp:attachment":[{"href":"https:\/\/vetsul.com\/index.php\/wp-json\/wp\/v2\/media?parent=16709"}],"wp:term":[{"taxonomy":"product_brand","embeddable":true,"href":"https:\/\/vetsul.com\/index.php\/wp-json\/wp\/v2\/product_brand?post=16709"},{"taxonomy":"product_cat","embeddable":true,"href":"https:\/\/vetsul.com\/index.php\/wp-json\/wp\/v2\/product_cat?post=16709"},{"taxonomy":"product_tag","embeddable":true,"href":"https:\/\/vetsul.com\/index.php\/wp-json\/wp\/v2\/product_tag?post=16709"}],"curies":[{"name":"wp","href":"https:\/\/api.w.org\/{rel}","templated":true}]}}