{"id":16705,"date":"2018-01-06T09:59:57","date_gmt":"2018-01-06T11:59:57","guid":{"rendered":"http:\/\/35.194.95.18\/wp-admin\/?post_type=product&#038;p=16705"},"modified":"2025-02-07T16:00:19","modified_gmt":"2025-02-07T19:00:19","slug":"pipetas-para-guas","status":"publish","type":"product","link":"https:\/\/vetsul.com\/index.php\/product\/pipetas-para-guas\/","title":{"rendered":"Pipetas para \u00c9guas"},"content":{"rendered":"<h3 style=\"font-family: Calibri, Verdana, Geneva, sans-serif; color: rgb(1, 44, 112); font-size: 26px; margin: 15px 0px 18px; padding: 8px 0px; border: none;\">Pipetas para \u00c9guas<\/h3>\n<ul style=\"font-family: Calibri, Verdana, Geneva, sans-serif; color: rgb(102, 102, 102); font-size: 14px; padding-left: 40px;\">\n<li style=\"font-size: 16px;\">Embaladas individualmente e esterilizadas com raio gama.<\/li>\n<li style=\"font-size: 16px;\">Duplo selo nas embalagens que garantem a esteriliza\u00e7\u00e3o.<\/li>\n<li style=\"font-size: 16px;\">64 cm. de comprimento, di\u00e2metro interno de 2,8 mm.<\/li>\n<li style=\"font-size: 16px;\">Apropriada para insemina\u00e7\u00e3o artificial e transfer\u00eancia de embri\u00f5es pequenos.<\/li>\n<li style=\"font-size: 16px;\">Acoplador de seringa flex\u00edvel que absorve os movimentos durante o uso.<\/li>\n<li style=\"font-size: 16px;\">Embalagens com 25 unidades.<\/li>\n<li style=\"font-size: 16px;\">Pipetas Provar garantindo o sucesso de sua esta\u00e7\u00e3o de monta desde 1992. Essa voc\u00ea conhece e confia.<\/li>\n<\/ul>\n","protected":false},"excerpt":{"rendered":"<p>Pipetas para \u00c9guas Embaladas individualmente e esterilizadas com raio gama. Duplo selo nas embalagens que garantem a esteriliza\u00e7\u00e3o. 64 cm. de comprimento,<\/p>\n","protected":false},"featured_media":16706,"template":"","meta":{"_acf_changed":false},"product_brand":[],"product_cat":[177],"product_tag":[587],"class_list":{"0":"post-16705","1":"product","2":"type-product","3":"status-publish","4":"has-post-thumbnail","6":"product_cat-reproducao-2","7":"product_tag-pipetas-para-guas","9":"first","10":"outofstock","11":"shipping-taxable","12":"purchasable","13":"product-type-simple"},"acf":[],"_links":{"self":[{"href":"https:\/\/vetsul.com\/index.php\/wp-json\/wp\/v2\/product\/16705","targetHints":{"allow":["GET"]}}],"collection":[{"href":"https:\/\/vetsul.com\/index.php\/wp-json\/wp\/v2\/product"}],"about":[{"href":"https:\/\/vetsul.com\/index.php\/wp-json\/wp\/v2\/types\/product"}],"wp:featuredmedia":[{"embeddable":true,"href":"https:\/\/vetsul.com\/index.php\/wp-json\/wp\/v2\/media\/16706"}],"wp:attachment":[{"href":"https:\/\/vetsul.com\/index.php\/wp-json\/wp\/v2\/media?parent=16705"}],"wp:term":[{"taxonomy":"product_brand","embeddable":true,"href":"https:\/\/vetsul.com\/index.php\/wp-json\/wp\/v2\/product_brand?post=16705"},{"taxonomy":"product_cat","embeddable":true,"href":"https:\/\/vetsul.com\/index.php\/wp-json\/wp\/v2\/product_cat?post=16705"},{"taxonomy":"product_tag","embeddable":true,"href":"https:\/\/vetsul.com\/index.php\/wp-json\/wp\/v2\/product_tag?post=16705"}],"curies":[{"name":"wp","href":"https:\/\/api.w.org\/{rel}","templated":true}]}}