{"id":16701,"date":"2018-01-06T09:52:50","date_gmt":"2018-01-06T11:52:50","guid":{"rendered":"http:\/\/35.194.95.18\/wp-admin\/?post_type=product&#038;p=16701"},"modified":"2025-08-11T14:41:11","modified_gmt":"2025-08-11T17:41:11","slug":"phenodral-3-ampolas-de-15ml","status":"publish","type":"product","link":"https:\/\/vetsul.com\/index.php\/product\/phenodral-3-ampolas-de-15ml\/","title":{"rendered":"PHENODRAL &#8211; 3 ampolas de 15ml"},"content":{"rendered":"<p>PHENODRAL \u00e9 indicado como t\u00f4nico reconstituinte para todas as esp\u00e9cies animais, como estimulante das fun\u00e7\u00f5es metab\u00f3licas nos casos de anorexia (falta de apetite), desnutri\u00e7\u00e3o, anemias, nas convalescen\u00e7as de enfermidades parasit\u00e1rias e infecciosas.<\/p>\n<p>F\u00f3rmula:<\/p>\n<p>Cada 15mL cont\u00e9m:<\/p>\n<p>Metilarsinato de s\u00f3dio. . . . . . . . . . . 300mg<\/p>\n<p>Citrato de ferro amoniacal verde. . . .300mg<\/p>\n<p>Solu\u00e7\u00e3o milesimal de adrenalina. . . . . 1,5mL<\/p>\n<p>Ve\u00edculo aquoso q.s.p. . . . . . . . . . . . .15mL<\/p>\n<p>&nbsp;<\/p>\n<p>Indica\u00e7\u00f5es:<\/p>\n<p>Bovinos de corte, Bovinos de leite, Eq\u00fcinos, Su\u00ednos, Caprinos, Ovinos<\/p>\n<p>&nbsp;<\/p>\n<p>PHENODRAL \u00e9 indicado como t\u00f4nico reconstituinte para todas as esp\u00e9cies animais, como estimulante das fun\u00e7\u00f5es metab\u00f3licas nos casos de anorexia (falta de apetite), desnutri\u00e7\u00e3o, anemias, nas convalescen\u00e7as de enfermidades parasit\u00e1rias e infecciosas.<\/p>\n<p>&nbsp;<\/p>\n<p>Propriedades<\/p>\n<p>PHENODRAL \u00e9 uma associa\u00e7\u00e3o de um arsenical org\u00e2nico com sais de ferro e adrenalina, estimulantes das fun\u00e7\u00f5es vitais do metabolismo animal, o metilarsinato de s\u00f3dio tem a propriedade de estimular o metabolismo animal promovendo desta forma um aumento de apetite e da adrenalina, um estimulante cardiovascular , o citrato de ferro amoniacal verde que oferece ferro ao organismo animal para a forma\u00e7\u00e3o da hemoglobina.<\/p>\n<p>&nbsp;<\/p>\n<p>Dosagem:<\/p>\n<p>Bovinos e eq\u00fcinos adultos: 15 mL.<\/p>\n<p>Bezerros, potros, su\u00ednos, ovinos e caprinos: 5 mL.<\/p>\n<p>Tratar em 3 doses, uma a cada 6 dias, podendo repetir a intervalos de 15 dias, entre uma s\u00e9rie e outra.<\/p>\n<p>&nbsp;<\/p>\n<p>Administra\u00e7\u00e3o:<\/p>\n<p>-Administrar preferencialmente por via intravenosa, injetando o l\u00edquido vagarosamente.<\/p>\n<p>-Na impossibilidade de ser intravenosa, aplicar por via intramuscular profunda, de prefer\u00eancia em locais em que os animais apresentam grande massas musculares, como quarto traseiro, sempre utilizando agulhas longas, e friccionando vigorosamente o local ap\u00f3s a aplica\u00e7\u00e3o do produto.<\/p>\n<p>-Utilizar sempre seringas e agulhas esterilizadas, bem como fazer assepsia no local com algod\u00e3o embebido em \u00e1lcool iodado.<\/p>\n<p>&nbsp;<\/p>\n<p>Precau\u00e7\u00f5es:<\/p>\n<p>Conservar em local seco e fresco, ao abrigo da luz solar e fora do alcance de crian\u00e7as e animais dom\u00e9sticos.<\/p>\n<p>&nbsp;<\/p>\n<p>Observa\u00e7\u00f5es:<\/p>\n<p>-N\u00e3o aplicar o produto que apresentar o prazo de validade vencido, ou que se apresentar em ampolas partidas.<\/p>\n<p>-PHENODRAL deve ser conservado ao abrigo da luz.<\/p>\n<p>&nbsp;<\/p>\n<p>Apresenta\u00e7\u00e3o:<\/p>\n<p>Caixas com 3 ampolas de 5mL<\/p>\n<p>Caixas com 3 ampolas de 15mL<\/p>\n<p>Caixas com 30 ampolas de 15mL<\/p>\n<p>&nbsp;<\/p>\n<p>Classe Terap\u00eautica:<\/p>\n<p>OUTROS<\/p>\n<p>&nbsp;<\/p>\n<p>Princ\u00edpio(s) Ativo(s):<\/p>\n<p>OUTROS<\/p>\n<p>&nbsp;<\/p>\n<p>Registro no Minist\u00e9rio da Agricultura, Pecu\u00e1ria e Abastecimento:<\/p>\n<p>1.237\/56<\/p>\n<p>&nbsp;<\/p>\n<p>Respons\u00e1vel T\u00e9cnico:<\/p>\n<p>Tha\u00eds Marino Silva Girio &#8211; CRMV: 17.469<\/p>\n","protected":false},"excerpt":{"rendered":"<p>PHENODRAL \u00e9 indicado como t\u00f4nico reconstituinte para todas as esp\u00e9cies animais, como estimulante das fun\u00e7\u00f5es metab\u00f3licas nos casos de anorexia (falta de<\/p>\n","protected":false},"featured_media":16702,"template":"","meta":{"_acf_changed":false},"product_brand":[977],"product_cat":[173,178],"product_tag":[1038,1001],"class_list":{"0":"post-16701","1":"product","2":"type-product","3":"status-publish","4":"has-post-thumbnail","6":"product_brand-ucb","7":"product_cat-suplementos-e-vitaminas","8":"product_cat-suplementos-e-vitaminas-2","9":"product_tag-ferro","10":"product_tag-ucb","12":"first","13":"instock","14":"purchasable","15":"product-type-simple"},"acf":[],"_links":{"self":[{"href":"https:\/\/vetsul.com\/index.php\/wp-json\/wp\/v2\/product\/16701","targetHints":{"allow":["GET"]}}],"collection":[{"href":"https:\/\/vetsul.com\/index.php\/wp-json\/wp\/v2\/product"}],"about":[{"href":"https:\/\/vetsul.com\/index.php\/wp-json\/wp\/v2\/types\/product"}],"wp:featuredmedia":[{"embeddable":true,"href":"https:\/\/vetsul.com\/index.php\/wp-json\/wp\/v2\/media\/16702"}],"wp:attachment":[{"href":"https:\/\/vetsul.com\/index.php\/wp-json\/wp\/v2\/media?parent=16701"}],"wp:term":[{"taxonomy":"product_brand","embeddable":true,"href":"https:\/\/vetsul.com\/index.php\/wp-json\/wp\/v2\/product_brand?post=16701"},{"taxonomy":"product_cat","embeddable":true,"href":"https:\/\/vetsul.com\/index.php\/wp-json\/wp\/v2\/product_cat?post=16701"},{"taxonomy":"product_tag","embeddable":true,"href":"https:\/\/vetsul.com\/index.php\/wp-json\/wp\/v2\/product_tag?post=16701"}],"curies":[{"name":"wp","href":"https:\/\/api.w.org\/{rel}","templated":true}]}}