{"id":16699,"date":"2018-01-06T09:50:31","date_gmt":"2018-01-06T11:50:31","guid":{"rendered":"http:\/\/35.194.95.18\/wp-admin\/?post_type=product&#038;p=16699"},"modified":"2025-08-11T14:41:11","modified_gmt":"2025-08-11T17:41:11","slug":"perical-b12","status":"publish","type":"product","link":"https:\/\/vetsul.com\/index.php\/product\/perical-b12\/","title":{"rendered":"PERICAL B12"},"content":{"rendered":"<p>PERICAL B12-R \u00e9 uma associa\u00e7\u00e3o consagrada em Medicina Veterin\u00e1ria: C\u00e1lcio, F\u00f3sforo org\u00e2nico, Magn\u00e9sio e Vitamina B12.&nbsp;<\/p>\n<p><\/p>\n<p>A defici\u00eancia de C\u00e1lcio geralmente \u00e9 acompanhada por car\u00eancia de sais de f\u00f3sforo e\/ou magn\u00e9sio.&nbsp;<\/p>\n<p><\/p>\n<p>A vitamina B12 \u00e9 essencial no tratamento de anemias associadas \u00e0 defici\u00eancias alimentares ou por m\u00e1 absor\u00e7\u00e3o do trato gastrintestinal.<\/p>\n<p>F\u00f3rmula :<\/p>\n<p>Gluconato de c\u00e1lcio&#8230;&#8230;&#8230;&#8230;&#8230;&#8230;&#8230;&#8230;&#8230;&#8230;&#8230;&#8230;&#8230;&#8230;&#8230;&#8230;&#8230;&#8230;&#8230;&#8230;&#8230;&#8230;&#8230;&#8230;&#8230;&#8230;..20,00 g&nbsp;<\/p>\n<p>Glicerosfosfato de s\u00f3dio&#8230;&#8230;&#8230;&#8230;&#8230;&#8230;&#8230;&#8230;&#8230;&#8230;&#8230;&#8230;&#8230;&#8230;&#8230;&#8230;&#8230;&#8230;&#8230;&#8230;&#8230;&#8230;&#8230;&#8230;&#8230;.2,20 g&nbsp;<\/p>\n<p>Cloreto de magn\u00e9sio&#8230;&#8230;&#8230;&#8230;&#8230;&#8230;&#8230;&#8230;&#8230;&#8230;&#8230;&#8230;&#8230;&#8230;&#8230;&#8230;&#8230;&#8230;&#8230;&#8230;&#8230;&#8230;&#8230;&#8230;&#8230;&#8230;&#8230;3,15 g&nbsp;<\/p>\n<p>Vitamina B12 (cianocobalamina)&#8230;&#8230;&#8230;&#8230;&#8230;&#8230;&#8230;&#8230;&#8230;&#8230;&#8230;&#8230;&#8230;&#8230;&#8230;&#8230;&#8230;&#8230;&#8230;&#8230;&#8230;..5,00 mcg&nbsp;<\/p>\n<p>Ve\u00edculo Aquoso&#8230;&#8230;&#8230;&#8230;&#8230;&#8230;&#8230;&#8230;&#8230;&#8230;&#8230;..q.s.p&#8230;&#8230;&#8230;&#8230;&#8230;&#8230;&#8230;&#8230;&#8230;&#8230;&#8230;&#8230;&#8230;&#8230;&#8230;100,0 ml<\/p>\n<p><\/p>\n<p>Indica\u00e7\u00f5es Principais:<\/p>\n<p>Nas defici\u00eancias de c\u00e1lcio e f\u00f3sforo, tais como: Raquitismo, Osteomal\u00e1cia de f\u00eameas matrizes (vacas) e nas defici\u00eancias de magn\u00e9sio. Para animais magros, an\u00eamicos, vitimados por agentes etiol\u00f3gicos desconhecidos.<\/p>\n<p><\/p>\n<p>Indica\u00e7\u00f5es Complementares:<\/p>\n<p>Nas intoxica\u00e7\u00f5es ex\u00f3genas como: Intoxica\u00e7\u00e3o aguda por chumbo e Acidentes com defensivos agr\u00edcolas (agrot\u00f3xicos). No pseudo raquitismo de novilhos e porcos. Nas paresias p\u00f3s-parto das vacas.<\/p>\n<p><\/p>\n<p>Por Esp\u00e9cie:<\/p>\n<p>BOVINOS raquitismo \u00e9 uma doen\u00e7a de animais jovens em crescimento. Pode ocorrer uma variedade de sinais cl\u00ednicos como dor \u00f3ssea, andar r\u00edgido, dificuldade de se levantar, arqueamento dos membros e fraturas patol\u00f3gicas. Osteomal\u00e1cia ou doen\u00e7a dos ossos moles \u00e9 a n\u00e3o calcifica\u00e7\u00e3o dos ossos em animais adultos, por uma retirada excessiva de c\u00e1lcio, principalmente em f\u00eameas, pois este c\u00e1lcio vai ser utilizado na forma\u00e7\u00e3o fetal e na lacta\u00e7\u00e3o, gerando fragilidade \u00f3ssea e fraturas espont\u00e2neas. Paresia p\u00f3s- parto \u00e9 uma hipocalcemia, ou seja, uma queda acentuada na quantidade de c\u00e1lcio no sangue do animal causando sinais cl\u00ednicos como, hipotermia ou normotermia, anorexia, queda na produ\u00e7\u00e3o de leite, paresia, resfriamento das extremidades, timpanismo, incoordena\u00e7\u00e3o, coma e morte. Sendo estas doen\u00e7as prevenidas e tratadas com PERICALB12 &#8211; R.<\/p>\n<p><\/p>\n<p>EQ\u00dcINOS o PERICAL B12 &#8211; R \u00e9 muito empregado em animais magros, pois a formula\u00e7\u00e3o do medicamento auxilia na recupera\u00e7\u00e3o destes animais.<\/p>\n<p><\/p>\n<p>OVINOS E CAPRINOS o PERICAL B12 &#8211; R \u00e9 utilizado para animais que estejam com alguma doen\u00e7a que n\u00e3o tenha sido identificada com isso ele auxilia no tratamento e recupera\u00e7\u00e3o. Tamb\u00e9m \u00e9 empregado em casos de intoxica\u00e7\u00e3o por organoclorados.<\/p>\n<p><\/p>\n<p>SU\u00cdNOS no caso de anemia o PERICAL B12 &#8211; R vem sendo usado para tratar este problema que se manifesta com redu\u00e7\u00e3o do apetite e peso, irritabilidade, hipersensibilidade e incoordena\u00e7\u00e3o do trem posterior. Al\u00e9m disso, os leit\u00f5es apresentam alta exig\u00eancia de vitamina B12, cujo sintoma mais evidente \u00e9 o crescimento retardado, por isso o PERICAL B12 &#8211; R \u00e9 amplamente utilizado.<\/p>\n<p>Outro uso deste medicamento s\u00e3o em casos de pseudo-raquitismo em su\u00ednos.<\/p>\n<p><\/p>\n<p>CANINOS E FELINOS nas intoxica\u00e7\u00f5es por chumbo os animais apresentam aberra\u00e7\u00f5es de comportamento, hiperexcitabilidade, berros, rota\u00e7\u00e3o dos olhos e aparente medo ou terror, compress\u00e3o da cabe\u00e7a na parede ou mour\u00e3o e tentativas de subir na parede, s\u00fabitos saltos no ar e comportamento fren\u00e9tico. Tamb\u00e9m ocorrem manifesta\u00e7\u00f5es nervosas como depress\u00e3o, contra\u00e7\u00e3o do focinho e piscadas excessivas, ranger mandibular, l\u00edngua pendida, cegueira, temperatura corporal normal na maioria dos casos, coma e morte. Nestes casos o PERICAL B12 &#8211; R \u00e9 muito empregado para reverter o quadro de intoxica\u00e7\u00e3o.<\/p>\n<p><\/p>\n<p>OBS.: Todas as esp\u00e9cies animais citadas acima est\u00e3o sujeitas a qualquer problema causado pela defici\u00eancia de algum componente da f\u00f3rmula do PERICAL B12 &#8211; R. Os exemplos acima s\u00e3o problemas mais comuns a cada esp\u00e9cie isto n\u00e3o quer dizer que estes animais n\u00e3o possam ter qualquer uma das doen\u00e7as registradas nas indica\u00e7\u00f5es e complementares do produto.<\/p>\n<p><\/p>\n<p>Observa\u00e7\u00e3o Importante:<\/p>\n<p>Limpar e desinfetar a seringa, a agulha e o local de aplica\u00e7\u00e3o. Como qualquer outro produto injet\u00e1vel, a n\u00e3o observa\u00e7\u00e3o destes cuidados e da via de aplica\u00e7\u00e3o correta, poder\u00e3o favorecer inflama\u00e7\u00f5es locais e suas complica\u00e7\u00f5es por contamina\u00e7\u00e3o de germes secund\u00e1rios.<\/p>\n<p><\/p>\n<p>Modo de Usar e Posologia:<\/p>\n<p>PERICAL B12-R dever\u00e1 ser utilizado em inje\u00e7\u00f5es intra-musculares, subcut\u00e2neas ou endovenosas nas doses abaixo ou de acordo com orienta\u00e7\u00e3o do M\u00e9dico Veterin\u00e1rio.<\/p>\n<p><\/p>\n<p>GRANDES ANIMAIS &#8211; COMO: BOVINOS, EQ\u00dcINOS e outros animais do mesmo porte. Aplicar 250 mL por via intramuscular ou subcut\u00e2nea, distribuidos em v\u00e1rios pontos de aplica\u00e7\u00e3o.<\/p>\n<p>Em casos graves aplicar 250 mLpor via endovenosa LENTAMENTE, por um per\u00edodo de 30 min.<\/p>\n<p>Como Preventivo das defici\u00eancias de C\u00e1lcio e F\u00f3sforo: 20 a 50 mL di\u00e1rios, por via intramuscular ou subcut\u00e2nea, durante 5 dias.<\/p>\n<p><\/p>\n<p>M\u00c9DIOS ANIMAIS &#8211; COMO: SU\u00cdNOS, CAPRINOS, OVINOS e outros animais do mesmo porte.<\/p>\n<p>Aplicar 50 mL por via intramuscular ou subcut\u00e2nea, distribuidos em v\u00e1rios pontos de aplica\u00e7\u00e3o.<\/p>\n<p>Em casos graves aplicar 50 mL por via endovenosa LENTAMENTE, por um per\u00edodo de 30 min.<\/p>\n<p>Como Preventivo das defici\u00eancias de C\u00e1lcio e F\u00f3sforo: 10 a 20 mL di\u00e1rios, por via intramuscular ou subcut\u00e2nea, durante 5 dias.<\/p>\n<p><\/p>\n<p>PEQUENOS ANIMAIS:<\/p>\n<p>&#8211; C\u00e3es:<\/p>\n<p>Em casos graves aplicar 5 a 10 mL por via endovenosa LENTAMENTE. Como Preventivo das defici\u00eancias de C\u00e1lcio e F\u00f3sforo: 2 a 5 mL di\u00e1rios, por via intramuscular ou subcut\u00e2nea, durante 5 dias.<\/p>\n<p><\/p>\n<p>&#8211; Gatos:<\/p>\n<p>Em casos graves aplicar 2 a 5 mL por via endovenosa LENTAMENTE ou intramuscular ou subcut\u00e2nea. Como Preventivo das defici\u00eancias de C\u00e1lcio e F\u00f3sforo: 1 a 2 mL di\u00e1rios, por via intramuscular ou subcut\u00e2nea, durante 5 dias.<\/p>\n","protected":false},"excerpt":{"rendered":"<p>PERICAL B12-R \u00e9 uma associa\u00e7\u00e3o consagrada em Medicina Veterin\u00e1ria: C\u00e1lcio, F\u00f3sforo org\u00e2nico, Magn\u00e9sio e Vitamina B12.&nbsp; A defici\u00eancia de C\u00e1lcio geralmente \u00e9<\/p>\n","protected":false},"featured_media":16700,"template":"","meta":{"_acf_changed":false},"product_brand":[],"product_cat":[173,178,182],"product_tag":[393],"class_list":{"0":"post-16699","1":"product","2":"type-product","3":"status-publish","4":"has-post-thumbnail","6":"product_cat-suplementos-e-vitaminas","7":"product_cat-suplementos-e-vitaminas-2","8":"product_cat-suplementos-e-vitaminas-3","9":"product_tag-b12","11":"first","12":"instock","13":"purchasable","14":"product-type-simple"},"acf":[],"_links":{"self":[{"href":"https:\/\/vetsul.com\/index.php\/wp-json\/wp\/v2\/product\/16699","targetHints":{"allow":["GET"]}}],"collection":[{"href":"https:\/\/vetsul.com\/index.php\/wp-json\/wp\/v2\/product"}],"about":[{"href":"https:\/\/vetsul.com\/index.php\/wp-json\/wp\/v2\/types\/product"}],"wp:featuredmedia":[{"embeddable":true,"href":"https:\/\/vetsul.com\/index.php\/wp-json\/wp\/v2\/media\/16700"}],"wp:attachment":[{"href":"https:\/\/vetsul.com\/index.php\/wp-json\/wp\/v2\/media?parent=16699"}],"wp:term":[{"taxonomy":"product_brand","embeddable":true,"href":"https:\/\/vetsul.com\/index.php\/wp-json\/wp\/v2\/product_brand?post=16699"},{"taxonomy":"product_cat","embeddable":true,"href":"https:\/\/vetsul.com\/index.php\/wp-json\/wp\/v2\/product_cat?post=16699"},{"taxonomy":"product_tag","embeddable":true,"href":"https:\/\/vetsul.com\/index.php\/wp-json\/wp\/v2\/product_tag?post=16699"}],"curies":[{"name":"wp","href":"https:\/\/api.w.org\/{rel}","templated":true}]}}