{"id":16697,"date":"2018-01-06T09:42:28","date_gmt":"2018-01-06T11:42:28","guid":{"rendered":"http:\/\/35.194.95.18\/wp-admin\/?post_type=product&#038;p=16697"},"modified":"2025-04-08T10:12:56","modified_gmt":"2025-04-08T13:12:56","slug":"pentakel","status":"publish","type":"product","link":"https:\/\/vetsul.com\/index.php\/product\/pentakel\/","title":{"rendered":"Pentakel"},"content":{"rendered":"<p>A combina\u00e7\u00e3o de benzilpenicilina proca\u00edna e dihidroestreptomicina de Pentakel proporciona uma a\u00e7\u00e3o sin\u00e9rgica bactericida de amplo espectro no combate \u00e0s infec\u00e7\u00f5es dos animais.<\/p>\n<p><\/p>\n<p>&nbsp;<\/p>\n<p><\/p>\n<p>F\u00f3rmula do Produto:<\/p>\n<p><\/p>\n<p>Cada 100mL cont\u00e9m:<\/p>\n<p><\/p>\n<p>Benzilpenicilina proca\u00edna&nbsp; &nbsp; &nbsp; &nbsp; &nbsp; &nbsp; &nbsp; &nbsp; &nbsp; &nbsp; &nbsp; &nbsp; &nbsp; &nbsp; 20.000.000 UI<\/p>\n<p><\/p>\n<p>Dihidroestreptomicina (sulfato)&nbsp; &nbsp; &nbsp; &nbsp; &nbsp; &nbsp; &nbsp; &nbsp; 15.000.000 UI (*)<\/p>\n<p><\/p>\n<p>Ve\u00edculo q.s.p&nbsp; &nbsp; &nbsp; &nbsp; &nbsp; &nbsp; &nbsp; &nbsp; &nbsp; &nbsp; &nbsp; &nbsp; &nbsp; &nbsp; &nbsp; &nbsp; &nbsp; &nbsp; &nbsp; &nbsp; &nbsp; &nbsp; &nbsp; &nbsp; &nbsp; &nbsp; 100mL<\/p>\n<p><\/p>\n<p>* Equivalente a 20g de sulfato de dihidroestreptomicina<\/p>\n<p><\/p>\n<p>Apresenta\u00e7\u00e3o<\/p>\n<p>Frasco contendo 50mL<\/p>\n<p>Modo de uso<\/p>\n<p>Equinos e bovinos adultos: 20mL\/400kg de PV; bezerros, potros, su\u00ednos, ovinos e caprinos: 1 a 2 mL para cada 20Kg de PV; c\u00e3es e gatos: 0,1 a 0,2mL\/Kg de PV. Agite antes de usar &#8211; Administrar por via IM profunda. *VENDA SOB PRESCRI\u00c7\u00c3O E APLICA\u00c7\u00c3O SOB ORIENTA\u00c7\u00c3O DO M\u00c9DICO VETERIN\u00c1RIO<\/p>\n","protected":false},"excerpt":{"rendered":"<p>A combina\u00e7\u00e3o de benzilpenicilina proca\u00edna e dihidroestreptomicina de Pentakel proporciona uma a\u00e7\u00e3o sin\u00e9rgica bactericida de amplo espectro no combate \u00e0s infec\u00e7\u00f5es dos<\/p>\n","protected":false},"featured_media":16698,"template":"","meta":{"_acf_changed":false},"product_brand":[952],"product_cat":[170,175,180],"product_tag":[],"class_list":{"0":"post-16697","1":"product","2":"type-product","3":"status-publish","4":"has-post-thumbnail","6":"product_brand-lavizoo","7":"product_cat-anti-microbianos","8":"product_cat-antimicrobianos-2","9":"product_cat-anti-microbiano","11":"first","12":"instock","13":"purchasable","14":"product-type-simple"},"acf":[],"_links":{"self":[{"href":"https:\/\/vetsul.com\/index.php\/wp-json\/wp\/v2\/product\/16697","targetHints":{"allow":["GET"]}}],"collection":[{"href":"https:\/\/vetsul.com\/index.php\/wp-json\/wp\/v2\/product"}],"about":[{"href":"https:\/\/vetsul.com\/index.php\/wp-json\/wp\/v2\/types\/product"}],"wp:featuredmedia":[{"embeddable":true,"href":"https:\/\/vetsul.com\/index.php\/wp-json\/wp\/v2\/media\/16698"}],"wp:attachment":[{"href":"https:\/\/vetsul.com\/index.php\/wp-json\/wp\/v2\/media?parent=16697"}],"wp:term":[{"taxonomy":"product_brand","embeddable":true,"href":"https:\/\/vetsul.com\/index.php\/wp-json\/wp\/v2\/product_brand?post=16697"},{"taxonomy":"product_cat","embeddable":true,"href":"https:\/\/vetsul.com\/index.php\/wp-json\/wp\/v2\/product_cat?post=16697"},{"taxonomy":"product_tag","embeddable":true,"href":"https:\/\/vetsul.com\/index.php\/wp-json\/wp\/v2\/product_tag?post=16697"}],"curies":[{"name":"wp","href":"https:\/\/api.w.org\/{rel}","templated":true}]}}