{"id":16689,"date":"2018-01-05T15:58:33","date_gmt":"2018-01-05T17:58:33","guid":{"rendered":"http:\/\/35.194.95.18\/wp-admin\/?post_type=product&#038;p=16689"},"modified":"2025-08-11T14:41:11","modified_gmt":"2025-08-11T17:41:11","slug":"pencivet-plus-ppu","status":"publish","type":"product","link":"https:\/\/vetsul.com\/index.php\/product\/pencivet-plus-ppu\/","title":{"rendered":"Pencivet Plus PPU"},"content":{"rendered":"<h1><strong>PRODUTO PERECIVEL DEVE SER ENVIADO COM CAIXA DE ISOPOR COBRADO A PARTE.\u00a0<\/strong><\/p>\n<p><strong>CONSULTAR DISPONIBILIDADE DE ENVIO<\/strong><\/h1>\n<p>&nbsp;<\/p>\n<p>F\u00f3rmula<\/p>\n<p>&nbsp;<\/p>\n<p>Cada 100 mL cont\u00e9m:<\/p>\n<p>&nbsp;<\/p>\n<p>Benzilpenicilina G Proca\u00edna &#8230;&#8230;&#8230;&#8230;&#8230;&#8230;&#8230;&#8230;&#8230;&#8230;&#8230;..10.000.000 UI<\/p>\n<p>Benzilpenicilina G Benzatina &#8230;&#8230;&#8230;&#8230;&#8230;&#8230;&#8230;&#8230;&#8230;&#8230;&#8230;10.000.000 UI<\/p>\n<p>Sulfato de Dihidroestreptomicina &#8230;&#8230;&#8230;&#8230;&#8230;&#8230;&#8230;&#8230;&#8230;&#8230;10.500 mg<\/p>\n<p>Piroxicam &#8230;&#8230;&#8230;&#8230;&#8230;&#8230;&#8230;&#8230;&#8230;&#8230;&#8230;&#8230;&#8230;&#8230;&#8230;&#8230;&#8230;&#8230;&#8230;&#8230;&#8230;&#8230;&#8230;&#8230;1.000 mg<\/p>\n<p>Ve\u00ccculo q.s.p. &#8230;&#8230;&#8230;&#8230;&#8230;&#8230;&#8230;&#8230;&#8230;&#8230;&#8230;&#8230;&#8230;&#8230;&#8230;&#8230;&#8230;&#8230;&#8230;&#8230;&#8230;&#8230;&#8230;100 mL<\/p>\n<p>&nbsp;<\/p>\n<p>Vias de Aplica\u00e7\u00e3o<\/p>\n<p>&nbsp;<\/p>\n<p>Uso interno, pela via intramuscular profunda.<\/p>\n<p>&nbsp;<\/p>\n<p>Dosagem<\/p>\n<p>&nbsp;<\/p>\n<p>Baseado nas benzilpenicilinas e dependendo do grau de infec\u00e7\u00e3o, a dose recomendada \u00e9 de 8.000 a 24.000 UI\/Kg de peso, ou seja, 10 mL para tratar animais com peso entre 85 a 250 kg (1 mL para 8,5 a 25 kg). Dose \u00fanica, podendo ser alterada de acordo com a prescri\u00e7\u00e3o do M\u00e9dico Veterin\u00e1rio.<\/p>\n<p>&nbsp;<\/p>\n<p>Cuidados e Precau\u00e7\u00f5es<\/p>\n<p>&nbsp;<\/p>\n<p>N\u00e3o aplicar PENCIVET\u00ae PLUS PPU por outra via, a n\u00e3o ser a indicada.<\/p>\n<p>&nbsp;<\/p>\n<p>N\u00e3o utilizar outros antiinflamat\u00f3rios durante o tratamento com PENCIVET\u00ae PLUS PPU.<\/p>\n<p>&nbsp;<\/p>\n<p>Per\u00edodo de car\u00eancia:<\/p>\n<p>Carne: 30 dias.<\/p>\n<p>Leite: 96 a 120 horas ou 8 a 10 ordenhas, quando destinado ao consumo humano.<\/p>\n","protected":false},"excerpt":{"rendered":"<p>PRODUTO PERECIVEL DEVE SER ENVIADO COM CAIXA DE ISOPOR COBRADO A PARTE.\u00a0 CONSULTAR DISPONIBILIDADE DE ENVIO &nbsp; F\u00f3rmula &nbsp; Cada 100 mL<\/p>\n","protected":false},"featured_media":16690,"template":"","meta":{"_acf_changed":false},"product_brand":[961],"product_cat":[170,175],"product_tag":[],"class_list":{"0":"post-16689","1":"product","2":"type-product","3":"status-publish","4":"has-post-thumbnail","6":"product_brand-msd","7":"product_cat-anti-microbianos","8":"product_cat-antimicrobianos-2","10":"first","11":"instock","12":"purchasable","13":"product-type-simple"},"acf":[],"_links":{"self":[{"href":"https:\/\/vetsul.com\/index.php\/wp-json\/wp\/v2\/product\/16689","targetHints":{"allow":["GET"]}}],"collection":[{"href":"https:\/\/vetsul.com\/index.php\/wp-json\/wp\/v2\/product"}],"about":[{"href":"https:\/\/vetsul.com\/index.php\/wp-json\/wp\/v2\/types\/product"}],"wp:featuredmedia":[{"embeddable":true,"href":"https:\/\/vetsul.com\/index.php\/wp-json\/wp\/v2\/media\/16690"}],"wp:attachment":[{"href":"https:\/\/vetsul.com\/index.php\/wp-json\/wp\/v2\/media?parent=16689"}],"wp:term":[{"taxonomy":"product_brand","embeddable":true,"href":"https:\/\/vetsul.com\/index.php\/wp-json\/wp\/v2\/product_brand?post=16689"},{"taxonomy":"product_cat","embeddable":true,"href":"https:\/\/vetsul.com\/index.php\/wp-json\/wp\/v2\/product_cat?post=16689"},{"taxonomy":"product_tag","embeddable":true,"href":"https:\/\/vetsul.com\/index.php\/wp-json\/wp\/v2\/product_tag?post=16689"}],"curies":[{"name":"wp","href":"https:\/\/api.w.org\/{rel}","templated":true}]}}