{"id":16679,"date":"2018-01-05T15:24:51","date_gmt":"2018-01-05T17:24:51","guid":{"rendered":"http:\/\/35.194.95.18\/wp-admin\/?post_type=product&#038;p=16679"},"modified":"2025-02-07T16:24:14","modified_gmt":"2025-02-07T19:24:14","slug":"iver-gel-composto-9-6gr","status":"publish","type":"product","link":"https:\/\/vetsul.com\/index.php\/product\/iver-gel-composto-9-6gr\/","title":{"rendered":"IVER GEL COMPOSTO &#8211; 9,6gr"},"content":{"rendered":"<p>Iver Gel Composto \u00e9 um verm\u00edfugo completo e vitaminado. Antiparasit\u00e1rio de ampo espectro com vitamina E.<\/p>\n<p>F\u00f3rmula:<\/p>\n<p>Cada seringa de 9,60 g cont\u00e9m:&nbsp;<\/p>\n<p>Ivermectina &#8230;&#8230;&#8230;&#8230;&#8230;&#8230;&#8230;&#8230;&#8230;&#8230;&#8230;&#8230;&#8230;&#8230;&#8230;&#8230;&#8230;&#8230;&#8230;&#8230;&#8230;&#8230;&#8230;&#8230;&#8230;&#8230;&#8230;&#8230;&#8230;&#8230;&#8230;&#8230;&#8230;&#8230;&#8230;&#8230;&#8230; 0,120 g&nbsp;<\/p>\n<p>Praziquantel &#8230;&#8230;&#8230;&#8230;&#8230;&#8230;&#8230;&#8230;&#8230;&#8230;&#8230;&#8230;&#8230;&#8230;&#8230;&#8230;&#8230;&#8230;&#8230;&#8230;&#8230;&#8230;&#8230;&#8230;&#8230;&#8230;&#8230;&#8230;&#8230;&#8230;&#8230;&#8230;&#8230;&#8230;&#8230;&#8230;&#8230; 1,500 g&nbsp;<\/p>\n<p>Vitamina E &#8230;&#8230;&#8230;&#8230;&#8230;&#8230;&#8230;&#8230;&#8230;&#8230;&#8230;&#8230;&#8230;&#8230;&#8230;&#8230;&#8230;&#8230;&#8230;&#8230;&#8230;&#8230;&#8230;&#8230;&#8230;&#8230;&#8230;&#8230;&#8230;&#8230;&#8230;&#8230;&#8230;&#8230;&#8230;&#8230;&#8230;.. 0,600 g&nbsp;<\/p>\n<p>Ve\u00edculo q.s.p. &#8230;&#8230;&#8230;&#8230;&#8230;&#8230;&#8230;&#8230;&#8230;&#8230;&#8230;&#8230;&#8230;&#8230;&#8230;&#8230;&#8230;&#8230;&#8230;&#8230;&#8230;&#8230;&#8230;&#8230;&#8230;&#8230;&#8230;&#8230;&#8230;&#8230;&#8230;&#8230;&#8230;&#8230;&#8230;&#8230;. 9,600 g<\/p>\n<p><\/p>\n<p>Indica\u00e7\u00f5es:<\/p>\n<p>Ivermectina Gel Composto \u00e9 indicado para o tratamento e controle dos principais parasitas internos dos eq\u00fcinos, como: Nemat\u00f3deos gastrintestinais: Habronema spp, Trichostrongylus axei, Parascaris equorum, Strongyloides westeri, Oxyuris equi, Onchocerca spp. Grandes estrongilos: Strongylus vulgaris, Strongylus eq\u00fcinus, Strongylus edentatus. Pequenos Estrongil\u00eddeos: Strongylinae: Triodontophorus spp. Cyathostominae: Cyathostomum spp, Gyalocephalus spp, Cylicodontophorus spp, Cylicostephanus spp, Cylicocyclus spp. Nemat\u00f3deo pulmonar: Dictyocaulus arnfieldi. Cest\u00f3deos: Anoplocephala spp, Paranoplocephala mamillana, Paranoplocephala perfoliata. Larvas de D\u00edpteros: Gasterophilus nasalis. Habronemose: Habronema spp e Draschia spp: Larvas cut\u00e2neas (ferida de ver\u00e3o ou esponja).<\/p>\n<p><\/p>\n<p>Dosagem:<\/p>\n<p>Modo de uso e dosagem: Ivermectina Gel Composto deve ser administrado por via oral, exclusivamente para eq\u00fcinos, aplicado sobre a l\u00edngua do animal, no fundo da boca, que deve estar sem alimento, na dosagem de 1,60 g para cada 100 kg de peso, ou seja, 200 mcg de Ivermectina, 2,5 mg de Praziquantel e 1 mg de vitamina E por kg de peso corporal, obedecendo a gradua\u00e7\u00e3o que consta no \u00eambolo da seringa, sendo que a seringa completa \u00e9 suficiente para tratar 600 kg de peso corporal, em dose \u00fanica. As doses s\u00e3o graduadas para: 100 kg, 200 kg, 300 kg, 400 kg, 500 kg e 600 kg.<\/p>\n<p><\/p>\n<p>Administra\u00e7\u00e3o:<\/p>\n<p>Ivermectina Gel Composto deve ser administrado por via oral, exclusivamente para eq\u00fcinos, aplicado sobre a l\u00edngua do animal, no fundo da boca, que deve estar sem alimento.<\/p>\n<p><\/p>\n<p>Precau\u00e7\u00f5es:<\/p>\n<p>Ap\u00f3s a aplica\u00e7\u00e3o, manter a cabe\u00e7a do animal levantada por alguns segundos. N\u00e3o usar e n\u00e3o jogar embalagens vazias em rios ou lagos. Produto t\u00f3xico para peixes, e alguns organismos aqu\u00e1ticos. N\u00e3o fumar ou alimentar-se durante o manuseio do produto.&nbsp;<\/p>\n<p><\/p>\n<p>Contra-indica\u00e7\u00f5es e limita\u00e7\u00f5es de uso: Ivermectina Gel Composto n\u00e3o possui contra indica\u00e7\u00f5es desde que se obede\u00e7a as indica\u00e7\u00f5es para o uso correto do produto.&nbsp;<\/p>\n<p><\/p>\n<p>Intera\u00e7\u00e3o medicamentosa: O uso concomitante com dexametasona reduz a efic\u00e1cia do praziquantel.&nbsp;<\/p>\n<p><\/p>\n<p>Rea\u00e7\u00f5es adversas: O produto n\u00e3o apresenta rea\u00e7\u00f5es adversas, quando administrado dentro das recomenda\u00e7\u00f5es.&nbsp;<\/p>\n<p><\/p>\n<p>Per\u00edodo de car\u00eancia:o abate dos animais tratados com este produto somente deve ser realizado 21 dias ap\u00f3s a \u00faltima aplica\u00e7\u00e3o.&nbsp;<\/p>\n<p><\/p>\n<p>Conservar em local seco e fresco, entre 5\u00baC e 30\u00baC, ao abrigo da luz solar direta, fora do alcance de crian\u00e7as e animais dom\u00e9sticos. Venda sob prescri\u00e7\u00e3o e aplica\u00e7\u00e3o sob orienta\u00e7\u00e3o do m\u00e9dico veterin\u00e1rio.<\/p>\n<p><\/p>\n<p>Apresenta\u00e7\u00e3o:<\/p>\n<p>Seringa de 9,60g.<\/p>\n<p><\/p>\n<p>Classe Terap\u00eautica:<\/p>\n<p>ENDOPARASITICIDAS (ANTI-PARASIT\u00c1RIOS)<\/p>\n<p><\/p>\n<p>Princ\u00edpio(s) Ativo(s):<\/p>\n<p>IVERMECTINA<\/p>\n<p>PRAZIQUANTEL<\/p>\n<p>VITAMINA E<\/p>\n<p><\/p>\n<p>Registro no Minist\u00e9rio da Agricultura, Pecu\u00e1ria e Abastecimento:<\/p>\n<p>7.850 em 05\/07\/2001.<\/p>\n","protected":false},"excerpt":{"rendered":"<p>Iver Gel Composto \u00e9 um verm\u00edfugo completo e vitaminado. Antiparasit\u00e1rio de ampo espectro com vitamina E. F\u00f3rmula: Cada seringa de 9,60 g<\/p>\n","protected":false},"featured_media":16680,"template":"","meta":{"_acf_changed":false},"product_brand":[955],"product_cat":[186],"product_tag":[1030],"class_list":{"0":"post-16679","1":"product","2":"type-product","3":"status-publish","4":"has-post-thumbnail","6":"product_brand-ouro-fino","7":"product_cat-vermifugo-e-carrapaticida","8":"product_tag-ouro-fino","10":"first","11":"outofstock","12":"purchasable","13":"product-type-simple"},"acf":[],"_links":{"self":[{"href":"https:\/\/vetsul.com\/index.php\/wp-json\/wp\/v2\/product\/16679","targetHints":{"allow":["GET"]}}],"collection":[{"href":"https:\/\/vetsul.com\/index.php\/wp-json\/wp\/v2\/product"}],"about":[{"href":"https:\/\/vetsul.com\/index.php\/wp-json\/wp\/v2\/types\/product"}],"wp:featuredmedia":[{"embeddable":true,"href":"https:\/\/vetsul.com\/index.php\/wp-json\/wp\/v2\/media\/16680"}],"wp:attachment":[{"href":"https:\/\/vetsul.com\/index.php\/wp-json\/wp\/v2\/media?parent=16679"}],"wp:term":[{"taxonomy":"product_brand","embeddable":true,"href":"https:\/\/vetsul.com\/index.php\/wp-json\/wp\/v2\/product_brand?post=16679"},{"taxonomy":"product_cat","embeddable":true,"href":"https:\/\/vetsul.com\/index.php\/wp-json\/wp\/v2\/product_cat?post=16679"},{"taxonomy":"product_tag","embeddable":true,"href":"https:\/\/vetsul.com\/index.php\/wp-json\/wp\/v2\/product_tag?post=16679"}],"curies":[{"name":"wp","href":"https:\/\/api.w.org\/{rel}","templated":true}]}}