{"id":16677,"date":"2018-01-05T15:18:36","date_gmt":"2018-01-05T17:18:36","guid":{"rendered":"http:\/\/35.194.95.18\/wp-admin\/?post_type=product&#038;p=16677"},"modified":"2025-08-11T10:40:39","modified_gmt":"2025-08-11T13:40:39","slug":"hipotac-30gr","status":"publish","type":"product","link":"https:\/\/vetsul.com\/index.php\/product\/hipotac-30gr\/","title":{"rendered":"HIPOTAC &#8211; 30gr"},"content":{"rendered":"<p>HIPOTAC \u00e9 um vermicida e larvicida de amplo espectro com atividade contra as formas adultas e larvares de Strongylus equi, Strongylus vulgaris, Strongylus edentatus, Oxyuris equi, Habronema spp e larvas de Gasterophilus spp dos eq\u00fcinos.<\/p>\n<p>F\u00f3rmula:<\/p>\n<p>cada 100g cont\u00e9m:<\/p>\n<p>Albendazol . . . . . . . . . . . . . . . . . . . . . . . . . . . . . 8,0g<\/p>\n<p>Triclorfon . . . . . . . . . . . . . . . . . . . . . . . . . . . . .<span style=\"white-space:pre\">\t<\/span>58,0g<\/p>\n<p>Ve\u00edculo q.s.p. . . . . . . . . . . . . . . . . . . . . . . . . . .100,0g<\/p>\n<p><\/p>\n<p>Indica\u00e7\u00f5es:<\/p>\n<p>HIPOTAC \u00e9 um vermicida e larvicida de amplo espectro com atividade contra as formas adultas e larvares de Strongylus equi, Strongylus vulgaris, Strongylus edentatus, Oxyuris equi, Habronema spp e larvas de Gasterophilus spp dos eq\u00fcinos.<\/p>\n<p><\/p>\n<p>Dosagem:<\/p>\n<p>A administra\u00e7\u00e3o de 6,0g de HIPOTAC \u00e9 suficiente para tratar 100Kg de peso, o que confere 35mg de triclorfon\/Kg e 5mg de albendazol\/Kg de peso. Uma \u00fanica aplica\u00e7\u00e3o \u00e9 suficiente ou de acordo com o veterin\u00e1rio. O conte\u00fado total de cada injetor \u00e9 suficiente para tratar 500Kg de peso.&nbsp;<\/p>\n<p><\/p>\n<p>Administra\u00e7\u00e3o:<\/p>\n<p>HIPOTAC \u00e9 um produto pronto para uso, administrado por via oral, segundo o peso animal.<\/p>\n<p><\/p>\n<p>Precau\u00e7\u00f5es:<\/p>\n<p>&#8211; N\u00e3o tratar animais cansados&nbsp;<\/p>\n<p>&#8211; 15 a 20 minutos depois do tratamento os animais n\u00e3o dever\u00e3o ter acesso a \u00e1gua e comida.&nbsp;<\/p>\n<p>&#8211; N\u00e3o tratar \u00e9guas no \u00faltimo m\u00eas de gesta\u00e7\u00e3o, assim como potros com menos de 4 meses de idade&nbsp;<\/p>\n<p>&#8211; Evitar o uso em animais caqu\u00e9ticos, animais com diarr\u00e9ias e com infec\u00e7\u00f5es que alterem seu estado geral&nbsp;<\/p>\n<p>&#8211; Observar um intervalo m\u00ednimo de 3 semanas entre os tratamentos&nbsp;<\/p>\n<p>&#8211; N\u00e3o fazer tratamentos simult\u00e2neos com outros fosforados&nbsp;<\/p>\n<p>&#8211; Suspender a medica\u00e7\u00e3o 14 dias antes do abate para consumo humano.<\/p>\n<p><\/p>\n<p>ANT\u00cdDOTO:<\/p>\n<p>Sulfato de atropina e reativadores da colinesterase (PAM, Contrathion e Toxogonin). Em caso de intoxica\u00e7\u00f5es acidentais em eq\u00fcinos, chamar o veterin\u00e1rio. Utilize como ant\u00eddoto solu\u00e7\u00e3o a 1{bad89740ab836af8afd78adf22d5854117f226b234e4f8ee83a0ac8d28f68ffc} do sulfato de atropina na dosagem de 2,5 a 3 mL por via parenteral. Conforme o caso, repetir a dose de hora em hora at\u00e9 o desaparecimento dos sintomas.<\/p>\n<p><\/p>\n<p>Apresenta\u00e7\u00e3o:<\/p>\n<p>Injetor com 30g de pasta<\/p>\n<p><\/p>\n<p>Classe Terap\u00eautica:<\/p>\n<p>ENDOPARASITICIDAS (ANTI-PARASIT\u00c1RIOS)<\/p>\n<p><\/p>\n<p>Princ\u00edpio(s) Ativo(s):<\/p>\n<p>ALBENDAZOL<\/p>\n<p>TRICLORFON (METRIFONATO)<\/p>\n<p><\/p>\n<p>Registro no Minist\u00e9rio da Agricultura, Pecu\u00e1ria e Abastecimento:<\/p>\n<p>3693\/91 em 28\/4\/91<\/p>\n<p><\/p>\n<p>Respons\u00e1vel T\u00e9cnico:<\/p>\n<p>Alberto dos Santos Mendes &#8211; CRMV: PR 0929 &#8220;S&#8221;<\/p>\n","protected":false},"excerpt":{"rendered":"<p>HIPOTAC \u00e9 um vermicida e larvicida de amplo espectro com atividade contra as formas adultas e larvares de Strongylus equi, Strongylus vulgaris,<\/p>\n","protected":false},"featured_media":16678,"template":"","meta":{"_acf_changed":false},"product_brand":[979],"product_cat":[186],"product_tag":[1005,1006,267],"class_list":{"0":"post-16677","1":"product","2":"type-product","3":"status-publish","4":"has-post-thumbnail","6":"product_brand-pearson-eurofarma","7":"product_cat-vermifugo-e-carrapaticida","8":"product_tag-eurofarma","9":"product_tag-pearson","10":"product_tag-vermifugo","12":"first","13":"instock","14":"purchasable","15":"product-type-simple"},"acf":[],"_links":{"self":[{"href":"https:\/\/vetsul.com\/index.php\/wp-json\/wp\/v2\/product\/16677","targetHints":{"allow":["GET"]}}],"collection":[{"href":"https:\/\/vetsul.com\/index.php\/wp-json\/wp\/v2\/product"}],"about":[{"href":"https:\/\/vetsul.com\/index.php\/wp-json\/wp\/v2\/types\/product"}],"wp:featuredmedia":[{"embeddable":true,"href":"https:\/\/vetsul.com\/index.php\/wp-json\/wp\/v2\/media\/16678"}],"wp:attachment":[{"href":"https:\/\/vetsul.com\/index.php\/wp-json\/wp\/v2\/media?parent=16677"}],"wp:term":[{"taxonomy":"product_brand","embeddable":true,"href":"https:\/\/vetsul.com\/index.php\/wp-json\/wp\/v2\/product_brand?post=16677"},{"taxonomy":"product_cat","embeddable":true,"href":"https:\/\/vetsul.com\/index.php\/wp-json\/wp\/v2\/product_cat?post=16677"},{"taxonomy":"product_tag","embeddable":true,"href":"https:\/\/vetsul.com\/index.php\/wp-json\/wp\/v2\/product_tag?post=16677"}],"curies":[{"name":"wp","href":"https:\/\/api.w.org\/{rel}","templated":true}]}}