{"id":16675,"date":"2018-01-05T15:14:59","date_gmt":"2018-01-05T17:14:59","guid":{"rendered":"http:\/\/35.194.95.18\/wp-admin\/?post_type=product&#038;p=16675"},"modified":"2025-02-07T16:24:07","modified_gmt":"2025-02-07T19:24:07","slug":"handicap","status":"publish","type":"product","link":"https:\/\/vetsul.com\/index.php\/product\/handicap\/","title":{"rendered":"HANDICAP"},"content":{"rendered":"<p>Recomendado para eq\u00fcinos, no controle das verminoses.<\/p>\n<div>\n<div>F\u00f3rmula:<\/div>\n<div>Cada 100 g cont\u00e9m:<\/div>\n<div>Ivermectina &#8230;&#8230;&#8230;&#8230;&#8230;&#8230;&#8230;&#8230;&#8230;&#8230;&#8230;&#8230;&#8230;&#8230;&#8230;&#8230;&#8230;&#8230;&#8230;&#8230;&#8230;. 1,2 g<\/div>\n<div>Praziquantel &#8230;&#8230;&#8230;&#8230;&#8230;&#8230;&#8230;&#8230;&#8230;&#8230;&#8230;&#8230;&#8230;&#8230;&#8230;&#8230;&#8230;&#8230;&#8230;&#8230;&#8230;15,0 g<\/div>\n<div>Ranitidina &#8230;&#8230;&#8230;&#8230;&#8230;&#8230;&#8230;&#8230;&#8230;&#8230;&#8230;&#8230;&#8230;&#8230;&#8230;&#8230;&#8230;&#8230;&#8230;&#8230;&#8230;&#8230;.44,0 g<\/div>\n<div>Excipiente q.s.p &#8230;&#8230;&#8230;&#8230;&#8230;&#8230;&#8230;&#8230;&#8230;&#8230;&#8230;&#8230;&#8230;&#8230;&#8230;&#8230;&#8230;&#8230;..100,0 g<\/div>\n<div>*equivalente a 49,8 g cloridrato de ranitidina<\/div>\n<div><\/div>\n<div>Indica\u00e7\u00f5es:<\/div>\n<div>Recomendado para eq\u00fcinos, no controle das verminoses causadas por:<\/div>\n<div>Grandes estr\u00f4ngilus:<\/div>\n<div>Strongylus vulgaris (adultos e est\u00e1gio arterial)<\/div>\n<div>S. edentatus (adulto e larvas encistadas)<\/div>\n<div>S. eq\u00fcinos (adulto)<\/div>\n<div>Triodontophorus spp. (adulto)<\/div>\n<div><\/div>\n<div>Pequenos estr\u00f4ngilus:<\/div>\n<div>Cyathostomum spp. (adulto e larvas de 4\u00ba est\u00e1gio)<\/div>\n<div>Cylicocylus spp. (adultos e larvas de 4\u00ba est\u00e1gio)<\/div>\n<div>Cylicostephanus spp. (adultos e larvas de 4\u00ba est\u00e1gio)<\/div>\n<div>Cylicodontophorus spp. (adultos e larvas de 4\u00ba est\u00e1gio)<\/div>\n<div>Cyalocephalus spp. (adultos e formas imaturas)<\/div>\n<div><\/div>\n<div>Outros nemat\u00f3deos:<\/div>\n<div>Oxyuris equi (adultos e larvas de 3\u00ba e 4\u00ba est\u00e1gios)<\/div>\n<div>Parascaris equorum (adultos e larvas de 3\u00ba e 4\u00ba est\u00e1gios)<\/div>\n<div>Strongyloides westeri (adultos)<\/div>\n<div>Trichostrongylus axei (adultos)<\/div>\n<div>Draschia spp. (larvas de 3\u00ba est\u00e1gio)<\/div>\n<div>Habronema muscae (adultos)<\/div>\n<div>Onchocerca spp. (microfil\u00e1rias)<\/div>\n<div>Dictyocaulus arnfield (adultos e larvas de 4\u00ba est\u00e1gio)<\/div>\n<div><\/div>\n<div>Cest\u00f3deos:<\/div>\n<div>Anoplocephala perfoliata<\/div>\n<div>A magna ,Paranoplocephala mamillana<\/div>\n<div><\/div>\n<div>Larvas:<\/div>\n<div>Gasterophilus spp. (est\u00e1gios oral e g\u00e1stricos)<\/div>\n<div><\/div>\n<div>Dosagem:<\/div>\n<div>Cada gradua\u00e7\u00e3o da seringa com 10 ou 30 g do produto (multidose) corresponde \u00e0 dose para tratar 100 kg de peso.<\/div>\n<div><\/div>\n<div>Administra\u00e7\u00e3o:<\/div>\n<div>HANDICAP EQ\u00dcINOS deve ser administrado por via oral, na propor\u00e7\u00e3o de 1 grama para cada 60 kg de peso corporal, ou seja, 200 mg ivermectina, 2,5 mg de praziquantel e 7,33 mg de ranitidina por kg de peso.<\/div>\n<div>Cada gradua\u00e7\u00e3o da seringa com 10 ou 30 g do produto (multidose) corresponde \u00e0 dose para tratar 100 kg de peso.<\/div>\n<div>Aplicar o produto, posicionando o bico da seringa entre os dentes, no espa\u00e7o existente na denti\u00e7\u00e3o do animal. Graduar a seringa na dosagem determinada , pressionar o \u00eambolo, depositando o medicamento na por\u00e7\u00e3o posterior da l\u00edngua do animal. Deve-se levantar a cabe\u00e7a do animal, por breve espa\u00e7o de tempo, para ter a certeza de que o medicamento foi totalmente ingerido. Cada seringa de 10 gramas \u00e9 suficiente para tratar 600 kg de peso corporal e cada seringa de 30 gramas trata 1800 kg de peso.<\/div>\n<div><\/div>\n<div>Precau\u00e7\u00f5es:<\/div>\n<div>O produto \u00e9 indicado somente para eq\u00fcinos.<\/div>\n<div>N\u00e3o fumar, comer ou beber durante a aplica\u00e7\u00e3o.<\/div>\n<div>Lavar as m\u00e3os ap\u00f3s manusear o produto.<\/div>\n<div>O produto n\u00e3o deve ser aplicado em eq\u00fcinos destinados ao abate para consumo humano.<\/div>\n<div>N\u00e3o contaminar rios, lagos e mananciais, pois o produto \u00e9 t\u00f3xico para peixes e certas formas de vida aqu\u00e1tica.<\/div>\n<div>Procurar imediatamente um m\u00e9dico, no caso de ingest\u00e3o acidental.<\/div>\n<div>N\u00e3o h\u00e1 ant\u00eddoto especifico: em caso de intoxica\u00e7\u00e3o proceder ao tratamento sintom\u00e1tico.<\/div>\n<div>Conservar em local fresco, entre 10 e 30 \u00baC seco e ao abrigo da luz solar direta.<\/div>\n<div>Manter fora do alcance de crian\u00e7as.<\/div>\n<div><\/div>\n<div>Apresenta\u00e7\u00e3o:<\/div>\n<div>Seringas pl\u00e1sticas graduadas, descart\u00e1veis contendo 10 g e 30 g.<\/div>\n<div><\/div>\n<div>Classe Terap\u00eautica:<\/div>\n<div>ENDECTOCIDAS (A\u00c7\u00c3O EM ENDOPARASITAS E ECTOPARASITAS) (ANTI-PARASIT\u00c1RIOS)<\/div>\n<div><\/div>\n<div>Princ\u00edpio(s) Ativo(s):<\/div>\n<div>PRAZIQUANTEL<\/div>\n<div>OUTROS<\/div>\n<div>IVERMECTINA<\/div>\n<div><\/div>\n<div>Registro no Minist\u00e9rio da Agricultura, Pecu\u00e1ria e Abastecimento: 7.995<\/div>\n<div><\/div>\n<div>Respons\u00e1vel T\u00e9cnico:<\/div>\n<div>DR. PEDRO DAVID &#8211; CRMV: CRF N\u00ba 78\/RJ<\/div>\n<\/div>\n","protected":false},"excerpt":{"rendered":"<p>Recomendado para eq\u00fcinos, no controle das verminoses. F\u00f3rmula: Cada 100 g cont\u00e9m: Ivermectina &#8230;&#8230;&#8230;&#8230;&#8230;&#8230;&#8230;&#8230;&#8230;&#8230;&#8230;&#8230;&#8230;&#8230;&#8230;&#8230;&#8230;&#8230;&#8230;&#8230;&#8230;. 1,2 g Praziquantel &#8230;&#8230;&#8230;&#8230;&#8230;&#8230;&#8230;&#8230;&#8230;&#8230;&#8230;&#8230;&#8230;&#8230;&#8230;&#8230;&#8230;&#8230;&#8230;&#8230;&#8230;15,0 g Ranitidina &#8230;&#8230;&#8230;&#8230;&#8230;&#8230;&#8230;&#8230;&#8230;&#8230;&#8230;&#8230;&#8230;&#8230;&#8230;&#8230;&#8230;&#8230;&#8230;&#8230;&#8230;&#8230;.44,0 g<\/p>\n","protected":false},"featured_media":16676,"template":"","meta":{"_acf_changed":false},"product_brand":[966],"product_cat":[163,186],"product_tag":[1035,1052],"class_list":{"0":"post-16675","1":"product","2":"type-product","3":"status-publish","4":"has-post-thumbnail","6":"product_brand-ceva","7":"product_cat-equinos","8":"product_cat-vermifugo-e-carrapaticida","9":"product_tag-ceva","10":"product_tag-marcolab","12":"first","13":"outofstock","14":"purchasable","15":"product-type-simple"},"acf":[],"_links":{"self":[{"href":"https:\/\/vetsul.com\/index.php\/wp-json\/wp\/v2\/product\/16675","targetHints":{"allow":["GET"]}}],"collection":[{"href":"https:\/\/vetsul.com\/index.php\/wp-json\/wp\/v2\/product"}],"about":[{"href":"https:\/\/vetsul.com\/index.php\/wp-json\/wp\/v2\/types\/product"}],"wp:featuredmedia":[{"embeddable":true,"href":"https:\/\/vetsul.com\/index.php\/wp-json\/wp\/v2\/media\/16676"}],"wp:attachment":[{"href":"https:\/\/vetsul.com\/index.php\/wp-json\/wp\/v2\/media?parent=16675"}],"wp:term":[{"taxonomy":"product_brand","embeddable":true,"href":"https:\/\/vetsul.com\/index.php\/wp-json\/wp\/v2\/product_brand?post=16675"},{"taxonomy":"product_cat","embeddable":true,"href":"https:\/\/vetsul.com\/index.php\/wp-json\/wp\/v2\/product_cat?post=16675"},{"taxonomy":"product_tag","embeddable":true,"href":"https:\/\/vetsul.com\/index.php\/wp-json\/wp\/v2\/product_tag?post=16675"}],"curies":[{"name":"wp","href":"https:\/\/api.w.org\/{rel}","templated":true}]}}