{"id":16671,"date":"2018-01-05T15:08:20","date_gmt":"2018-01-05T17:08:20","guid":{"rendered":"http:\/\/35.194.95.18\/wp-admin\/?post_type=product&#038;p=16671"},"modified":"2025-02-07T16:00:17","modified_gmt":"2025-02-07T19:00:17","slug":"equitrat-gold-6-42-gr","status":"publish","type":"product","link":"https:\/\/vetsul.com\/index.php\/product\/equitrat-gold-6-42-gr\/","title":{"rendered":"EQUITRAT GOLD 6,42 GR"},"content":{"rendered":"<p><span style=\"font-family: arial, sans-serif;font-size: 13.3333px;text-align: justify\">Endectocida oral para eq\u00fc\u00eddeos.<\/span><\/p>\n<p style=\"text-align: justify\"><font color=\"#535353\" face=\"arial, sans-serif\"><span style=\"font-size: 13.3333px\">COMPOSI\u00c7\u00c3O:<\/span><\/font><\/p>\n<p style=\"text-align: justify\"><font color=\"#535353\" face=\"arial, sans-serif\"><span style=\"font-size: 13.3333px\">Ivermectina: 1,87g<\/span><\/font><\/p>\n<p style=\"text-align: justify\"><font color=\"#535353\" face=\"arial, sans-serif\"><span style=\"font-size: 13.3333px\">Ve\u00ed\u00adculo q.s.p.: 100g<\/span><\/font><\/p>\n<p style=\"text-align: justify\"><font color=\"#535353\" face=\"arial, sans-serif\"><span style=\"font-size: 13.3333px\">MODO DE USAR E DOSAGEM:<\/span><\/font><\/p>\n<p style=\"text-align: justify\"><font color=\"#535353\" face=\"arial, sans-serif\"><span style=\"font-size: 13.3333px\">Administrar por via oral, calculando o peso do animal e ajustando o \u00eambolo ao peso correspondente.<\/span><\/font><\/p>\n<p style=\"text-align: justify\"><font color=\"#535353\" face=\"arial, sans-serif\"><span style=\"font-size: 13.3333px\">APRESENTA\u00c7\u00c3O:<\/span><\/font><\/p>\n<p style=\"text-align: justify\"><font color=\"#535353\" face=\"arial, sans-serif\"><span style=\"font-size: 13.3333px\">Seringa pl\u00e1stica auto-dosadoras com 6,42g cada<\/span><\/font><\/p>\n<p><span style=\"font-family: arial, sans-serif;font-size: 13.3333px;text-align: justify\"><\/span><\/p>\n","protected":false},"excerpt":{"rendered":"<p>Endectocida oral para eq\u00fc\u00eddeos. COMPOSI\u00c7\u00c3O: Ivermectina: 1,87g Ve\u00ed\u00adculo q.s.p.: 100g MODO DE USAR E DOSAGEM: Administrar por via oral, calculando o peso<\/p>\n","protected":false},"featured_media":16672,"template":"","meta":{"_acf_changed":false},"product_brand":[958],"product_cat":[186],"product_tag":[993],"class_list":{"0":"post-16671","1":"product","2":"type-product","3":"status-publish","4":"has-post-thumbnail","6":"product_brand-biofarm","7":"product_cat-vermifugo-e-carrapaticida","8":"product_tag-biofarm","10":"first","11":"outofstock","12":"purchasable","13":"product-type-simple"},"acf":[],"_links":{"self":[{"href":"https:\/\/vetsul.com\/index.php\/wp-json\/wp\/v2\/product\/16671","targetHints":{"allow":["GET"]}}],"collection":[{"href":"https:\/\/vetsul.com\/index.php\/wp-json\/wp\/v2\/product"}],"about":[{"href":"https:\/\/vetsul.com\/index.php\/wp-json\/wp\/v2\/types\/product"}],"wp:featuredmedia":[{"embeddable":true,"href":"https:\/\/vetsul.com\/index.php\/wp-json\/wp\/v2\/media\/16672"}],"wp:attachment":[{"href":"https:\/\/vetsul.com\/index.php\/wp-json\/wp\/v2\/media?parent=16671"}],"wp:term":[{"taxonomy":"product_brand","embeddable":true,"href":"https:\/\/vetsul.com\/index.php\/wp-json\/wp\/v2\/product_brand?post=16671"},{"taxonomy":"product_cat","embeddable":true,"href":"https:\/\/vetsul.com\/index.php\/wp-json\/wp\/v2\/product_cat?post=16671"},{"taxonomy":"product_tag","embeddable":true,"href":"https:\/\/vetsul.com\/index.php\/wp-json\/wp\/v2\/product_tag?post=16671"}],"curies":[{"name":"wp","href":"https:\/\/api.w.org\/{rel}","templated":true}]}}