{"id":16667,"date":"2018-01-05T15:01:33","date_gmt":"2018-01-05T17:01:33","guid":{"rendered":"http:\/\/35.194.95.18\/wp-admin\/?post_type=product&#038;p=16667"},"modified":"2025-04-04T11:23:48","modified_gmt":"2025-04-04T14:23:48","slug":"equest-20gr","status":"publish","type":"product","link":"https:\/\/vetsul.com\/index.php\/product\/equest-20gr\/","title":{"rendered":"EQUEST 20GR"},"content":{"rendered":"<p>Quem procura por uma maneira simples e eficiente de tratar e eliminar carrapatos em cavalos deve conhecer o Verm\u00edfugo Equest. Especialmente desenvolvido para esses animais, a op\u00e7\u00e3o conta com o diferencial de ser o \u00fanico verm\u00edfugo para equinos 100{bad89740ab836af8afd78adf22d5854117f226b234e4f8ee83a0ac8d28f68ffc} carrapaticida.<\/p>\n<p><\/p>\n<p>Embalado em uma seringa pl\u00e1stica pronta para uso, o Equest \u00e9 um medicamento \u00e0 base de Moxidectina. Cada dose \u00e9 administrada de acordo com o peso do animal, respeitando a recomenda\u00e7\u00e3o de 0,4mg de moxidectina\/kg por peso corporal.<\/p>\n<p><\/p>\n<p>Para evitar sub ou sobre dosagem, o indicado \u00e9 sempre verificar o peso correto do cavalo antes de iniciar o tratamento, conferindo tal informa\u00e7\u00e3o em uma balan\u00e7a ou fita tor\u00e1cica.<\/p>\n<p><\/p>\n<p>O modo de uso do verm\u00edfugo Equest \u00e9 muito simples. Para usar a seringa, basta girar o seu anel de gradua\u00e7\u00e3o, ajustando a dosagem baseada no peso do animal a ser tratado.<\/p>\n<p><\/p>\n<p>Ap\u00f3s certificar-se de que n\u00e3o h\u00e1 alimentos na boca do cavalo, remova a capa da seringa e introduza-a com o bico pr\u00f3ximo \u00e0 base da l\u00edngua do animal. Em seguida, pressione o \u00eambolo da seringa at\u00e9 alcan\u00e7ar a sua v\u00e1lvula.<\/p>\n<p><\/p>\n<p>Uma vez na boca, o verm\u00edfugo Equest se evanesce, dificultando que o medicamento seja cuspido ou mal aproveitado. Para preservar o conte\u00fado restante, basta recolocar a capa da seringa e armazen\u00e1-la seguindo as instru\u00e7\u00f5es do r\u00f3tulo.<\/p>\n<p><\/p>\n<p>O verm\u00edfugo Equest proporciona 45 dias de prote\u00e7\u00e3o, mantendo o seu cavalo livre de carrapatos e outros parasitas externos. E para deixar ainda mais eficiente o tratamento contra estas e outras pragas, confira as dicas da Agroline para eliminar carrapatos de seu cavalo. Dessa forma, seus animais s\u00e3o mantidos protegidos e a salvo de problemas ocasionados por parasitas.<\/p>\n<p>F\u00f3rmula:<\/p>\n<p>Cada 100g cont\u00e9m:<\/p>\n<p>Moxidectina &#8230;&#8230;&#8230;&#8230;&#8230;&#8230;&#8230;&#8230;&#8230;&#8230;&#8230;&#8230;&#8230;&#8230;&#8230;&#8230;&#8230;&#8230;&#8230;.2,0 g<\/p>\n<p>Excipiente q.s.p. &#8230;&#8230;&#8230;&#8230;&#8230;&#8230;&#8230;&#8230;&#8230;&#8230;&#8230;&#8230;&#8230;&#8230;&#8230;&#8230;100,0 g<\/p>\n<p><\/p>\n<p><\/p>\n<p>Indica\u00e7\u00f5es:<\/p>\n<p>EQUEST \u00e9 um antiparasit\u00e1rio de amplo espectro altamente efetivo contra est\u00e1gios imaturos e adultos dos principais parasitas gastrintestinais e ectoparasitas de cavalos e outros eq\u00fc\u00eddeos.<\/p>\n<p><\/p>\n<p>&#8211; Grandes Estr\u00f4ngilos: Strongylus vulgaris(adulto e est\u00e1gio arterial). Strongylus edentatus(adultos e est\u00e1gio peritoneal),Strongylus equinus(adultos)**, Triodontophorus spp. (adultos)**.<\/p>\n<p><\/p>\n<p>&#8211; Pequenos Estr\u00f4ngilos: Cyathostominae: adulto e est\u00e1gios larvais, incluindo fases encistadas, das seguintes esp\u00e9cies: Cyathostomum spp., Cylicocylus spp., Posteriostomum spp.,Cylicodontophorus spp., Cylicostephanus spp., Gyalocephalus spp.<\/p>\n<p><\/p>\n<p>&#8211; Outros parasitas internos: Dictyocaulus arnfield, Oxyuris equi (adultos e est\u00e1gios larvares),Parascaris equorum (adultos e est\u00e1gios larvares), Trichostrongylus axei (adulto)**, Strongyloides westeri (adultos)**, Habronema muscae (adultos e est\u00e1gios larvares), Habronema majus(adultos)**.<\/p>\n<p><\/p>\n<p>Larvas de Est\u00f4mago: Gasterophylus intestinalis (larvas de 2\u00ba e 3\u00ba est\u00e1gios),Gasterophylus nasalis (larvas de 2\u00b0 e 3\u00b0 est\u00e1gios).<\/p>\n<p><\/p>\n<p>&#8211; Filarias: Onchocerca cervicalis (microfil\u00e1ria). &#8211; Ferida de ver\u00e3o (Habronemose cut\u00e2nea):est\u00e1gios cut\u00e2neos de nemat\u00f3ides da fam\u00edlia Spiruridae (como Habronema muscae e Habronema majus).&nbsp;<\/p>\n<p><\/p>\n<p>&#8211; Carrapatos: Amblyomma cajennense, Dermacentor (Anocentor) nitens.<\/p>\n<p>** Dados insuficientes referentes a est\u00e1gios larvares nos estudos realizado at\u00e9 o momento.&nbsp;<\/p>\n<p><\/p>\n<p><\/p>\n<p>Dosagem:<\/p>\n<p>A tabela a seguir pode ser usada como guia geral para dosagem:<\/p>\n<p><\/p>\n<p><\/p>\n<p>Ra\u00e7a Ra\u00e7a<\/p>\n<p>P \u00f4 n e i s de cavalos leves de cavalos pesados&nbsp;<\/p>\n<p><\/p>\n<p>Doses por Doses por Doses por&nbsp;<\/p>\n<p>Idade&nbsp; &nbsp; &nbsp; &nbsp; &nbsp; &nbsp; Peso (Kg)&nbsp; &nbsp; &nbsp; &nbsp; &nbsp; seringa Peso (Kg)&nbsp; &nbsp; &nbsp; &nbsp; &nbsp;seringa Peso (Kg)&nbsp; &nbsp; &nbsp; &nbsp; &nbsp; &nbsp;seringa<\/p>\n<p>3 meses&nbsp; 60 9 125 4 155-170 3<\/p>\n<p>6 meses 95 6 185 3 230-265 2<\/p>\n<p>Adulto 200 2 400 1 500 ou mais 1<\/p>\n","protected":false},"excerpt":{"rendered":"<p>Quem procura por uma maneira simples e eficiente de tratar e eliminar carrapatos em cavalos deve conhecer o Verm\u00edfugo Equest. Especialmente desenvolvido<\/p>\n","protected":false},"featured_media":16668,"template":"","meta":{"_acf_changed":false},"product_brand":[970],"product_cat":[186],"product_tag":[],"class_list":{"0":"post-16667","1":"product","2":"type-product","3":"status-publish","4":"has-post-thumbnail","6":"product_brand-zoetis","7":"product_cat-vermifugo-e-carrapaticida","9":"first","10":"instock","11":"shipping-taxable","12":"purchasable","13":"product-type-simple"},"acf":[],"_links":{"self":[{"href":"https:\/\/vetsul.com\/index.php\/wp-json\/wp\/v2\/product\/16667","targetHints":{"allow":["GET"]}}],"collection":[{"href":"https:\/\/vetsul.com\/index.php\/wp-json\/wp\/v2\/product"}],"about":[{"href":"https:\/\/vetsul.com\/index.php\/wp-json\/wp\/v2\/types\/product"}],"wp:featuredmedia":[{"embeddable":true,"href":"https:\/\/vetsul.com\/index.php\/wp-json\/wp\/v2\/media\/16668"}],"wp:attachment":[{"href":"https:\/\/vetsul.com\/index.php\/wp-json\/wp\/v2\/media?parent=16667"}],"wp:term":[{"taxonomy":"product_brand","embeddable":true,"href":"https:\/\/vetsul.com\/index.php\/wp-json\/wp\/v2\/product_brand?post=16667"},{"taxonomy":"product_cat","embeddable":true,"href":"https:\/\/vetsul.com\/index.php\/wp-json\/wp\/v2\/product_cat?post=16667"},{"taxonomy":"product_tag","embeddable":true,"href":"https:\/\/vetsul.com\/index.php\/wp-json\/wp\/v2\/product_tag?post=16667"}],"curies":[{"name":"wp","href":"https:\/\/api.w.org\/{rel}","templated":true}]}}