{"id":16663,"date":"2018-01-05T14:53:05","date_gmt":"2018-01-05T16:53:05","guid":{"rendered":"http:\/\/35.194.95.18\/wp-admin\/?post_type=product&#038;p=16663"},"modified":"2025-08-11T10:40:39","modified_gmt":"2025-08-11T13:40:39","slug":"eqvalan-pasta","status":"publish","type":"product","link":"https:\/\/vetsul.com\/index.php\/product\/eqvalan-pasta\/","title":{"rendered":"Eqvalan Pasta"},"content":{"rendered":"<p>Eqvalan\u00ae Pasta \u00e9 um antiparasit\u00e1rio \u00e0 base de ivermectina MERIAL a 1,87{bad89740ab836af8afd78adf22d5854117f226b234e4f8ee83a0ac8d28f68ffc}, indicado para o tratamento e controle de vermes redondos gastrintestinais e pulmonar dos eq\u00fc\u00eddeos. Eqvalan\u00ae Pasta apresenta alta efic\u00e1cia contra grandes (Strongylus vulgaris, S. edentatus, S. equinus e Triodontophorus spp.) e pequenos estr\u00f4ngilos, nos est\u00e1gios adultos e imaturos. Al\u00e9m disso controla o Parascaris equorum nos est\u00e1gios adultos e migrat\u00f3rios; os nematodas estomacais (Habronema muscae, Draschia megastoma) em suas formas g\u00e1stricas e cut\u00e2neas; o Strongyloides westeri, inclusive transmitido via colostro\/leite aos potros; os vermes subcut\u00e2neos (Onchocerca cervicalis); e mi\u00edases g\u00e1stricas e orais causadas pelo Gasterophilus spp.<\/p>\n<p>A ivermectina age especialmente nos canais de cloro controlados pelo \u00e1cido glut\u00e2mico e secundariamente naqueles canais de Cloro controlados pelo GABA (\u00e1cido gama-aminobut\u00edrico), ocasionando um aumento no fluxo destes \u00edons nas sinapses nervosas em vermes redondos.&nbsp; &nbsp; &nbsp;Conseq\u00fcentemente h\u00e1 hiperpolariza\u00e7\u00e3o das membranas nervosas, ocasionando paralisia fl\u00e1cida, morte e elimina\u00e7\u00e3o dos parasitos.<\/p>\n<p><\/p>\n<p>Eqvalan\u00ae Pasta adere-se facilmente \u00e0 mucosa oral dos eq\u00fc\u00eddeos, evitando queda ou perda da dose, quando convenientemente administrado .<\/p>\n<p><\/p>\n<p>Apresenta\u00e7\u00e3o<\/p>\n<p><\/p>\n<p>Seringas pl\u00e1sticas descart\u00e1veis contendo 6,42 g de pasta.<\/p>\n<p><\/p>\n<p>Modo de usar<\/p>\n<p><\/p>\n<p>Eqvalan\u00ae Pasta deve ser administrado exclusivamente por via oral, ap\u00f3s a gradua\u00e7\u00e3o adequada da dose segundo o peso vivo do animal a ser tratado. O ajuste da dose deve ser realizado por interm\u00e9dio da fixa\u00e7\u00e3o da &#8220;arruela&#8221; pl\u00e1stica existente no \u00eambolo da embalagem, fixando-a por meio de um leve giro sobre a marca do peso estimado do animal. Assim a extremidade livre da embalagem \u00e9 colocada no espa\u00e7o interdent\u00e1rio e o \u00eambolo pressionado, depositando-se o produto sobre a base da l\u00edngua dos animais. Deve-se observar a degluti\u00e7\u00e3o da pasta pelo animal tratado, a fim de se evitar o desperd\u00edcio. O \u00eambolo da embalagem de Eqvalan\u00ae Pasta apresenta-se graduado a cada 25 kg de peso vivo, com cada embalagem tendo quantidade de produto suficiente para se tratar at\u00e9 600 kg de peso vivo.<\/p>\n<p><\/p>\n<p>A dosagem recomendada de Eqvalan\u00ae Pasta \u00e9 de 200 mcg por kg de peso vivo.<\/p>\n<p><\/p>\n<p>Per\u00edodo de car\u00eancia<\/p>\n<p><\/p>\n<p>Abate: eq\u00fc\u00eddeos destinados ao consumo humano n\u00e3o dever\u00e3o ser abatidos dentro de at\u00e9 21 dias ap\u00f3s o \u00faltimo tratamento.<\/p>\n<p><\/p>\n<p>Prazo de validade<\/p>\n<p><\/p>\n<p>2 anos ap\u00f3s a data de fabrica\u00e7\u00e3o.<\/p>\n<p><\/p>\n<p>Advert\u00eancias<\/p>\n<p><\/p>\n<p>Evitar a subdosagem. Tratar os animais de acordo com o peso vivo, que pode ser aferido em balan\u00e7as apropriadas ou por meio de fita tor\u00e1cica.<\/p>\n<p>Alguns animais podem mostrar edema (incha\u00e7o) na por\u00e7\u00e3o ventral , particularmente na regi\u00e3o do peito e abd\u00f4men ap\u00f3s o tratamento, em raz\u00e3o de rea\u00e7\u00e3o al\u00e9rgica que pode seguir \u00e0 grande mortalidade de microfil\u00e1rias dos vermes subcut\u00e2neos Onchocerca spp. Tal rea\u00e7\u00e3o desaparece espontaneamente ap\u00f3s alguns dias, mas em caso de d\u00favidas pode-se inserir tratamento de acordo com a orienta\u00e7\u00e3o de seu M\u00e9dico Veterin\u00e1rio.<\/p>\n<p>Embalagens vazias devem ser destru\u00eddas por incinera\u00e7\u00e3o e nunca reaproveitadas ou lavadas em rios ou a\u00e7udes.<\/p>\n<p>Evitar fumar ou alimentar-se durante o manuseio<\/p>\n<p>Lavar as m\u00e3os ap\u00f3s o manuseio.<\/p>\n<p>Manter este e outros medicamentos fora do alcance de crian\u00e7as e animais dom\u00e9sticos.<\/p>\n<p><\/p>\n<p>&nbsp;Caracter\u00edsticas<\/p>\n<p><\/p>\n<p>Eqvalan\u00ae Pasta \u00e9 o \u00fanico antiparasit\u00e1rio dispon\u00edvel no mercado, \u00e0 base de ivermectina MERIAL.<\/p>\n<p>Controle eficaz de est\u00e1gios arteriais e intestinais do S. vulgaris.<\/p>\n<p>Controle eficaz de est\u00e1gios intestinais e migrat\u00f3rios do P. equorum.<\/p>\n<p>Eficaz contra a habronemose cut\u00e2nea (les\u00f5es extensas podem requerer procedimento cir\u00fargico junto com o tratamento com Eqvalan\u00ae).<\/p>\n<p>Controle altamente eficaz de est\u00e1gios orais e g\u00e1stricos do Gastrophilus spp.<\/p>\n<p>Seguran\u00e7a para animais em qualquer estado, idade, f\u00eameas prenhes e machos reprodutores.<\/p>\n<p>Produto da empresa l\u00edder do mercado veterin\u00e1rio no Brasil.&nbsp;<\/p>\n<p><\/p>\n<p>&nbsp;Benef\u00edcios<\/p>\n<p><\/p>\n<p>Eqvalan\u00ae Pasta quando empregado num programa de controle parasit\u00e1rio pode proporcionar:<\/p>\n<p><\/p>\n<p>Redu\u00e7\u00e3o dos epis\u00f3dios de c\u00f3licas vermin\u00f3ticas, tromboemb\u00f3licas ou n\u00e3o.<\/p>\n<p>Pleno desenvolvimento dos potros, que atingem os \u00edndices de desenvolvimento corporal necess\u00e1rios para registro em associa\u00e7\u00f5es de ra\u00e7as.<\/p>\n<p>Redu\u00e7\u00e3o nos custos de tratamento e controle de parasitoses, com rela\u00e7\u00e3o custo-benef\u00edcio altamente positiva.<\/p>\n<p>Confian\u00e7a, seguran\u00e7a e tranq\u00fcilidade.<\/p>\n","protected":false},"excerpt":{"rendered":"<p>Eqvalan\u00ae Pasta \u00e9 um antiparasit\u00e1rio \u00e0 base de ivermectina MERIAL a 1,87{bad89740ab836af8afd78adf22d5854117f226b234e4f8ee83a0ac8d28f68ffc}, indicado para o tratamento e controle de vermes redondos gastrintestinais<\/p>\n","protected":false},"featured_media":16664,"template":"","meta":{"_acf_changed":false},"product_brand":[980],"product_cat":[186],"product_tag":[1067,267],"class_list":{"0":"post-16663","1":"product","2":"type-product","3":"status-publish","4":"has-post-thumbnail","6":"product_brand-merial","7":"product_cat-vermifugo-e-carrapaticida","8":"product_tag-merial","9":"product_tag-vermifugo","11":"first","12":"instock","13":"purchasable","14":"product-type-simple"},"acf":[],"_links":{"self":[{"href":"https:\/\/vetsul.com\/index.php\/wp-json\/wp\/v2\/product\/16663","targetHints":{"allow":["GET"]}}],"collection":[{"href":"https:\/\/vetsul.com\/index.php\/wp-json\/wp\/v2\/product"}],"about":[{"href":"https:\/\/vetsul.com\/index.php\/wp-json\/wp\/v2\/types\/product"}],"wp:featuredmedia":[{"embeddable":true,"href":"https:\/\/vetsul.com\/index.php\/wp-json\/wp\/v2\/media\/16664"}],"wp:attachment":[{"href":"https:\/\/vetsul.com\/index.php\/wp-json\/wp\/v2\/media?parent=16663"}],"wp:term":[{"taxonomy":"product_brand","embeddable":true,"href":"https:\/\/vetsul.com\/index.php\/wp-json\/wp\/v2\/product_brand?post=16663"},{"taxonomy":"product_cat","embeddable":true,"href":"https:\/\/vetsul.com\/index.php\/wp-json\/wp\/v2\/product_cat?post=16663"},{"taxonomy":"product_tag","embeddable":true,"href":"https:\/\/vetsul.com\/index.php\/wp-json\/wp\/v2\/product_tag?post=16663"}],"curies":[{"name":"wp","href":"https:\/\/api.w.org\/{rel}","templated":true}]}}