{"id":16655,"date":"2018-01-05T14:23:34","date_gmt":"2018-01-05T16:23:34","guid":{"rendered":"http:\/\/35.194.95.18\/wp-admin\/?post_type=product&#038;p=16655"},"modified":"2025-04-08T10:12:49","modified_gmt":"2025-04-08T13:12:49","slug":"ornitil-100ml","status":"publish","type":"product","link":"https:\/\/vetsul.com\/index.php\/product\/ornitil-100ml\/","title":{"rendered":"Ornitil 100ml"},"content":{"rendered":"<p>Auxiliar do metabolismo hep\u00e1tico<\/p>\n<p><\/p>\n<p>Ornitil ajuda a transformar produtos t\u00f3xicos, decorrentes da metaboliza\u00e7\u00e3o de prote\u00ednas, em subst\u00e2ncias menos t\u00f3xicas, pass\u00edveis de serem excretadas ou reaproveitadas. O principal metab\u00f3lito produzido por estas rea\u00e7\u00f5es \u00e9 a am\u00f4nia, que deve ser transformada em ur\u00e9ia, pelo ciclo da ur\u00e9ia ou de Krebs-Henseleit. Durante o ciclo, a participa\u00e7\u00e3o da Ornitina, Citrulina e Arginina s\u00e3o fundamentais para a transforma\u00e7\u00e3o da am\u00f4nia e elimina\u00e7\u00e3o da ur\u00e9ia.<\/p>\n<p><\/p>\n<p>INDICA\u00c7\u00c3O DO PRODUTO<\/p>\n<p><\/p>\n<p>Ornitil \u00e9 indicado para equinos como auxiliar do metabolismo hep\u00e1tico e tratamento dos estados carenciais dos ingredientes que comp\u00f5e a f\u00f3rmula do produto.<\/p>\n<p><\/p>\n<p>PRINCIPAIS VANTAGENS<\/p>\n<p><\/p>\n<p>Eficiente antit\u00f3xico e auxiliar no metabolismo hep\u00e1tico;<\/p>\n<p>Princ\u00edpios ativos considerados fundamentais para convers\u00e3o de subprodutos t\u00f3xicos decorrentes da metaboliza\u00e7\u00e3o de prote\u00ednas.<\/p>\n<p><\/p>\n<p>UTILIZA\u00c7\u00d5ES<\/p>\n<p><\/p>\n<p>Atua como antit\u00f3xico;<\/p>\n<p>Auxiliar do metabolismo hep\u00e1tico (protetor hep\u00e1tico);<\/p>\n<p>Coadjuvante no tratamento em intoxica\u00e7\u00f5es ex\u00f3genas;<\/p>\n<p>Em tratamentos hiperprot\u00e9icos e hiperamoniemia (doen\u00e7a metab\u00f3lica);<\/p>\n<p>Em intoxica\u00e7\u00f5es n\u00e3o infecciosas;<\/p>\n<p>Em perturba\u00e7\u00f5es funcionais hep\u00e1ticas causadas por alimentos deteriorados;<\/p>\n<p>Na pr\u00e1tica de exerc\u00edcios f\u00edsicos e tamb\u00e9m como energ\u00e9tico.<\/p>\n<p>N\u00cdVEIS DE GARANTIA PARA CADA 100 ML<\/p>\n<p>Aspartato de L-Ornitina\u2026\u2026\u2026\u2026\u2026\u2026\u2026\u2026\u2026\u2026\u2026\u2026\u2026\u2026\u2026\u2026\u20262,0 g<\/p>\n<p>Cloridrato de L-Arginina\u2026\u2026\u2026\u2026\u2026\u2026\u2026\u2026\u2026\u2026\u2026\u2026\u2026\u2026\u2026\u2026\u20267,5 g<\/p>\n<p>L-Citrulina\u2026\u2026\u2026\u2026\u2026\u2026\u2026\u2026\u2026\u2026\u2026\u2026\u2026\u2026\u2026\u2026\u2026\u2026\u2026\u2026\u2026\u2026\u20260,5 g<\/p>\n<p>Acetil Metionina\u2026\u2026\u2026\u2026\u2026\u2026\u2026\u2026\u2026\u2026\u2026\u2026\u2026\u2026\u2026\u2026\u2026\u2026\u2026\u2026..1,0 g<\/p>\n<p>Cloridrato de Colina\u2026\u2026\u2026\u2026\u2026\u2026\u2026\u2026\u2026\u2026\u2026\u2026\u2026\u2026\u2026\u2026\u2026\u2026..1,0 g<\/p>\n<p>Levulose\u2026\u2026\u2026\u2026\u2026\u2026\u2026\u2026\u2026\u2026\u2026\u2026\u2026\u2026\u2026\u2026\u2026\u2026\u2026\u2026\u2026\u2026\u202610,0 g<\/p>\n<p>\u00c1gua Bidestilada q.s.p\u2026\u2026\u2026\u2026\u2026\u2026\u2026\u2026\u2026\u2026\u2026\u2026\u2026\u2026\u2026\u2026..100 mL<\/p>\n<p>MODO DE USAR<\/p>\n<p>ORNITIL\u00ae deve ser utilizado por via intravenosa em equinos, uma vez ao dia, durante 4 a 7 dias.<\/p>\n<p>Por via intravenosa ou subcut\u00e2nea, uma vez ao dia, durante 4-7 dias.<\/p>\n<p>C\u00e3es e gatos: para cada 1kg de peso c\u00f3rporeo, at\u00e9 a dosagem m\u00e1xima de 10mL.<\/p>\n<p>Equinos: 10 a 30mL para cada 100kg de peso corporal.<\/p>\n<p><\/p>\n<p>PRECAU\u00c7\u00d5ES<\/p>\n<p>Ornitil dever\u00e1 ser utilizado somente por via intravenosa lenta com todos os cuidados de assepsia para administra\u00e7\u00e3o de infus\u00f5es intravenosas, sempre sob supervis\u00e3o do M\u00e9dico Veterin\u00e1rio que dever\u00e1 seguir as instru\u00e7\u00f5es de uso e dosagens presentes no r\u00f3tulo do produto.<\/p>\n<p>EFEITOS COLATERAIS<\/p>\n<p>V\u00f4mitos, tonturas e irrita\u00e7\u00e3o venosa local podem ocorrer ocasionalmente. Superdoses podem causar acidose metab\u00f3lica transit\u00f3ria e hiperventila\u00e7\u00e3o.<\/p>\n<p>CONTRAINDICA\u00c7\u00d5ES<\/p>\n<p>O produto est\u00e1 contra indicado em animais que apresentam insufici\u00eancia renal cr\u00f4nica.<\/p>\n<p>APRESENTA\u00c7\u00c3O<\/p>\n<p>Frasco ampola contendo 100mL.<\/p>\n","protected":false},"excerpt":{"rendered":"<p>Auxiliar do metabolismo hep\u00e1tico Ornitil ajuda a transformar produtos t\u00f3xicos, decorrentes da metaboliza\u00e7\u00e3o de prote\u00ednas, em subst\u00e2ncias menos t\u00f3xicas, pass\u00edveis de serem<\/p>\n","protected":false},"featured_media":16656,"template":"","meta":{"_acf_changed":false},"product_brand":[954],"product_cat":[164,165],"product_tag":[991],"class_list":{"0":"post-16655","1":"product","2":"type-product","3":"status-publish","4":"has-post-thumbnail","6":"product_brand-vetnil","7":"product_cat-bovinos-e-ovinos","8":"product_cat-pet","9":"product_tag-vetnil","11":"first","12":"instock","13":"purchasable","14":"product-type-simple"},"acf":[],"_links":{"self":[{"href":"https:\/\/vetsul.com\/index.php\/wp-json\/wp\/v2\/product\/16655","targetHints":{"allow":["GET"]}}],"collection":[{"href":"https:\/\/vetsul.com\/index.php\/wp-json\/wp\/v2\/product"}],"about":[{"href":"https:\/\/vetsul.com\/index.php\/wp-json\/wp\/v2\/types\/product"}],"wp:featuredmedia":[{"embeddable":true,"href":"https:\/\/vetsul.com\/index.php\/wp-json\/wp\/v2\/media\/16656"}],"wp:attachment":[{"href":"https:\/\/vetsul.com\/index.php\/wp-json\/wp\/v2\/media?parent=16655"}],"wp:term":[{"taxonomy":"product_brand","embeddable":true,"href":"https:\/\/vetsul.com\/index.php\/wp-json\/wp\/v2\/product_brand?post=16655"},{"taxonomy":"product_cat","embeddable":true,"href":"https:\/\/vetsul.com\/index.php\/wp-json\/wp\/v2\/product_cat?post=16655"},{"taxonomy":"product_tag","embeddable":true,"href":"https:\/\/vetsul.com\/index.php\/wp-json\/wp\/v2\/product_tag?post=16655"}],"curies":[{"name":"wp","href":"https:\/\/api.w.org\/{rel}","templated":true}]}}