{"id":16653,"date":"2018-01-05T14:00:08","date_gmt":"2018-01-05T16:00:08","guid":{"rendered":"http:\/\/35.194.95.18\/wp-admin\/?post_type=product&#038;p=16653"},"modified":"2025-04-08T14:58:55","modified_gmt":"2025-04-08T17:58:55","slug":"turbo-organnact","status":"publish","type":"product","link":"https:\/\/vetsul.com\/index.php\/product\/turbo-organnact\/","title":{"rendered":"TURBO ORGANNACT TUBO 90GR"},"content":{"rendered":"<p>TURBO \u00e9 um suplemento vitam\u00ednico mineral amino\u00e1cido para equinos.<\/p>\n<p><\/p>\n<p>&#8211; Arginina: Oxigena\u00e7\u00e3o muscular.<\/p>\n<p><\/p>\n<p>&#8211; Taurina: Conserva as reservas de glicog\u00eanio no tecido muscular.<\/p>\n<p><\/p>\n<p>&#8211; Creatina: Aporte de energia para a contra\u00e7\u00e3o muscular.<\/p>\n<p><\/p>\n<p>INDICA\u00c7\u00c3O DO PRODUTO<\/p>\n<p><\/p>\n<p>Suplemento alimentar para equinos em competi\u00e7\u00e3o contendo vitamina, mineral e amino\u00e1cidos.<\/p>\n<p><\/p>\n<p>COMPOSI\u00c7\u00c3O B\u00c1SICA DO PRODUTO<\/p>\n<p><\/p>\n<p>Leucina, glutamina, amido de milho, glicerina, creatina, arginina, taurina, beta\u00edna, picolinato de cromo, L-carnitina, isoleucina, valina, aroma de ma\u00e7a verde, vitamina E.<\/p>\n<p><\/p>\n<p>N\u00cdVEIS DE GARANTIA DO PRODUTO<\/p>\n<p><\/p>\n<p>Arginina (m\u00edn.) 81 g\/kg<\/p>\n<p>Beta\u00edna (m\u00edn.) 9.800 mg\/kg<\/p>\n<p>Creatina (m\u00edn.) 243 g\/kg<\/p>\n<p>Cromo (m\u00edn.) 28 mg\/kg<\/p>\n<p>Isoleucina (m\u00edn.) 9.800 mg\/kg<\/p>\n<p>L-Glutamina (m\u00edn.) 9.800 mg\/kg<\/p>\n<p>L-Carnitina (m\u00edn.) 39 g\/kg<\/p>\n<p>Leucina (m\u00edn.) 9.800 mg\/kg<\/p>\n<p>Taurina (m\u00edn.) 15 g\/kg<\/p>\n<p>Valina (m\u00edn.) 9.800 mg\/kg<\/p>\n<p>Vitamina E (m\u00edn.) 125 UI\/kg<\/p>\n<p><\/p>\n<p><\/p>\n<p>MODO DE USAR<\/p>\n<p><\/p>\n<p>Fornecer diretamente na boca do animal.<\/p>\n<p>1 seringa (40 gramas) de 4 a 6 horas antes da prova.&nbsp;<\/p>\n<p>Para animais em treinamento: fornecer o produto nos 10 dias antes da prova:&nbsp;<\/p>\n<p>-Treinamento leve a moderado: 10g\/animal\/dia.&nbsp;<\/p>\n<p>-Treinamento intenso: 20 g\/animal\/dia.&nbsp;<\/p>\n<p>Doses maiores podem ser fornecidas a crit\u00e9rio do m\u00e9dico Veterin\u00e1rio.<\/p>\n<p><\/p>\n<p>APRESENTA\u00c7\u00c3O<\/p>\n<p><\/p>\n<p>Seringa com 40g\/28ml.<\/p>\n","protected":false},"excerpt":{"rendered":"<p>TURBO \u00e9 um suplemento vitam\u00ednico mineral amino\u00e1cido para equinos. &#8211; Arginina: Oxigena\u00e7\u00e3o muscular. &#8211; Taurina: Conserva as reservas de glicog\u00eanio no tecido<\/p>\n","protected":false},"featured_media":16654,"template":"","meta":{"_acf_changed":false},"product_brand":[963],"product_cat":[163,189,194],"product_tag":[989],"class_list":{"0":"post-16653","1":"product","2":"type-product","3":"status-publish","4":"has-post-thumbnail","6":"product_brand-organnact","7":"product_cat-equinos","8":"product_cat-racoes-suplementos-alimentar-2","9":"product_cat-todos-os-produtos","10":"product_tag-organnact","12":"first","13":"instock","14":"purchasable","15":"product-type-simple"},"acf":[],"_links":{"self":[{"href":"https:\/\/vetsul.com\/index.php\/wp-json\/wp\/v2\/product\/16653","targetHints":{"allow":["GET"]}}],"collection":[{"href":"https:\/\/vetsul.com\/index.php\/wp-json\/wp\/v2\/product"}],"about":[{"href":"https:\/\/vetsul.com\/index.php\/wp-json\/wp\/v2\/types\/product"}],"wp:featuredmedia":[{"embeddable":true,"href":"https:\/\/vetsul.com\/index.php\/wp-json\/wp\/v2\/media\/16654"}],"wp:attachment":[{"href":"https:\/\/vetsul.com\/index.php\/wp-json\/wp\/v2\/media?parent=16653"}],"wp:term":[{"taxonomy":"product_brand","embeddable":true,"href":"https:\/\/vetsul.com\/index.php\/wp-json\/wp\/v2\/product_brand?post=16653"},{"taxonomy":"product_cat","embeddable":true,"href":"https:\/\/vetsul.com\/index.php\/wp-json\/wp\/v2\/product_cat?post=16653"},{"taxonomy":"product_tag","embeddable":true,"href":"https:\/\/vetsul.com\/index.php\/wp-json\/wp\/v2\/product_tag?post=16653"}],"curies":[{"name":"wp","href":"https:\/\/api.w.org\/{rel}","templated":true}]}}