{"id":16651,"date":"2018-01-05T13:56:55","date_gmt":"2018-01-05T15:56:55","guid":{"rendered":"http:\/\/35.194.95.18\/wp-admin\/?post_type=product&#038;p=16651"},"modified":"2025-04-08T11:09:33","modified_gmt":"2025-04-08T14:09:33","slug":"sponge-equi","status":"publish","type":"product","link":"https:\/\/vetsul.com\/index.php\/product\/sponge-equi\/","title":{"rendered":"SPONGE EQUI"},"content":{"rendered":"<p>Sponge Equi \u00e9 um suplemento amino\u00e1cido possui prebi\u00f3ticos, Glutamina e adsorvente na sua composi\u00e7\u00e3o.<\/p>\n<p><\/p>\n<p>O aluminosilicato juntamente com os prebi\u00f3ticos protegem a mucosa intestinal atrav\u00e9s da forma\u00e7\u00e3o de uma camada de gel, aumentam a absor\u00e7\u00e3o de \u00e1gua, diminuem o volume das fezes a ajudam na adsor\u00e7\u00e3o de micotoxinas. A glutamina \u00e9 o amino\u00e1cido mais abundante no tecido muscular e \u00e9 importante para nutri\u00e7\u00e3o dos enter\u00f3citos.<\/p>\n<p><\/p>\n<p>Composi\u00e7\u00e3o b\u00e1sica do produto<\/p>\n<p>Aluminosilicato, L-glutamina, frutose, parede celular de levedura, aroma de ma\u00e7\u00e3 verde, bissulfito de s\u00f3dio, benzoato de s\u00f3dio, sucralose, aditivo adsorvente, amido de milho.<\/p>\n<p><\/p>\n<p>N\u00edveis de garantia do produto<\/p>\n<p>Aditivo adsorvente (m\u00edn.) 17 g\/kg<\/p>\n<p>Beta Glucanas (m\u00edn.) 17 g\/kg<\/p>\n<p>L-Glutamina (m\u00edn.) 14 g\/kg<\/p>\n<p>Mananoligossacar\u00eddeo (m\u00edn.) 9 g\/kg<\/p>\n<p><\/p>\n<p>Indica\u00e7\u00e3o de Uso<\/p>\n<p>Suplemento amino\u00e1cido indicado para equinos de qualquer idade.<\/p>\n<p><\/p>\n<p>Modo de usar<\/p>\n<p>\u2022 Fornecer por via oral:<\/p>\n<p>\u2022 Potros rec\u00e9m nascidos: \u00bd seringa (17,5g) uma vez ao dia durante 6 dias.<\/p>\n<p>\u2022 Equinos adultos: fornecer diariamente uma seringa (35g).<\/p>\n<p>\u2022 Altera\u00e7\u00f5es no modo de uso podem ser realizadas a crit\u00e9rio do M\u00e9dico Veterin\u00e1rio.<\/p>\n<p><\/p>\n<p>Apresenta\u00e7\u00e3o<\/p>\n<p>Seringa de 35g\/28 ml.<\/p>\n","protected":false},"excerpt":{"rendered":"<p>Sponge Equi \u00e9 um suplemento amino\u00e1cido possui prebi\u00f3ticos, Glutamina e adsorvente na sua composi\u00e7\u00e3o. O aluminosilicato juntamente com os prebi\u00f3ticos protegem a<\/p>\n","protected":false},"featured_media":16652,"template":"","meta":{"_acf_changed":false},"product_brand":[963],"product_cat":[178],"product_tag":[989],"class_list":{"0":"post-16651","1":"product","2":"type-product","3":"status-publish","4":"has-post-thumbnail","6":"product_brand-organnact","7":"product_cat-suplementos-e-vitaminas-2","8":"product_tag-organnact","10":"first","11":"instock","12":"purchasable","13":"product-type-simple"},"acf":[],"_links":{"self":[{"href":"https:\/\/vetsul.com\/index.php\/wp-json\/wp\/v2\/product\/16651","targetHints":{"allow":["GET"]}}],"collection":[{"href":"https:\/\/vetsul.com\/index.php\/wp-json\/wp\/v2\/product"}],"about":[{"href":"https:\/\/vetsul.com\/index.php\/wp-json\/wp\/v2\/types\/product"}],"wp:featuredmedia":[{"embeddable":true,"href":"https:\/\/vetsul.com\/index.php\/wp-json\/wp\/v2\/media\/16652"}],"wp:attachment":[{"href":"https:\/\/vetsul.com\/index.php\/wp-json\/wp\/v2\/media?parent=16651"}],"wp:term":[{"taxonomy":"product_brand","embeddable":true,"href":"https:\/\/vetsul.com\/index.php\/wp-json\/wp\/v2\/product_brand?post=16651"},{"taxonomy":"product_cat","embeddable":true,"href":"https:\/\/vetsul.com\/index.php\/wp-json\/wp\/v2\/product_cat?post=16651"},{"taxonomy":"product_tag","embeddable":true,"href":"https:\/\/vetsul.com\/index.php\/wp-json\/wp\/v2\/product_tag?post=16651"}],"curies":[{"name":"wp","href":"https:\/\/api.w.org\/{rel}","templated":true}]}}