{"id":16645,"date":"2018-01-05T13:46:06","date_gmt":"2018-01-05T15:46:06","guid":{"rendered":"http:\/\/35.194.95.18\/wp-admin\/?post_type=product&#038;p=16645"},"modified":"2025-04-08T10:12:49","modified_gmt":"2025-04-08T13:12:49","slug":"nutrifull-equi","status":"publish","type":"product","link":"https:\/\/vetsul.com\/index.php\/product\/nutrifull-equi\/","title":{"rendered":"NUTRIFULL EQUI"},"content":{"rendered":"<p>NUTRIFULL EQUI \u00e9 um suplemento mineral vitam\u00ednico amino\u00e1cido para equinos.<\/p>\n<p><\/p>\n<p>&#8211; Maltodextrina: Pol\u00edmero de glicose que \u00e9 metabolizado de forma lenta e constante.<\/p>\n<p><\/p>\n<p>&#8211; Vitaminas do complexo B: Auxiliam na melhora do estado geral e do apetite.<\/p>\n<p><\/p>\n<p>Indica\u00e7\u00e3o do produto<\/p>\n<p>Suplemento vitam\u00ednico mineral amino\u00e1cido para equinos. Indicado para auxiliar na manuten\u00e7\u00e3o da boa qualidade da nutri\u00e7\u00e3o oferecida diariamente aos equinos.<\/p>\n<p><\/p>\n<p>Composi\u00e7\u00e3o b\u00e1sica do produto<\/p>\n<p>Sulfato de cobre, \u00e1cido f\u00f3lico, vitamina B12, vitamina A, sulfato de ferro, \u00e1cido nicot\u00ednico, L-carnitina, L-lisina, treonina, triptofano, vitamina B1, cloreto de colina, DL-metionina, glicina, vitamina B2, vitamina B6, vitamina D3, sorbitol 92,1558{bad89740ab836af8afd78adf22d5854117f226b234e4f8ee83a0ac8d28f68ffc}, fosfato bic\u00e1lcico, maltodextrina.<\/p>\n<p><\/p>\n<p>N\u00edveis de garantia do produto<\/p>\n<p>\u00c1cido F\u00f3lico (m\u00edn.)<\/p>\n<p><\/p>\n<p>40 mg\/kg<\/p>\n<p><\/p>\n<p>C\u00e1lcio (m\u00edn.)<\/p>\n<p><\/p>\n<p>3.000 mg\/kg<\/p>\n<p><\/p>\n<p>C\u00e1lcio (m\u00e1x.)<\/p>\n<p><\/p>\n<p>3.500 mg\/kg<\/p>\n<p><\/p>\n<p>Carnitina (m\u00edn.)<\/p>\n<p><\/p>\n<p>2.000 mg\/kg<\/p>\n<p><\/p>\n<p>Cobre (m\u00edn.)<\/p>\n<p><\/p>\n<p>400 mg\/kg<\/p>\n<p><\/p>\n<p>Colina (m\u00edn.)<\/p>\n<p><\/p>\n<p>13 g\/kg<\/p>\n<p><\/p>\n<p>Ferro (m\u00edn.)<\/p>\n<p><\/p>\n<p>750 mg\/kg<\/p>\n<p><\/p>\n<p>F\u00f3sforo (m\u00edn.)<\/p>\n<p><\/p>\n<p>2.000 mg\/kg<\/p>\n<p><\/p>\n<p>Glicina (m\u00edn.)<\/p>\n<p><\/p>\n<p>15 g\/kg<\/p>\n<p><\/p>\n<p>Lisina (m\u00edn.)<\/p>\n<p><\/p>\n<p>3.120 mg\/kg<\/p>\n<p><\/p>\n<p>Metionina (m\u00edn.)<\/p>\n<p><\/p>\n<p>3.920 mg\/kg<\/p>\n<p><\/p>\n<p>Niacina (m\u00edn.)<\/p>\n<p><\/p>\n<p>400 mg\/kg<\/p>\n<p><\/p>\n<p>Treonina (m\u00edn.)<\/p>\n<p><\/p>\n<p>2.940 mg\/kg<\/p>\n<p><\/p>\n<p>Triptofano (m\u00edn.)<\/p>\n<p><\/p>\n<p>1.470 mg\/kg<\/p>\n<p><\/p>\n<p>Vitamina A (m\u00edn.)<\/p>\n<p><\/p>\n<p>1.000 UI\/kg<\/p>\n<p><\/p>\n<p>Vitamina B1 (m\u00edn.)<\/p>\n<p><\/p>\n<p>300 mg\/kg<\/p>\n<p><\/p>\n<p>Vitamina B12 (m\u00edn.)<\/p>\n<p><\/p>\n<p>500 ?g\/kg<\/p>\n<p><\/p>\n<p>Vitamina B2 (m\u00edn.)<\/p>\n<p><\/p>\n<p>200 mg\/kg<\/p>\n<p><\/p>\n<p>Vitamina B6 (m\u00edn.)<\/p>\n<p><\/p>\n<p>400 mg\/kg<\/p>\n<p><\/p>\n<p>Vitamina D3 (m\u00edn.)<\/p>\n<p><\/p>\n<p>500 UI\/kg<\/p>\n<p><\/p>\n<p>Modo de usar<\/p>\n<p>Fornecer diretamente na boca do animal.<\/p>\n<p><\/p>\n<p>Potros at\u00e9 6 meses de idade: 3g equivalentes a 3ml\/animal\/dia.<\/p>\n<p><\/p>\n<p>Potros dos 6 aos 12 meses: 6g equivalentes a 6ml\/animal\/dia.<\/p>\n<p><\/p>\n<p>Potros acima dos 12 meses e cavalos adultos:10g equivalentes a 10ml\/animal\/dia.<\/p>\n<p><\/p>\n<p>Embalagem dosadora.<\/p>\n","protected":false},"excerpt":{"rendered":"<p>NUTRIFULL EQUI \u00e9 um suplemento mineral vitam\u00ednico amino\u00e1cido para equinos. &#8211; Maltodextrina: Pol\u00edmero de glicose que \u00e9 metabolizado de forma lenta e<\/p>\n","protected":false},"featured_media":16646,"template":"","meta":{"_acf_changed":false},"product_brand":[963],"product_cat":[163,178],"product_tag":[989],"class_list":{"0":"post-16645","1":"product","2":"type-product","3":"status-publish","4":"has-post-thumbnail","6":"product_brand-organnact","7":"product_cat-equinos","8":"product_cat-suplementos-e-vitaminas-2","9":"product_tag-organnact","11":"first","12":"instock","13":"purchasable","14":"product-type-simple"},"acf":[],"_links":{"self":[{"href":"https:\/\/vetsul.com\/index.php\/wp-json\/wp\/v2\/product\/16645","targetHints":{"allow":["GET"]}}],"collection":[{"href":"https:\/\/vetsul.com\/index.php\/wp-json\/wp\/v2\/product"}],"about":[{"href":"https:\/\/vetsul.com\/index.php\/wp-json\/wp\/v2\/types\/product"}],"wp:featuredmedia":[{"embeddable":true,"href":"https:\/\/vetsul.com\/index.php\/wp-json\/wp\/v2\/media\/16646"}],"wp:attachment":[{"href":"https:\/\/vetsul.com\/index.php\/wp-json\/wp\/v2\/media?parent=16645"}],"wp:term":[{"taxonomy":"product_brand","embeddable":true,"href":"https:\/\/vetsul.com\/index.php\/wp-json\/wp\/v2\/product_brand?post=16645"},{"taxonomy":"product_cat","embeddable":true,"href":"https:\/\/vetsul.com\/index.php\/wp-json\/wp\/v2\/product_cat?post=16645"},{"taxonomy":"product_tag","embeddable":true,"href":"https:\/\/vetsul.com\/index.php\/wp-json\/wp\/v2\/product_tag?post=16645"}],"curies":[{"name":"wp","href":"https:\/\/api.w.org\/{rel}","templated":true}]}}