{"id":16638,"date":"2018-01-05T10:57:28","date_gmt":"2018-01-05T12:57:28","guid":{"rendered":"http:\/\/35.194.95.18\/wp-admin\/?post_type=product&#038;p=16638"},"modified":"2025-04-07T11:54:42","modified_gmt":"2025-04-07T14:54:42","slug":"hemo-turbo-01lt","status":"publish","type":"product","link":"https:\/\/vetsul.com\/index.php\/product\/hemo-turbo-01lt\/","title":{"rendered":"HEMO TURBO 01lt"},"content":{"rendered":"<p>HEMO TURBO \u00e9 um suplemento mineral vitam\u00ednico para alimenta\u00e7\u00e3o animal.<\/p>\n<p>&#8211; \u00c1cido F\u00f3lico e Vitamina B12.<\/p>\n<p>COMPOSI\u00c7\u00c3O B\u00c1SICA DO PRODUTO<\/p>\n<p>\u00c1cido f\u00f3lico, aroma de ma\u00e7\u00e3 verde, BHT (hidr\u00f3xido de tolueno butilado), benzoato de s\u00f3dio, ferro amino\u00e1cido quelato, lecitina de soja, mela\u00e7o de cana l\u00edquido, \u00f3leo de soja degomado, sorbato de pot\u00e1ssio, vitamina B12, vitamina B6, \u00e1gua.<\/p>\n<p>NIVEIS DE GARANTIA<\/p>\n<p>\u00c1cido F\u00f3lico (m\u00edn.) 39,2 g\/kg<\/p>\n<p>Ferro Quelatado (m\u00edn.) 3.500 mg\/kg<\/p>\n<p>Vitamina B12 (m\u00edn.) 10.000 ?g\/kg<\/p>\n<p>Vitamina B6 (m\u00edn.) 490 mg\/kg<\/p>\n<p>MODO DE USAR<\/p>\n<p>Fornecer por via oral.<\/p>\n<p>&#8211; Equinos, muares e asininos adultos: 20ml\/dia<\/p>\n<p>&#8211; Potros rec\u00e9m-nascidos: 10ml no 2\u00ba, 6\u00ba e 12\u00ba dia ap\u00f3s o nascimento.<\/p>\n<p>&#8211; Potros e p\u00f4neis: 15ml\/dia<\/p>\n<p>&#8211; Ovinos, caprinos e avestruzes adultos: 10ml\/dia<\/p>\n<p>&#8211; Cordeiros, cabritos e avestruzes filhotes: 1ml\/dia<\/p>\n<p>&#8211; Su\u00ednos adultos: 5ml\/dia<\/p>\n<p>&#8211; Leit\u00f5es: 1ml\/dia<\/p>\n","protected":false},"excerpt":{"rendered":"<p>HEMO TURBO \u00e9 um suplemento mineral vitam\u00ednico para alimenta\u00e7\u00e3o animal. &#8211; \u00c1cido F\u00f3lico e Vitamina B12. COMPOSI\u00c7\u00c3O B\u00c1SICA DO PRODUTO \u00c1cido f\u00f3lico,<\/p>\n","protected":false},"featured_media":16639,"template":"","meta":{"_acf_changed":false},"product_brand":[963],"product_cat":[178],"product_tag":[989],"class_list":{"0":"post-16638","1":"product","2":"type-product","3":"status-publish","4":"has-post-thumbnail","6":"product_brand-organnact","7":"product_cat-suplementos-e-vitaminas-2","8":"product_tag-organnact","10":"first","11":"instock","12":"purchasable","13":"product-type-simple"},"acf":[],"_links":{"self":[{"href":"https:\/\/vetsul.com\/index.php\/wp-json\/wp\/v2\/product\/16638","targetHints":{"allow":["GET"]}}],"collection":[{"href":"https:\/\/vetsul.com\/index.php\/wp-json\/wp\/v2\/product"}],"about":[{"href":"https:\/\/vetsul.com\/index.php\/wp-json\/wp\/v2\/types\/product"}],"wp:featuredmedia":[{"embeddable":true,"href":"https:\/\/vetsul.com\/index.php\/wp-json\/wp\/v2\/media\/16639"}],"wp:attachment":[{"href":"https:\/\/vetsul.com\/index.php\/wp-json\/wp\/v2\/media?parent=16638"}],"wp:term":[{"taxonomy":"product_brand","embeddable":true,"href":"https:\/\/vetsul.com\/index.php\/wp-json\/wp\/v2\/product_brand?post=16638"},{"taxonomy":"product_cat","embeddable":true,"href":"https:\/\/vetsul.com\/index.php\/wp-json\/wp\/v2\/product_cat?post=16638"},{"taxonomy":"product_tag","embeddable":true,"href":"https:\/\/vetsul.com\/index.php\/wp-json\/wp\/v2\/product_tag?post=16638"}],"curies":[{"name":"wp","href":"https:\/\/api.w.org\/{rel}","templated":true}]}}