{"id":16628,"date":"2018-01-05T10:32:07","date_gmt":"2018-01-05T12:32:07","guid":{"rendered":"http:\/\/35.194.95.18\/wp-admin\/?post_type=product&#038;p=16628"},"modified":"2025-02-07T16:00:16","modified_gmt":"2025-02-07T19:00:16","slug":"o2-fitoflu-500ml","status":"publish","type":"product","link":"https:\/\/vetsul.com\/index.php\/product\/o2-fitoflu-500ml\/","title":{"rendered":"O2 FITOFLU 500ml"},"content":{"rendered":"<p>Indica\u00e7\u00e3o do produto<\/p>\n<p>Suplemento alimentar indicado para equinos submetidos a qualquer tipo de treinamento ou atividade.<\/p>\n<p>Composi\u00e7\u00e3o b\u00e1sica do produto<\/p>\n<p>Extrato de Macleaya cordata, \u00f3leo de eucalipto, \u00e1cido asc\u00f3rbico monofosfato, aroma de menta, L-arginina, vitamina A, iodato de c\u00e1lcio, sulfato de cobre, \u00f3xido de zinco, vitamina E.<\/p>\n<p>N\u00edveis de garantia do produto<\/p>\n<p>\u00c1cido Asc\u00f3rbico (m\u00edn.) 11,2 g\/kg<\/p>\n<p>Cobre (m\u00edn.) 1.000 mg\/kg<\/p>\n<p>Iodo (m\u00edn.) 850 mg\/kg<\/p>\n<p>L-Arginina (m\u00edn.) 60 g\/kg<\/p>\n<p>\u00d3leo de Eucalipto (m\u00edn.) 70 g\/kg<\/p>\n<p>Vitamina A (m\u00edn.) 450.000 UI\/kg<\/p>\n<p>Vitamina E (m\u00edn.) 120 UI\/kg<\/p>\n<p>Zinco (m\u00edn.) 40 g\/kg<\/p>\n<p>Modo de usar<\/p>\n<p>Fornecer por via oral 4 ml para cada 100 kg de peso vivo, duas vezes ao dia.<\/p>\n<p>Apresenta\u00e7\u00e3o<\/p>\n<p>Frasco com 500 ml.<\/p>\n","protected":false},"excerpt":{"rendered":"<p>Indica\u00e7\u00e3o do produto Suplemento alimentar indicado para equinos submetidos a qualquer tipo de treinamento ou atividade. Composi\u00e7\u00e3o b\u00e1sica do produto Extrato de<\/p>\n","protected":false},"featured_media":16629,"template":"","meta":{"_acf_changed":false},"product_brand":[963],"product_cat":[178],"product_tag":[989],"class_list":{"0":"post-16628","1":"product","2":"type-product","3":"status-publish","4":"has-post-thumbnail","6":"product_brand-organnact","7":"product_cat-suplementos-e-vitaminas-2","8":"product_tag-organnact","10":"first","11":"outofstock","12":"purchasable","13":"product-type-simple"},"acf":[],"_links":{"self":[{"href":"https:\/\/vetsul.com\/index.php\/wp-json\/wp\/v2\/product\/16628","targetHints":{"allow":["GET"]}}],"collection":[{"href":"https:\/\/vetsul.com\/index.php\/wp-json\/wp\/v2\/product"}],"about":[{"href":"https:\/\/vetsul.com\/index.php\/wp-json\/wp\/v2\/types\/product"}],"wp:featuredmedia":[{"embeddable":true,"href":"https:\/\/vetsul.com\/index.php\/wp-json\/wp\/v2\/media\/16629"}],"wp:attachment":[{"href":"https:\/\/vetsul.com\/index.php\/wp-json\/wp\/v2\/media?parent=16628"}],"wp:term":[{"taxonomy":"product_brand","embeddable":true,"href":"https:\/\/vetsul.com\/index.php\/wp-json\/wp\/v2\/product_brand?post=16628"},{"taxonomy":"product_cat","embeddable":true,"href":"https:\/\/vetsul.com\/index.php\/wp-json\/wp\/v2\/product_cat?post=16628"},{"taxonomy":"product_tag","embeddable":true,"href":"https:\/\/vetsul.com\/index.php\/wp-json\/wp\/v2\/product_tag?post=16628"}],"curies":[{"name":"wp","href":"https:\/\/api.w.org\/{rel}","templated":true}]}}