{"id":16622,"date":"2018-01-05T10:26:54","date_gmt":"2018-01-05T12:26:54","guid":{"rendered":"http:\/\/35.194.95.18\/wp-admin\/?post_type=product&#038;p=16622"},"modified":"2025-04-04T09:34:11","modified_gmt":"2025-04-04T12:34:11","slug":"eletro-equi-gel","status":"publish","type":"product","link":"https:\/\/vetsul.com\/index.php\/product\/eletro-equi-gel\/","title":{"rendered":"ELETRO EQUI GEL"},"content":{"rendered":"<p>ELETRO EQUI GEL \u00e9 um suplemento eletrol\u00edtico para equinos.<\/p>\n<p>&#8211; Manuten\u00e7\u00e3o Hidroeletrol\u00edtica.<\/p>\n<p>&#8211; Glicina e Glicose: Fonte de energia prontamente utiliz\u00e1vel.<\/p>\n<p>Indica\u00e7\u00e3o do produto<\/p>\n<p>Produto indicado para suplementa\u00e7\u00e3o di\u00e1ria de eletr\u00f3litos, glicina, glicose, frutose e dextrose em equinos praticantes de exerc\u00edcios f\u00edsicos intensos ou que s\u00e3o constantemente transportados.<\/p>\n<p>Composi\u00e7\u00e3o b\u00e1sica do produto<\/p>\n<p>Cloreto de s\u00f3dio (sal comum), sorbitol, bicarbonato de s\u00f3dio, cloreto de pot\u00e1ssio, \u00f3xido de magn\u00e9sio, aditivo prebi\u00f3tico, aditivo flavorizante, glicina, carbonato de c\u00e1lcio, glicose.<\/p>\n<p>N\u00edveis de garantia do produto<\/p>\n<p>Aditivo Flavorizante 1.250 mg\/kg<\/p>\n<p>C\u00e1lcio (m\u00edn.)20 g\/kg<\/p>\n<p>C\u00e1lcio (m\u00e1x.) 22,5 g\/kg<\/p>\n<p>Cloro (m\u00edn.) 368,75 g\/kg<\/p>\n<p>Fruto-oligossacar\u00eddeos (m\u00edn.) 6.250 mg\/kg<\/p>\n<p>Glicina (m\u00edn.)40 g\/kg<\/p>\n<p>Glicose (m\u00edn.) 20,6 g\/kg<\/p>\n<p>Magn\u00e9sio (M\u00edn.) 10.500 mg\/kg<\/p>\n<p>Pot\u00e1ssio (m\u00edn.) 65 g\/kg<\/p>\n<p>S\u00f3dio (m\u00edn.) 205 g\/kg<\/p>\n<p>Modo de usar<\/p>\n<p>Fornecer por via oral &#8211; 5,0 g para cada 100 kg de peso vivo, antes, durante e ap\u00f3s os exerc\u00edcios e transportes.<\/p>\n<p>Obs: Disponibilizar \u00e1gua a vontade para o animal.<\/p>\n","protected":false},"excerpt":{"rendered":"<p>ELETRO EQUI GEL \u00e9 um suplemento eletrol\u00edtico para equinos. &#8211; Manuten\u00e7\u00e3o Hidroeletrol\u00edtica. &#8211; Glicina e Glicose: Fonte de energia prontamente utiliz\u00e1vel. Indica\u00e7\u00e3o<\/p>\n","protected":false},"featured_media":16623,"template":"","meta":{"_acf_changed":false},"product_brand":[963],"product_cat":[178],"product_tag":[989],"class_list":{"0":"post-16622","1":"product","2":"type-product","3":"status-publish","4":"has-post-thumbnail","6":"product_brand-organnact","7":"product_cat-suplementos-e-vitaminas-2","8":"product_tag-organnact","10":"first","11":"instock","12":"purchasable","13":"product-type-simple"},"acf":[],"_links":{"self":[{"href":"https:\/\/vetsul.com\/index.php\/wp-json\/wp\/v2\/product\/16622","targetHints":{"allow":["GET"]}}],"collection":[{"href":"https:\/\/vetsul.com\/index.php\/wp-json\/wp\/v2\/product"}],"about":[{"href":"https:\/\/vetsul.com\/index.php\/wp-json\/wp\/v2\/types\/product"}],"wp:featuredmedia":[{"embeddable":true,"href":"https:\/\/vetsul.com\/index.php\/wp-json\/wp\/v2\/media\/16623"}],"wp:attachment":[{"href":"https:\/\/vetsul.com\/index.php\/wp-json\/wp\/v2\/media?parent=16622"}],"wp:term":[{"taxonomy":"product_brand","embeddable":true,"href":"https:\/\/vetsul.com\/index.php\/wp-json\/wp\/v2\/product_brand?post=16622"},{"taxonomy":"product_cat","embeddable":true,"href":"https:\/\/vetsul.com\/index.php\/wp-json\/wp\/v2\/product_cat?post=16622"},{"taxonomy":"product_tag","embeddable":true,"href":"https:\/\/vetsul.com\/index.php\/wp-json\/wp\/v2\/product_tag?post=16622"}],"curies":[{"name":"wp","href":"https:\/\/api.w.org\/{rel}","templated":true}]}}