{"id":16618,"date":"2018-01-05T10:19:06","date_gmt":"2018-01-05T12:19:06","guid":{"rendered":"http:\/\/35.194.95.18\/wp-admin\/?post_type=product&#038;p=16618"},"modified":"2025-02-07T16:00:16","modified_gmt":"2025-02-07T19:00:16","slug":"creatina-c-atp-2kg","status":"publish","type":"product","link":"https:\/\/vetsul.com\/index.php\/product\/creatina-c-atp-2kg\/","title":{"rendered":"CREATINA C\/ ATP 2kg"},"content":{"rendered":"<p>CREATINE ATP \u00e9 um suplemento amino\u00e1cido para equinos.<\/p>\n<p>&#8211; ATP: Energia para a contra\u00e7\u00e3o muscular.<\/p>\n<p>&#8211; Creatina: r\u00e1pido aporte de energia para contra\u00e7\u00e3o muscular.<\/p>\n<p>Indica\u00e7\u00e3o do produto<\/p>\n<p>Suplemento amino\u00e1cido indicado para equinos em alta atividade.<\/p>\n<p>Composi\u00e7\u00e3o b\u00e1sica do produto<\/p>\n<p>Parede celular de levedura, trifosfato de adenosina, creatina 70,8{bad89740ab836af8afd78adf22d5854117f226b234e4f8ee83a0ac8d28f68ffc}, dextrose.<\/p>\n<p>N\u00edveis de garantia do produto<\/p>\n<p>Adenosina (m\u00edn.) 1.250 mg\/kg<\/p>\n<p>Creatina (m\u00edn.) 700 g\/kg<\/p>\n<p>Mananoligossacar\u00eddeo (m\u00edn.) 28 g\/kg<\/p>\n<p>Modo de usar<\/p>\n<p>Fornecer adicionando ra\u00e7\u00e3o.<\/p>\n<p>Para equinos em treinamento ou competi\u00e7\u00f5es: 40g\/animal\/dia.<\/p>\n<p>Polvilhar sobre a ra\u00e7\u00e3o.<\/p>\n<p>Embalagem contendo colher dosadora.<\/p>\n","protected":false},"excerpt":{"rendered":"<p>CREATINE ATP \u00e9 um suplemento amino\u00e1cido para equinos. &#8211; ATP: Energia para a contra\u00e7\u00e3o muscular. &#8211; Creatina: r\u00e1pido aporte de energia para<\/p>\n","protected":false},"featured_media":16619,"template":"","meta":{"_acf_changed":false},"product_brand":[963],"product_cat":[178],"product_tag":[989],"class_list":{"0":"post-16618","1":"product","2":"type-product","3":"status-publish","4":"has-post-thumbnail","6":"product_brand-organnact","7":"product_cat-suplementos-e-vitaminas-2","8":"product_tag-organnact","10":"first","11":"instock","12":"purchasable","13":"product-type-simple"},"acf":[],"_links":{"self":[{"href":"https:\/\/vetsul.com\/index.php\/wp-json\/wp\/v2\/product\/16618","targetHints":{"allow":["GET"]}}],"collection":[{"href":"https:\/\/vetsul.com\/index.php\/wp-json\/wp\/v2\/product"}],"about":[{"href":"https:\/\/vetsul.com\/index.php\/wp-json\/wp\/v2\/types\/product"}],"wp:featuredmedia":[{"embeddable":true,"href":"https:\/\/vetsul.com\/index.php\/wp-json\/wp\/v2\/media\/16619"}],"wp:attachment":[{"href":"https:\/\/vetsul.com\/index.php\/wp-json\/wp\/v2\/media?parent=16618"}],"wp:term":[{"taxonomy":"product_brand","embeddable":true,"href":"https:\/\/vetsul.com\/index.php\/wp-json\/wp\/v2\/product_brand?post=16618"},{"taxonomy":"product_cat","embeddable":true,"href":"https:\/\/vetsul.com\/index.php\/wp-json\/wp\/v2\/product_cat?post=16618"},{"taxonomy":"product_tag","embeddable":true,"href":"https:\/\/vetsul.com\/index.php\/wp-json\/wp\/v2\/product_tag?post=16618"}],"curies":[{"name":"wp","href":"https:\/\/api.w.org\/{rel}","templated":true}]}}