{"id":16617,"date":"2018-01-05T10:16:13","date_gmt":"2018-01-05T12:16:13","guid":{"rendered":"http:\/\/35.194.95.18\/wp-admin\/?post_type=product&#038;p=16617"},"modified":"2025-04-04T09:34:11","modified_gmt":"2025-04-04T12:34:11","slug":"corpore-potros-10kg","status":"publish","type":"product","link":"https:\/\/vetsul.com\/index.php\/product\/corpore-potros-10kg\/","title":{"rendered":"CORPORE POTROS 10kg"},"content":{"rendered":"<p>CORPORE POTROS \u00e9 um suplemento amino\u00e1cido para equinos.<\/p>\n<p>&#8211; Metionina, lisina, treonina e triptofano: crescimento e desenvolvimento de tecidos musculares.<\/p>\n<p>Indica\u00e7\u00e3o do produto<\/p>\n<p>Suplemento amino\u00e1cido prot\u00e9ico para equinos em crescimento. Al\u00e9m de prebi\u00f3tico, cont\u00e9m amino\u00e1cidos levando-se em considera\u00e7\u00e3o o conceito de prote\u00edna ideal.<\/p>\n<p>Composi\u00e7\u00e3o b\u00e1sica do produto<\/p>\n<p>Aditivo antioxidante, farelo de gl\u00faten de milho &#8211; 60, parede celular de levedura 75,3{bad89740ab836af8afd78adf22d5854117f226b234e4f8ee83a0ac8d28f68ffc}, mela\u00e7o de cana em p\u00f3, treonina, \u00f3leo de linha\u00e7a, farelo de soja, DL-metionina, L-lisina, aroma de ma\u00e7a, triptofano.<\/p>\n<p>N\u00edveis de garantia do produto<\/p>\n<p>\u00c1cido Linoleico (m\u00edn.) 3.250 mg\/kg<\/p>\n<p>\u00c1cido Linol\u00eanico (m\u00edn.) 14 g\/kg<\/p>\n<p>Aditivo Flavorizante 14 g\/kg<\/p>\n<p>DL-Metionina (m\u00edn.) 30 g\/kg<\/p>\n<p>L-Lisina (m\u00edn.) 55 g\/kg<\/p>\n<p>Mananoligossacar\u00eddeo (m\u00edn.) 150 g\/kg<\/p>\n<p>Proteina Bruta (m\u00edn.) 300 g\/kg<\/p>\n<p>Treonina (m\u00edn.) 44 g\/kg<\/p>\n<p>Triptofano (m\u00edn.) 12 g\/kg<\/p>\n<p>Modo de usar<\/p>\n<p>Fornecer adicionado a ra\u00e7\u00e3o.<\/p>\n<p>Potros de 3 a 6 meses: 30 g ao dia.<\/p>\n<p>Potros de 6 a 9 meses: 60 g ao dia.<\/p>\n<p>Potros de 9 a 12 meses: 90 g ao dia, divididas em duas doses de 45 g.<\/p>\n<p>Potros de 12 a 15 meses: 120 g ao dia, divididas em das doses de 60 g.<\/p>\n<p>Potros de 15 a 18 meses: 180 g ao dia, divididas em duas doses de 90 g.<\/p>\n<p>Potros de 18 a 24 meses: 240 g ao dia, divididas em duas doses de 120 g.<\/p>\n<p>Potros de 24 a 30 meses: 480 g ao dia, divididas em duas doses de 240 g.<\/p>\n<p>Polvilhar sobre a ra\u00e7\u00e3o.<\/p>\n<p>Embalagem contendo colher dosadora.<\/p>\n","protected":false},"excerpt":{"rendered":"<p>CORPORE POTROS \u00e9 um suplemento amino\u00e1cido para equinos. &#8211; Metionina, lisina, treonina e triptofano: crescimento e desenvolvimento de tecidos musculares. Indica\u00e7\u00e3o do<\/p>\n","protected":false},"featured_media":16616,"template":"","meta":{"_acf_changed":false},"product_brand":[963],"product_cat":[178],"product_tag":[989],"class_list":{"0":"post-16617","1":"product","2":"type-product","3":"status-publish","4":"has-post-thumbnail","6":"product_brand-organnact","7":"product_cat-suplementos-e-vitaminas-2","8":"product_tag-organnact","10":"first","11":"instock","12":"purchasable","13":"product-type-simple"},"acf":[],"_links":{"self":[{"href":"https:\/\/vetsul.com\/index.php\/wp-json\/wp\/v2\/product\/16617","targetHints":{"allow":["GET"]}}],"collection":[{"href":"https:\/\/vetsul.com\/index.php\/wp-json\/wp\/v2\/product"}],"about":[{"href":"https:\/\/vetsul.com\/index.php\/wp-json\/wp\/v2\/types\/product"}],"wp:featuredmedia":[{"embeddable":true,"href":"https:\/\/vetsul.com\/index.php\/wp-json\/wp\/v2\/media\/16616"}],"wp:attachment":[{"href":"https:\/\/vetsul.com\/index.php\/wp-json\/wp\/v2\/media?parent=16617"}],"wp:term":[{"taxonomy":"product_brand","embeddable":true,"href":"https:\/\/vetsul.com\/index.php\/wp-json\/wp\/v2\/product_brand?post=16617"},{"taxonomy":"product_cat","embeddable":true,"href":"https:\/\/vetsul.com\/index.php\/wp-json\/wp\/v2\/product_cat?post=16617"},{"taxonomy":"product_tag","embeddable":true,"href":"https:\/\/vetsul.com\/index.php\/wp-json\/wp\/v2\/product_tag?post=16617"}],"curies":[{"name":"wp","href":"https:\/\/api.w.org\/{rel}","templated":true}]}}