{"id":16611,"date":"2018-01-05T09:47:54","date_gmt":"2018-01-05T11:47:54","guid":{"rendered":"http:\/\/35.194.95.18\/wp-admin\/?post_type=product&#038;p=16611"},"modified":"2026-04-24T14:22:52","modified_gmt":"2026-04-24T17:22:52","slug":"atp-gel-875gr","status":"publish","type":"product","link":"https:\/\/vetsul.com\/index.php\/product\/atp-gel-875gr\/","title":{"rendered":"ATP Gel 87,5gr"},"content":{"rendered":"<p>ATP<\/p>\n<p>ATP \u00e9 um suplemento energ\u00e9tico para equinos.<\/p>\n<p>ATP: Energia para a contra\u00e7\u00e3o muscular.<\/p>\n<p>Composi\u00e7\u00e3o b\u00e1sica do produto<\/p>\n<p>Sorbitol, trifosfato de adenosina.<\/p>\n<p>N\u00edveis de garantia do produto<\/p>\n<p>Adenosina (m\u00edn.)<\/p>\n<p>15,2 g\/kg<\/p>\n<p>Sorbitol (m\u00edn.)<\/p>\n<p>986 g\/kg<\/p>\n<p>Indica\u00e7\u00e3o de uso<\/p>\n<p>Suplemento energ\u00e9tico para equinos.<\/p>\n<p>Modo de usar<\/p>\n<p>Administrar por via oral uma seringa de 35g\/29ml no dia da prova.<\/p>\n<p>Apresenta\u00e7\u00e3o<\/p>\n<p>Seringa de 35g\/29 ml.<\/p>\n","protected":false},"excerpt":{"rendered":"<p>ATP ATP \u00e9 um suplemento energ\u00e9tico para equinos. ATP: Energia para a contra\u00e7\u00e3o muscular. Composi\u00e7\u00e3o b\u00e1sica do produto Sorbitol, trifosfato de adenosina.<\/p>\n","protected":false},"featured_media":16612,"template":"","meta":{"_acf_changed":false},"product_brand":[963],"product_cat":[163,178],"product_tag":[989],"class_list":{"0":"post-16611","1":"product","2":"type-product","3":"status-publish","4":"has-post-thumbnail","6":"product_brand-organnact","7":"product_cat-equinos","8":"product_cat-suplementos-e-vitaminas-2","9":"product_tag-organnact","11":"first","12":"instock","13":"shipping-taxable","14":"purchasable","15":"product-type-simple"},"acf":[],"_links":{"self":[{"href":"https:\/\/vetsul.com\/index.php\/wp-json\/wp\/v2\/product\/16611","targetHints":{"allow":["GET"]}}],"collection":[{"href":"https:\/\/vetsul.com\/index.php\/wp-json\/wp\/v2\/product"}],"about":[{"href":"https:\/\/vetsul.com\/index.php\/wp-json\/wp\/v2\/types\/product"}],"wp:featuredmedia":[{"embeddable":true,"href":"https:\/\/vetsul.com\/index.php\/wp-json\/wp\/v2\/media\/16612"}],"wp:attachment":[{"href":"https:\/\/vetsul.com\/index.php\/wp-json\/wp\/v2\/media?parent=16611"}],"wp:term":[{"taxonomy":"product_brand","embeddable":true,"href":"https:\/\/vetsul.com\/index.php\/wp-json\/wp\/v2\/product_brand?post=16611"},{"taxonomy":"product_cat","embeddable":true,"href":"https:\/\/vetsul.com\/index.php\/wp-json\/wp\/v2\/product_cat?post=16611"},{"taxonomy":"product_tag","embeddable":true,"href":"https:\/\/vetsul.com\/index.php\/wp-json\/wp\/v2\/product_tag?post=16611"}],"curies":[{"name":"wp","href":"https:\/\/api.w.org\/{rel}","templated":true}]}}