{"id":16605,"date":"2018-01-05T09:22:55","date_gmt":"2018-01-05T11:22:55","guid":{"rendered":"http:\/\/35.194.95.18\/wp-admin\/?post_type=product&#038;p=16605"},"modified":"2025-02-07T16:00:16","modified_gmt":"2025-02-07T19:00:16","slug":"ocitovet-50ml","status":"publish","type":"product","link":"https:\/\/vetsul.com\/index.php\/product\/ocitovet-50ml\/","title":{"rendered":"OCITOVET &#8211; 50ml"},"content":{"rendered":"<p>Horm\u00f4nio injet\u00e1vel, \u00e0 base de ocitocina sint\u00e9tica 1.000 UI, indicado para a indu\u00e7\u00e3o ou acelera\u00e7\u00e3o do parto, estimular a motilidade da musculatura uterina durante o parto, nos casos de reten\u00e7\u00e3o de placenta e atonia uterina, promover a involu\u00e7\u00e3o do \u00fatero ap\u00f3s cesarianas e favorecer a descida do leite em bovinos, caprinos, ovinos, equinos e su\u00ednos.<\/p>\n<p>F\u00f3rmula:<\/p>\n<p>Cada 100 mL cont\u00e9m:<\/p>\n<p>Ocitocina sint\u00e9tica &#8230;&#8230;&#8230;&#8230;&#8230;&#8230;&#8230;&#8230;&#8230;&#8230;&#8230;&#8230;&#8230;&#8230;&#8230;&#8230;&#8230;&#8230;&#8230;&#8230;&#8230;&#8230;&#8230;&#8230;..1.000 UI<\/p>\n<p>Ve\u00edculo q.s.p&#8230;&#8230;&#8230;&#8230;&#8230;&#8230;&#8230;&#8230;&#8230;&#8230;&#8230;&#8230;&#8230;&#8230;&#8230;&#8230;&#8230;&#8230;&#8230;&#8230;&#8230;&#8230;&#8230;&#8230;&#8230;&#8230;&#8230;&#8230;.100 mL<\/p>\n<p>Indica\u00e7\u00f5es:<\/p>\n<p>OCITOVET \u00e9 indicada para bovinos, ovinos, caprinos, su\u00ednos e eq\u00fcinos, nos casos de:<\/p>\n<p>PROCEDIMENTOS OBST\u00c9TRICOS:<\/p>\n<p>&#8211; Indu\u00e7\u00e3o ou acelera\u00e7\u00e3o do parto;<\/p>\n<p>&#8211; Estimula a motilidade da musculatura uterina durante o parto, sendo um fator de grande import\u00e2ncia na expuls\u00e3o do feto e da placenta;<\/p>\n<p>&#8211; Nos casos de reten\u00e7\u00e3o de placenta e atonia uterina;<\/p>\n<p>&#8211; Coadjuvante no tratamento de piometrites e endometrites para provocar a expuls\u00e3o de exsudatos.<\/p>\n<p>&#8211; Promo\u00e7\u00e3o da involu\u00e7\u00e3o uterina ap\u00f3s cesarianas;<\/p>\n<p>&#8211; No in\u00edcio da lacta\u00e7\u00e3o ap\u00f3s o parto;<\/p>\n<p>&#8211; Coadjuvante nas sindromes MMA (Metrites &#8211; Mastites-Agalaxia);<\/p>\n<p>PROMO\u00c7\u00c3O DA DESCIDA DO LEITE:<\/p>\n<p>&#8211; Atua\u00e7\u00e3o nas c\u00e9lulas mioepiteliais da gl\u00e2ndula mam\u00e1ria favorecendo a eje\u00e7\u00e3o do leite no p\u00f3s-parto ou momento da ordenha;<\/p>\n<p>&#8211; Coadjuvante nos casos de agalaxia;<\/p>\n<p>INTRODU\u00c7\u00c3O:<\/p>\n<p>A ocitocina end\u00f3gena \u00e9 produzida no n\u00facleo supra-\u00f3ptico do hipot\u00e1lamo e, armazenada e liberada pela neuro-hip\u00f3fise. OCITOVET \u00e9 composto de um horm\u00f4nio sint\u00e9tico fisiol\u00f3gica e quimicamente semelhante ao horm\u00f4nio natural, possuindo portanto, as mesmas atua\u00e7\u00f5es no organismo animal.<\/p>\n<p>A ocitocina promove a contra\u00e7\u00e3o da musculatura uterina, vascular e de outros m\u00fasculos lisos, regula a contratibilidade das c\u00e9lulas mioepiteliais ao redor dos alve\u00f3los da gl\u00e2ndula mam\u00e1ria, auxilia na descida do leite no momento da ordenha e favorece a involu\u00e7\u00e3o uterina p\u00f3s-parto e na reten\u00e7\u00e3o de placenta para a expuls\u00e3o de secundinas e exsudatos.<\/p>\n<p>Dosagem:<\/p>\n<p>A quantidade de OCITOVET preconizada, em mL depende da esp\u00e9cie animal, da via de administra\u00e7\u00e3o e da indica\u00e7\u00e3o, como indicam os quadros a seguir:&nbsp;<\/p>\n<p>PARA USO OBST\u00c9TRICO:<\/p>\n<p>Esp\u00e9cies Unidades USP Volume (mL) &#8211; via SC, IM e IV<\/p>\n<p>Bovinas 75-100 7,5-10<\/p>\n<p>Equinas 75-150 7,5-15<\/p>\n<p>Su\u00ednas 30-50 3-5<\/p>\n<p>Ovinas 30-50 3-5<\/p>\n<p>Caprinos 30-50 3-5<\/p>\n<p>PARA A DESCIDA DO LEITE<\/p>\n<p>Esp\u00e9cies Unidades USP Volume (mL) &#8211; via SC, IM e IV<\/p>\n<p>Bovinas 10-20 1-2<\/p>\n<p>Equinas 10-20 1-2<\/p>\n<p>Su\u00ednas 5-20 0,5-2<\/p>\n<p>Ovinas 5-20 0,5-2<\/p>\n<p>Caprinos 5-20 0,5-2&nbsp;<\/p>\n<p>Quando poss\u00edvel, o gotejamento lento intravenoso com soro glicosado ou salino \u00e9 preferido para facilitar o trabalho de parto, apresentando efeito imediato com dura\u00e7\u00e3o de cerca de 10 (dez) minutos. Nas aplica\u00e7\u00f5es intramusculares ou subcut\u00e2neas o efeito inicia-se dentro de 6 a 10 minutos. A ocitocina n\u00e3o apresenta efeito cumulativo, portanto a dosagem pode ser repetida sem qualquer risco.<\/p>\n<p>Administra\u00e7\u00e3o:<\/p>\n<p>OCITOVET pode ser aplicado pelas vias subcut\u00e2nea ou intramuscular, respeitando as normas b\u00e1sicas de assepsia.<\/p>\n<p>Precau\u00e7\u00f5es:<\/p>\n<p>PRECAU\u00c7\u00d5ES GERAIS:<\/p>\n<p>Administrar com precau\u00e7\u00e3o em f\u00eameas que apresentem quadro de toxemia.<\/p>\n<p>Aplicar o produto em perfeitas condi\u00e7\u00f5es de assepsia.<\/p>\n<p>Obedecer as dosagens e recomenda\u00e7\u00f5es para uso do produto.<\/p>\n<p>N\u00e3o fumar ou alimentar-se durante o manuseio do produto.<\/p>\n<p>A higiene \u00e9 fundamental; sempre lavar as m\u00e3os antes e depois de manusear qualquer produto veterin\u00e1rio.<\/p>\n<p>N\u00e3o reutilizar as embalagens vazias.<\/p>\n<p>CUIDADOS ESPECIAIS:<\/p>\n<p>Para qualquer via recomenda-se baixa dose inicial e se necess\u00e1rio a repeti\u00e7\u00e3o da dose em intervalos de 20 a 30 minutos.<\/p>\n<p>Manter os animais calmos antes, durante e depois a aplica\u00e7\u00e3o de ocitocina para obter um efeito completo da ocitocina.<\/p>\n<p>N\u00e3o associar ocitocina com vasoconstrictores simpatomim\u00e9ticos ou cortic\u00f3ides.<\/p>\n<p>O uso concomitante com estr\u00f3genos ou c\u00e1lcio aumenta o efeito da ocitocina.<\/p>\n<p>CONTRA INDICA\u00c7\u00d5ES:<\/p>\n<p>N\u00e3o utilizar em f\u00eameas em gesta\u00e7\u00e3o at\u00e9 o momento do parto.<\/p>\n<p>O produto n\u00e3o deve ser aplicado quando da constata\u00e7\u00e3o de parto dist\u00f3cico devido \u00e0 incorreta apresenta\u00e7\u00e3o fetal at\u00e9 a corre\u00e7\u00e3o mediante manipula\u00e7\u00e3o obst\u00e9trica, despropor\u00e7\u00e3o c\u00e9falo-p\u00e9lvica, qualquer obstru\u00e7\u00e3o mec\u00e2nica ou quando n\u00e3o houver dilata\u00e7\u00e3o do colo uterino durante o parto.<\/p>\n<p>N\u00e3o aplicar em f\u00eameas com predisposi\u00e7\u00e3o \u00e0 ruptura uterina ou animais que apresentem enfermidades c\u00e1rdio-vasculares.<\/p>\n<p>SOBREDOSAGEM:<\/p>\n<p>Dosagens excessivas poder\u00e3o originar hiperestimula\u00e7\u00e3o do miom\u00e9trio, libera\u00e7\u00e3o prematura da placenta do \u00fatero, bradicardias e arritmias card\u00edacas, hemorragias p\u00f3s-parto, contra\u00e7\u00e3o tet\u00e2nica do \u00fatero, aumento da inj\u00faria fetal podendo causar a morte do feto pela compress\u00e3o uterina, ruptura do \u00fatero e at\u00e9 morte da m\u00e3e.<\/p>\n<p>Pode ocorrer intoxica\u00e7\u00e3o do animal por reten\u00e7\u00e3o de \u00e1gua, caracterizada por convuls\u00f5es, coma e at\u00e9 morte, devido \u00e0 administra\u00e7\u00e3o de grandes doses de ocitocina repetidamente por longos per\u00edodos.<\/p>\n<p>Apresenta\u00e7\u00e3o:<\/p>\n<p>Display com 10 frascos contendo 1mL; Display com 24 frascos contendo 5ml, 10mL e 50mL; Display com 25 frascos contendo 50mL; Display com 30 frascos contendo 50mL.<\/p>\n<p>Classe Terap\u00eautica:<\/p>\n<p>HORM\u00d4NIOS\/SIMILARES<\/p>\n<p>Princ\u00edpio(s) Ativo(s):<\/p>\n<p>OCITOCINA<\/p>\n<p>Registro no Minist\u00e9rio da Agricultura, Pecu\u00e1ria e Abastecimento: 8.970<\/p>\n<p>Respons\u00e1vel T\u00e9cnico: Mauricio Del Bigio &#8211; CRMV: 3.715<\/p>\n","protected":false},"excerpt":{"rendered":"<p>Horm\u00f4nio injet\u00e1vel, \u00e0 base de ocitocina sint\u00e9tica 1.000 UI, indicado para a indu\u00e7\u00e3o ou acelera\u00e7\u00e3o do parto, estimular a motilidade da musculatura<\/p>\n","protected":false},"featured_media":16606,"template":"","meta":{"_acf_changed":false},"product_brand":[966],"product_cat":[172,177],"product_tag":[1035],"class_list":{"0":"post-16605","1":"product","2":"type-product","3":"status-publish","4":"has-post-thumbnail","6":"product_brand-ceva","7":"product_cat-reproducao","8":"product_cat-reproducao-2","9":"product_tag-ceva","11":"first","12":"outofstock","13":"purchasable","14":"product-type-simple"},"acf":[],"_links":{"self":[{"href":"https:\/\/vetsul.com\/index.php\/wp-json\/wp\/v2\/product\/16605","targetHints":{"allow":["GET"]}}],"collection":[{"href":"https:\/\/vetsul.com\/index.php\/wp-json\/wp\/v2\/product"}],"about":[{"href":"https:\/\/vetsul.com\/index.php\/wp-json\/wp\/v2\/types\/product"}],"wp:featuredmedia":[{"embeddable":true,"href":"https:\/\/vetsul.com\/index.php\/wp-json\/wp\/v2\/media\/16606"}],"wp:attachment":[{"href":"https:\/\/vetsul.com\/index.php\/wp-json\/wp\/v2\/media?parent=16605"}],"wp:term":[{"taxonomy":"product_brand","embeddable":true,"href":"https:\/\/vetsul.com\/index.php\/wp-json\/wp\/v2\/product_brand?post=16605"},{"taxonomy":"product_cat","embeddable":true,"href":"https:\/\/vetsul.com\/index.php\/wp-json\/wp\/v2\/product_cat?post=16605"},{"taxonomy":"product_tag","embeddable":true,"href":"https:\/\/vetsul.com\/index.php\/wp-json\/wp\/v2\/product_tag?post=16605"}],"curies":[{"name":"wp","href":"https:\/\/api.w.org\/{rel}","templated":true}]}}