{"id":16602,"date":"2018-01-05T09:14:47","date_gmt":"2018-01-05T11:14:47","guid":{"rendered":"http:\/\/35.194.95.18\/wp-admin\/?post_type=product&#038;p=16602"},"modified":"2025-03-26T16:09:20","modified_gmt":"2025-03-26T19:09:20","slug":"nitromic-500ml","status":"publish","type":"product","link":"https:\/\/vetsul.com\/index.php\/product\/nitromic-500ml\/","title":{"rendered":"NITROMIC 500ml"},"content":{"rendered":"<p>F\u00d3RMULA:<\/p>\n<p>Cada 100 ml cont\u00e9m:<\/p>\n<p>NITROXINIL34,0 g<\/p>\n<p>\u00c1GUA para inje\u00e7\u00e3o q.s.p.100,0 ml<\/p>\n<p>INDICA\u00c7\u00d5ES:<\/p>\n<p>Fasciolicida, Lumbricida e Oestricida.<\/p>\n<p>Nitromic est\u00e1 indicado para o controle da Fasciol\u00edase e outras parasitoses gastrintestinais dos ruminantes e caninos.<\/p>\n<p>Espectro de atividade:<\/p>\n<p>Fasc\u00edola hep\u00e1tica de bovinos e ovinos, Haemonchus contortus, Bunostomum spp., Oesophagostomum spp., Oestrus ovis e Ancylostoma caninum.<\/p>\n<p>ESPECIES ANIMAIS \u00c0S QUE SE DESTINA:<\/p>\n<p>Bovinos, Ovinos e Caninos.<\/p>\n<p>DOSAGEM:<\/p>\n<p>Bovinos, Ovinos e Caninos:<\/p>\n<p>1 ml. cada 50 kg. de peso vivo (equivalente a 6,8 mg de Nitroxynil por kg p.v.)<\/p>\n<p>1,5 ml. cada 50 kg. de peso vivo diante de Haemonchus contortus, Oesophagostomum spp., Bunostomum spp. e Ancylostoma caninum.<\/p>\n<p>2,0 ml. cada 50 kg. de peso vivo para casos de Fasciol\u00edase aguda grave e de Oestrose em ovinos ?Oestrus ovis)<\/p>\n<p>PER\u00cdODO DE CAR\u00caNCIA:<\/p>\n<p>Carne: 60 d\u00edas<\/p>\n<p>N\u00e3o administrar a animais em per\u00edodo de lacta\u00e7\u00e3o.<\/p>\n<p>VIA DE ADMINISTRA\u00c7\u00c3O:<\/p>\n<p>Injet\u00e1vel por via subcut\u00e2nea.<\/p>\n<p>PRECAU\u00c7\u00d5ES:<\/p>\n<p>Como todo produto de uso veterin\u00e1rio, n\u00e3o deve ser ingerido e se deve evitar o contato com a pele. Como norma geral, lavar-se bem as m\u00e3os com \u00e1gua e sab\u00e3o depois de findados os tratamentos. N\u00e3o dosar f\u00eameas gestantes 30 dias antes do parto.<\/p>\n<p>&nbsp;<\/p>\n","protected":false},"excerpt":{"rendered":"<p>F\u00d3RMULA: Cada 100 ml cont\u00e9m: NITROXINIL34,0 g \u00c1GUA para inje\u00e7\u00e3o q.s.p.100,0 ml INDICA\u00c7\u00d5ES: Fasciolicida, Lumbricida e Oestricida. Nitromic est\u00e1 indicado para o<\/p>\n","protected":false},"featured_media":16603,"template":"","meta":{"_acf_changed":false},"product_brand":[962],"product_cat":[164,167,184],"product_tag":[992,267],"class_list":{"0":"post-16602","1":"product","2":"type-product","3":"status-publish","4":"has-post-thumbnail","6":"product_brand-microsules","7":"product_cat-bovinos-e-ovinos","8":"product_cat-vermifugos-e-carrapaticidas","9":"product_cat-vermifugos-e-carrapaticidas-2","10":"product_tag-microsules","11":"product_tag-vermifugo","13":"first","14":"instock","15":"purchasable","16":"product-type-simple"},"acf":[],"_links":{"self":[{"href":"https:\/\/vetsul.com\/index.php\/wp-json\/wp\/v2\/product\/16602","targetHints":{"allow":["GET"]}}],"collection":[{"href":"https:\/\/vetsul.com\/index.php\/wp-json\/wp\/v2\/product"}],"about":[{"href":"https:\/\/vetsul.com\/index.php\/wp-json\/wp\/v2\/types\/product"}],"wp:featuredmedia":[{"embeddable":true,"href":"https:\/\/vetsul.com\/index.php\/wp-json\/wp\/v2\/media\/16603"}],"wp:attachment":[{"href":"https:\/\/vetsul.com\/index.php\/wp-json\/wp\/v2\/media?parent=16602"}],"wp:term":[{"taxonomy":"product_brand","embeddable":true,"href":"https:\/\/vetsul.com\/index.php\/wp-json\/wp\/v2\/product_brand?post=16602"},{"taxonomy":"product_cat","embeddable":true,"href":"https:\/\/vetsul.com\/index.php\/wp-json\/wp\/v2\/product_cat?post=16602"},{"taxonomy":"product_tag","embeddable":true,"href":"https:\/\/vetsul.com\/index.php\/wp-json\/wp\/v2\/product_tag?post=16602"}],"curies":[{"name":"wp","href":"https:\/\/api.w.org\/{rel}","templated":true}]}}