{"id":16588,"date":"2018-01-05T08:45:57","date_gmt":"2018-01-05T10:45:57","guid":{"rendered":"http:\/\/35.194.95.18\/wp-admin\/?post_type=product&#038;p=16588"},"modified":"2025-04-07T15:41:39","modified_gmt":"2025-04-07T18:41:39","slug":"maxicam-injet-vel-2-50ml","status":"publish","type":"product","link":"https:\/\/vetsul.com\/index.php\/product\/maxicam-injet-vel-2-50ml\/","title":{"rendered":"MAXICAM INJET\u00c1VEL 2%  &#8211; 50ml"},"content":{"rendered":"<p>Maxicam Injet\u00e1vel (2{bad89740ab836af8afd78adf22d5854117f226b234e4f8ee83a0ac8d28f68ffc}) \u00e9 um anti-inflamat\u00f3rio n\u00e3o ester\u00f3ide com atividade inibidora seletiva da cicloxigenase-2 (cox-2), que confere um duplo benef\u00edcio terap\u00eautico, resultando em excelente atividade anti-inflamat\u00f3ria, analg\u00e9sica e antiexsudativa com m\u00ednimos efeitos gastrolesivos ou ulcerog\u00eanicos.<\/p>\n<p>F\u00f3rmula:<\/p>\n<p>Cada 100 mL cont\u00e9m:&nbsp;<\/p>\n<p>Meloxicam&#8230;&#8230;&#8230;&#8230;&#8230;&#8230;&#8230;&#8230;&#8230;&#8230;&#8230;&#8230;&#8230;&#8230;&#8230;&#8230;&#8230;&#8230;&#8230;&#8230;&#8230;&#8230;&#8230;..2,0 g&nbsp;<\/p>\n<p>Excipiente q.s.p. &#8230;&#8230;&#8230;&#8230;&#8230;&#8230;&#8230;&#8230;&#8230;&#8230;&#8230;&#8230;&#8230;&#8230;&#8230;&#8230;&#8230;&#8230;&#8230;100,0 mL<\/p>\n<p>Indica\u00e7\u00f5es:<\/p>\n<p>Indica\u00e7\u00f5es: Maxicam 2{bad89740ab836af8afd78adf22d5854117f226b234e4f8ee83a0ac8d28f68ffc} \u00e9 um antiinflamat\u00f3rio n\u00e3o ester\u00f3ide com atividade inibidora seletiva da cicloxigenase-2 (cox-2), que confere um duplo benef\u00edcio terap\u00eautico, resultando em excelente atividade antiinflamat\u00f3ria, analg\u00e9sica e antiexsudativa com m\u00ednimos efeitos gastrolesivos ou ulcerog\u00eanicos. Al\u00e9m destes benef\u00edcios, o meloxicam inibe ainda a infiltra\u00e7\u00e3o de leuc\u00f3citos no tecido inflamado e previne a destrui\u00e7\u00e3o \u00f3ssea e cartilaginosa que ocorre nos processos de inflama\u00e7\u00e3o degenerativa do aparelho locomotor. Maxicam 2{bad89740ab836af8afd78adf22d5854117f226b234e4f8ee83a0ac8d28f68ffc} \u00e9 indicado em processos inflamat\u00f3rios dos bovinos, su\u00ednos e eq\u00fcinos; tais como: -Patologias do aparelho locomotor e doen\u00e7as m\u00fasculo-esquel\u00e9ticas, como: miosites, tendinites, oste\u00edtes, artrites, artrites reumat\u00f3ides, osteoartrites, osteoartrose, sinovites, distens\u00f5es miotendinosas, traumatismos, claudica\u00e7\u00f5es, s\u00edndrome do navicular, laminites e auxiliar na repara\u00e7\u00e3o de fraturas. -Afec\u00e7\u00f5es oculares: uve\u00edtes, conjuntivites, p\u00f3s-operat\u00f3rio. -Desordens de ordem reprodutiva como reten\u00e7\u00e3o de placenta. -Metrites e mastites. -Analgesia pr\u00e9 e p\u00f3s-operat\u00f3ria. -Auxiliar no tratamento de infec\u00e7\u00f5es bacterianas ou cr\u00f4nicas (pneumonias e diarr\u00e9ias) e quadros febris.<\/p>\n<p>Dosagem:<\/p>\n<p>Modo de uso e dosagens Maxicam 2{bad89740ab836af8afd78adf22d5854117f226b234e4f8ee83a0ac8d28f68ffc} deve ser administrado pela via intramuscular ou intravenosa, uma vez ao dia (a cada 24 horas), ou de acordo com a orienta\u00e7\u00e3o do m\u00e9dico veterin\u00e1rio.&nbsp;<\/p>\n<p>Dosagem para bovinos&#8230;&#8230;.2,5 mL para cada 100 kg de peso corporal (0,5 mg de meloxicam por kg de peso corporal)&nbsp;<\/p>\n<p>Dosagem para su\u00ednos&#8230;&#8230;&#8230;2,0 mL para cada 100 kg de peso corporal (0,4 mg de meloxicam por kg de peso corporal)&nbsp;<\/p>\n<p>Dosagem para eq\u00fcinos&#8230;&#8230;3,0 mL para cada 100 kg de peso corporal (0,6 mg de meloxicam por kg de peso corporal)&nbsp;<\/p>\n<p>Dura\u00e7\u00e3o do tratamento: A dura\u00e7\u00e3o do tratamento dever\u00e1 ser estipulada de acordo com a esp\u00e9cie animal, gravidade do quadro e tipo de afec\u00e7\u00e3o a ser tratada. Recomenda-se at\u00e9 duas aplica\u00e7\u00f5es consecutivas, com intervalo de 24 horas, ou a crit\u00e9rio do m\u00e9dico veterin\u00e1rio.<\/p>\n<p>Administra\u00e7\u00e3o:<\/p>\n<p>Maxicam 2{bad89740ab836af8afd78adf22d5854117f226b234e4f8ee83a0ac8d28f68ffc} deve ser administrado pela via intramuscular ou intravenosa, uma vez ao dia (a cada 24 horas), ou de acordo com a orienta\u00e7\u00e3o do m\u00e9dico veterin\u00e1rio.<\/p>\n<p>Precau\u00e7\u00f5es:<\/p>\n<p>Intera\u00e7\u00f5es medicamentosas N\u00e3o administrar juntamente com outros antiinflamat\u00f3rios ester\u00f3ides ou n\u00e3o ester\u00f3ides, ou ap\u00f3s o uso destas drogas. Recomenda-se um per\u00edodo de 24 horas de intervalo entre um tratamento e outro, ou de acordo com a farmacocin\u00e9tica da droga anteriormente utilizada. N\u00e3o administrar juntamente com antibi\u00f3ticos do grupo dos aminoglicos\u00eddeos (estreptomicina, neomicina, gentamicina e kanamicina). N\u00e3o administrar juntamente com agentes anticoagulantes como a warfarina e a aspirina.&nbsp;<\/p>\n<p>Contra-indica\u00e7\u00f5es e limita\u00e7\u00f5es de uso N\u00e3o administrar em animais com dist\u00farbios card\u00edacos, hep\u00e1ticos ou renais severos. N\u00e3o administrar em animais com poss\u00edvel ulcera\u00e7\u00e3o gastrintestinal ou que apresentarem evid\u00eancia de desordem hemorr\u00e1gica ou hipersensibilidade ao produto. Evitar a administra\u00e7\u00e3o em animais desidratados, hipovol\u00eamicos ou hipotensos em raz\u00e3o do risco de toxicidade renal ser potencializado.&nbsp;<\/p>\n<p>Precau\u00e7\u00f5es Obedecer \u00e0s dosagens e vias de administra\u00e7\u00e3o indicadas para o uso do produto utilizando normas de assepsia pr\u00f3prias para aplica\u00e7\u00e3o parenteral. O tratamento de animais idosos ou com menos de 06 semanas de idade deve ser cuidadosamente acompanhado pelo m\u00e9dico veterin\u00e1rio, sendo, em alguns casos, necess\u00e1rio reduzir a dosagem a ser administrada.&nbsp;<\/p>\n<p>Rea\u00e7\u00f5es adversas Podem ocorrer rea\u00e7\u00f5es gerais como perda de apetite, v\u00f4mito, diarr\u00e9ia, melena e apatia. Estas rea\u00e7\u00f5es s\u00e3o geralmente transit\u00f3rias e tendem a desaparecer com a interrup\u00e7\u00e3o ou t\u00e9rmino do tratamento.&nbsp;<\/p>\n<p>Informa\u00e7\u00f5es para uso m\u00e9dico O meloxicam \u00e9 um antiinflamat\u00f3rio n\u00e3o ester\u00f3ide da fam\u00edlia dos oxicans, e n\u00e3o possui ant\u00eddoto espec\u00edfico. No caso de intoxica\u00e7\u00f5es, realizar tratamento sintom\u00e1tico.&nbsp;<\/p>\n<p>Per\u00edodo de car\u00eancia N\u00e3o destinar ao consumo humano a carne dos bovinos tratados antes de decorridos 8 dias da \u00faltima aplica\u00e7\u00e3o do produto. N\u00e3o destinar ao consumo humano o leite dos bovinos tratados antes de decorridas 72 horas da \u00faltima aplica\u00e7\u00e3o do produto. N\u00e3o destinar ao consumo humano a carne dos su\u00ednos tratados antes de decorridos 8 dias da \u00faltima aplica\u00e7\u00e3o do produto. N\u00e3o destinar ao consumo humano a carne dos eq\u00fcinos tratados antes de decorridos 8 dias da \u00faltima aplica\u00e7\u00e3o do produto.&nbsp;<\/p>\n<p>Conservar em local seco e fresco, \u00e0 temperatura ambiente, ao abrigo da luz solar, fora do alcance de crian\u00e7as e animais dom\u00e9sticos. Venda sob prescri\u00e7\u00e3o e aplica\u00e7\u00e3o sob orienta\u00e7\u00e3o do m\u00e9dico veterin\u00e1rio.<\/p>\n<p>Apresenta\u00e7\u00e3o:<\/p>\n<p>Frasco contendo 10 ml, 20 ml, 50 ml ou 100 ml.<\/p>\n<p>Classe Terap\u00eautica:<\/p>\n<p>ANTI-INFLAMAT\u00d3RIOS, ANTI-PIR\u00c9TICOS, ANTI-ALERGICOS E ANALG\u00c9SICOS<\/p>\n<p>Princ\u00edpio(s) Ativo(s): MELOXICAN<\/p>\n<p>Registro no Minist\u00e9rio da Agricultura, Pecu\u00e1ria e Abastecimento: 9.193\/2006 em 05\/01\/2006.<\/p>\n<p>Respons\u00e1vel T\u00e9cnico: Dra. Sandra Barioni Toma &#8211; CRMV: SP 10.300<\/p>\n<div><\/div>\n","protected":false},"excerpt":{"rendered":"<p>Maxicam Injet\u00e1vel (2{bad89740ab836af8afd78adf22d5854117f226b234e4f8ee83a0ac8d28f68ffc}) \u00e9 um anti-inflamat\u00f3rio n\u00e3o ester\u00f3ide com atividade inibidora seletiva da cicloxigenase-2 (cox-2), que confere um duplo benef\u00edcio terap\u00eautico, resultando<\/p>\n","protected":false},"featured_media":16589,"template":"","meta":{"_acf_changed":false},"product_brand":[955],"product_cat":[168,174],"product_tag":[1030],"class_list":{"0":"post-16588","1":"product","2":"type-product","3":"status-publish","4":"has-post-thumbnail","6":"product_brand-ouro-fino","7":"product_cat-anti-inflamatorios","8":"product_cat-anti-inflamatorios-3","9":"product_tag-ouro-fino","11":"first","12":"instock","13":"purchasable","14":"product-type-simple"},"acf":[],"_links":{"self":[{"href":"https:\/\/vetsul.com\/index.php\/wp-json\/wp\/v2\/product\/16588","targetHints":{"allow":["GET"]}}],"collection":[{"href":"https:\/\/vetsul.com\/index.php\/wp-json\/wp\/v2\/product"}],"about":[{"href":"https:\/\/vetsul.com\/index.php\/wp-json\/wp\/v2\/types\/product"}],"wp:featuredmedia":[{"embeddable":true,"href":"https:\/\/vetsul.com\/index.php\/wp-json\/wp\/v2\/media\/16589"}],"wp:attachment":[{"href":"https:\/\/vetsul.com\/index.php\/wp-json\/wp\/v2\/media?parent=16588"}],"wp:term":[{"taxonomy":"product_brand","embeddable":true,"href":"https:\/\/vetsul.com\/index.php\/wp-json\/wp\/v2\/product_brand?post=16588"},{"taxonomy":"product_cat","embeddable":true,"href":"https:\/\/vetsul.com\/index.php\/wp-json\/wp\/v2\/product_cat?post=16588"},{"taxonomy":"product_tag","embeddable":true,"href":"https:\/\/vetsul.com\/index.php\/wp-json\/wp\/v2\/product_tag?post=16588"}],"curies":[{"name":"wp","href":"https:\/\/api.w.org\/{rel}","templated":true}]}}