{"id":16584,"date":"2018-01-05T08:37:05","date_gmt":"2018-01-05T10:37:05","guid":{"rendered":"http:\/\/35.194.95.18\/wp-admin\/?post_type=product&#038;p=16584"},"modified":"2025-02-07T16:00:15","modified_gmt":"2025-02-07T19:00:15","slug":"mata-bicheira-forte-sv-500ml","status":"publish","type":"product","link":"https:\/\/vetsul.com\/index.php\/product\/mata-bicheira-forte-sv-500ml\/","title":{"rendered":"MATA BICHEIRA FORTE SV 500ml"},"content":{"rendered":"<p>Matabicheiras Forte SV<\/p>\n<p>Indica\u00e7\u00f5es:<\/p>\n<p>Matabicheiras Forte SV \u00e9 indicado para prevenir e curar infec\u00e7\u00f5es e bicheiras (mi\u00edases) nos umbigos dos animais rec\u00e9m-nascidos e nas feridas causadas por castra\u00e7\u00e3o, descorna, amputa\u00e7\u00e3o de cauda, marca\u00e7\u00e3o, tosquia, pisaduras, escoria\u00e7\u00f5es diversas e na sutura de cirurgias. Al\u00e9m disso, \u00e9 recomendado contra bernes, podrid\u00e3o do p\u00e9 e no tratamento de frieiras ap\u00f3s o corte.<\/p>\n<p>Composi\u00e7\u00e3o:<\/p>\n<p>Cada 100ml de Matabicheiras Forte SV cont\u00e9m ({bad89740ab836af8afd78adf22d5854117f226b234e4f8ee83a0ac8d28f68ffc} p\/p):<\/p>\n<p>Supona (Chlorfenvinphos)&#8230;&#8230;&#8230;&#8230;&#8230;&#8230;&#8230;&#8230;&#8230;..0,34ml (0,52g)<\/p>\n<p>Vapona (Dichlorvos)&#8230;&#8230;&#8230;&#8230;&#8230;&#8230;&#8230;&#8230;&#8230;&#8230;&#8230;&#8230;..0,51ml (0,83g)<\/p>\n<p>Excipiente q.s.p&#8230;&#8230;&#8230;&#8230;&#8230;&#8230;&#8230;&#8230;&#8230;&#8230;&#8230;&#8230;&#8230;&#8230;&#8230;&#8230;&#8230;&#8230;&#8230;..100m<\/p>\n<p>Posologia e modo de usar Matabicheiras Forte SV:<\/p>\n<p>Aplicar o produto de modo a atingir a les\u00e3o e a \u00e1rea circunvizinha, mantendo-se o tubo de aerossol, a uma dist\u00e2ncia de 10-20 cm da regi\u00e3o a tratar.<\/p>\n<p>Apresenta\u00e7\u00e3o de Matabicheiras Forte SV:<\/p>\n<p>Lata aerossol contendo 500ml.<\/p>\n<p>Formula<\/p>\n<p>Cada 100ml de Matabicheiras Forte SV cont\u00e9m ({bad89740ab836af8afd78adf22d5854117f226b234e4f8ee83a0ac8d28f68ffc} p\/p):<\/p>\n<p>Supona (Chlorfenvinphos)&#8230;&#8230;&#8230;&#8230;&#8230;&#8230;&#8230;&#8230;&#8230;..0,34ml (0,52g)<\/p>\n<p>Vapona (Dichlorvos)&#8230;&#8230;&#8230;&#8230;&#8230;&#8230;&#8230;&#8230;&#8230;&#8230;&#8230;&#8230;..0,51ml (0,83g)<\/p>\n<p>Excipiente q.s.p&#8230;&#8230;&#8230;&#8230;&#8230;&#8230;&#8230;&#8230;&#8230;&#8230;&#8230;&#8230;&#8230;&#8230;&#8230;&#8230;&#8230;&#8230;&#8230;..100ml<\/p>\n<p>Sobre<\/p>\n<p>Matabicheiras Forte SV \u00e9 ideal para preven\u00e7\u00e3o e cura de infec\u00e7\u00f5es e bicheiras (mi\u00edases) nos umbigos dos animais rec\u00e9m-nascidos e nas feridas causadas por castra\u00e7\u00e3o, descorna, amputa\u00e7\u00e3o de cauda, marca\u00e7\u00e3o, tosquia, pisaduras, escoria\u00e7\u00f5es diversas e na sutura de cirurgias. Al\u00e9m disso, \u00e9 recomendado contra bernes, podrid\u00e3o do p\u00e9 e no tratamento de frieiras ap\u00f3s o corte. N\u00e3o perca tempo! Adquira j\u00e1 o Matabicheiras Forte SV e traga seu animal de volta \u00e1 rotina, garantindo a sua lucratividade!!&nbsp;<\/p>\n<p>Car\u00eancia Abate: 3 dias | Leite: 1 dia Indica\u00e7\u00f5es Matabicheiras Forte SV \u00e9 indicado para prevenir e curar infec\u00e7\u00f5es e bicheiras (mi\u00edases) nos umbigos dos animais rec\u00e9m-nascidos e nas feridas causadas por castra\u00e7\u00e3o, descorna, amputa\u00e7\u00e3o de cauda, marca\u00e7\u00e3o, tosquia, pisaduras, escoria\u00e7\u00f5es diversas e na sutura de cirurgias. Al\u00e9m disso, \u00e9 recomendado contra bernes, podrid\u00e3o do p\u00e9 e no tratamento de frieiras ap\u00f3s o corte. Modo de Usar<\/p>\n<p>A formula\u00e7\u00e3o deve ser administrada nos animais, por via t\u00f3pica spray diretamente sobre as incis\u00f5es\/les\u00f5es, a uma dist\u00e2ncia m\u00e9dia de 15 cm por 5 segundos. O tratamento \u00e9 eficaz com uma \u00fanica aplica\u00e7\u00e3o, podendo ser repetido a cada 24 horas, sob orienta\u00e7\u00e3o do M\u00e9dico Veterin\u00e1rio.<\/p>\n<div><\/div>\n","protected":false},"excerpt":{"rendered":"<p>Matabicheiras Forte SV Indica\u00e7\u00f5es: Matabicheiras Forte SV \u00e9 indicado para prevenir e curar infec\u00e7\u00f5es e bicheiras (mi\u00edases) nos umbigos dos animais rec\u00e9m-nascidos<\/p>\n","protected":false},"featured_media":16585,"template":"","meta":{"_acf_changed":false},"product_brand":[970],"product_cat":[185,187,188],"product_tag":[1051,1016,822],"class_list":{"0":"post-16584","1":"product","2":"type-product","3":"status-publish","4":"has-post-thumbnail","6":"product_brand-zoetis","7":"product_cat-cicatrizantes-e-mata-bicheiras","8":"product_cat-cicatrizantes-e-mata-bicheiras-2","9":"product_cat-cicatrizantes-e-mata-bicheiras-3","10":"product_tag-mata-bicheira","11":"product_tag-matabicheira","12":"product_tag-zoetis","14":"first","15":"instock","16":"purchasable","17":"product-type-simple"},"acf":[],"_links":{"self":[{"href":"https:\/\/vetsul.com\/index.php\/wp-json\/wp\/v2\/product\/16584","targetHints":{"allow":["GET"]}}],"collection":[{"href":"https:\/\/vetsul.com\/index.php\/wp-json\/wp\/v2\/product"}],"about":[{"href":"https:\/\/vetsul.com\/index.php\/wp-json\/wp\/v2\/types\/product"}],"wp:featuredmedia":[{"embeddable":true,"href":"https:\/\/vetsul.com\/index.php\/wp-json\/wp\/v2\/media\/16585"}],"wp:attachment":[{"href":"https:\/\/vetsul.com\/index.php\/wp-json\/wp\/v2\/media?parent=16584"}],"wp:term":[{"taxonomy":"product_brand","embeddable":true,"href":"https:\/\/vetsul.com\/index.php\/wp-json\/wp\/v2\/product_brand?post=16584"},{"taxonomy":"product_cat","embeddable":true,"href":"https:\/\/vetsul.com\/index.php\/wp-json\/wp\/v2\/product_cat?post=16584"},{"taxonomy":"product_tag","embeddable":true,"href":"https:\/\/vetsul.com\/index.php\/wp-json\/wp\/v2\/product_tag?post=16584"}],"curies":[{"name":"wp","href":"https:\/\/api.w.org\/{rel}","templated":true}]}}