{"id":16576,"date":"2018-01-05T08:23:57","date_gmt":"2018-01-05T10:23:57","guid":{"rendered":"http:\/\/35.194.95.18\/wp-admin\/?post_type=product&#038;p=16576"},"modified":"2025-02-07T16:00:15","modified_gmt":"2025-02-07T19:00:15","slug":"matabicheiras-cooper-01lt","status":"publish","type":"product","link":"https:\/\/vetsul.com\/index.php\/product\/matabicheiras-cooper-01lt\/","title":{"rendered":"MATABICHEIRAS COOPER 01lt"},"content":{"rendered":"<p>Para o tratamento preventivo e curativo das bicheiras em todas as esp\u00e9cies de animais.<\/p>\n<p>Larvicida e anti-s\u00e9ptico no tratamento das mi\u00edases<\/p>\n<p>F\u00f3rmula:<\/p>\n<p>Cada 100 ml cont\u00e9m:&nbsp;<\/p>\n<p>Diclorfention&#8230;&#8230;&#8230;&#8230;3,0g&nbsp;<\/p>\n<p>Ve\u00edculo q.s.p&#8230;&#8230;&#8230;&#8230;100 ml<\/p>\n<p>Indica\u00e7\u00e3o:Para o tratamento preventivo e curativo das bicheiras.&nbsp;<\/p>\n<p>Composto organofosforado.&nbsp;<\/p>\n<p>Ant\u00eddoto: Atropina ou contrathion.<\/p>\n","protected":false},"excerpt":{"rendered":"<p>Para o tratamento preventivo e curativo das bicheiras em todas as esp\u00e9cies de animais. Larvicida e anti-s\u00e9ptico no tratamento das mi\u00edases F\u00f3rmula:<\/p>\n","protected":false},"featured_media":16577,"template":"","meta":{"_acf_changed":false},"product_brand":[961],"product_cat":[185,188],"product_tag":[1051,996],"class_list":{"0":"post-16576","1":"product","2":"type-product","3":"status-publish","4":"has-post-thumbnail","6":"product_brand-msd","7":"product_cat-cicatrizantes-e-mata-bicheiras","8":"product_cat-cicatrizantes-e-mata-bicheiras-3","9":"product_tag-mata-bicheira","10":"product_tag-msd","12":"first","13":"outofstock","14":"shipping-taxable","15":"purchasable","16":"product-type-simple"},"acf":[],"_links":{"self":[{"href":"https:\/\/vetsul.com\/index.php\/wp-json\/wp\/v2\/product\/16576","targetHints":{"allow":["GET"]}}],"collection":[{"href":"https:\/\/vetsul.com\/index.php\/wp-json\/wp\/v2\/product"}],"about":[{"href":"https:\/\/vetsul.com\/index.php\/wp-json\/wp\/v2\/types\/product"}],"wp:featuredmedia":[{"embeddable":true,"href":"https:\/\/vetsul.com\/index.php\/wp-json\/wp\/v2\/media\/16577"}],"wp:attachment":[{"href":"https:\/\/vetsul.com\/index.php\/wp-json\/wp\/v2\/media?parent=16576"}],"wp:term":[{"taxonomy":"product_brand","embeddable":true,"href":"https:\/\/vetsul.com\/index.php\/wp-json\/wp\/v2\/product_brand?post=16576"},{"taxonomy":"product_cat","embeddable":true,"href":"https:\/\/vetsul.com\/index.php\/wp-json\/wp\/v2\/product_cat?post=16576"},{"taxonomy":"product_tag","embeddable":true,"href":"https:\/\/vetsul.com\/index.php\/wp-json\/wp\/v2\/product_tag?post=16576"}],"curies":[{"name":"wp","href":"https:\/\/api.w.org\/{rel}","templated":true}]}}