{"id":16570,"date":"2018-01-04T16:39:45","date_gmt":"2018-01-04T18:39:45","guid":{"rendered":"http:\/\/35.194.95.18\/wp-admin\/?post_type=product&#038;p=16570"},"modified":"2025-04-08T11:12:38","modified_gmt":"2025-04-08T14:12:38","slug":"bertac-01lt","status":"publish","type":"product","link":"https:\/\/vetsul.com\/index.php\/product\/bertac-01lt\/","title":{"rendered":"Bertac 01lt"},"content":{"rendered":"<p>BERTAC \u00e9 um potente larvicida destinado \u00e0 preven\u00e7\u00e3o e tratamento de bicheiras superficiais e profundas de bovinos, ovinos, caprinos, eq\u00fcinos, su\u00ednos e c\u00e3es. Tamb\u00e9m como tratamento coadjuvante nas interven\u00e7\u00f5es cir\u00fargicas (castra\u00e7\u00e3o, descorna, etc.), no umbigo de rec\u00e9m-nascidos e nas les\u00f5es cut\u00e2neas (les\u00f5es de tosquia, etc.).<\/p>\n<p>F\u00f3rmula:<\/p>\n<p>Cada 100mL cont\u00e9m:<\/p>\n<p>Triclorfon . . . . . . . . . . . . . . . .2,0 g<\/p>\n<p>DDVP . . . . . . . . . . . . . . . . . . 1,0 g<\/p>\n<p>Violeta de genciana . . . . . . . . .0,5 g<\/p>\n<p>Ve\u00edculo q.s.p. . . . . . . . . . . . 100,0 mL<\/p>\n<p>Indica\u00e7\u00f5es:<\/p>\n<p>BERTAC \u00e9 um potente larvicida destinado \u00e0 preven\u00e7\u00e3o e tratamento de bicheiras superficiais e profundas de bovinos, ovinos, caprinos, eq\u00fcinos, su\u00ednos e c\u00e3es. Tamb\u00e9m como tratamento coadjuvante nas interven\u00e7\u00f5es cir\u00fargicas (castra\u00e7\u00e3o, descorna, etc.), no umbigo de rec\u00e9m-nascidos e nas les\u00f5es cut\u00e2neas (les\u00f5es de tosquia, etc.).<\/p>\n<p>Dosagem:<\/p>\n<p>BERTAC \u00e9 para uso t\u00f3pico (externo), devendo ser aplicado diretamente nas regi\u00f5es afetadas. As quantidades a serem usadas variam de acordo com a extens\u00e3o do ferimento. Recomenda-se antes da aplica\u00e7\u00e3o, limpar bem a regi\u00e3o afetada para que o produto atinja em profundidade o ferimento. Examinar o animal no dia seguinte e repetir a aplica\u00e7\u00e3o at\u00e9 a cura.<\/p>\n<p>Administra\u00e7\u00e3o:<\/p>\n<p>Uso t\u00f3pico<\/p>\n<p>Precau\u00e7\u00f5es:<\/p>\n<p>PER\u00cdODO DE CARENCIA:&nbsp;<\/p>\n<p>&#8211; N\u00e3o abater os animais destinados ao consumo humano antes de decorridos 3 dias da \u00faltima aplica\u00e7\u00e3o do produto.&nbsp;<\/p>\n<p>&#8211; N\u00e3o consumir o leite antes de decorridas 10 horas da \u00faltima aplica\u00e7\u00e3o do produto.<\/p>\n<p>PRECAU\u00c7\u00d5ES:<\/p>\n<p>BERTAC cont\u00e9m compostos do grupo organofosforado. Quando usado dentro das recomenda\u00e7\u00f5es prescritas, n\u00e3o apresenta problemas de toxidez, entretanto s\u00e3o recomendados alguns cuidados:&nbsp;<\/p>\n<p>&#8211; Lavar bem as m\u00e3os, sempre que houver contato com o produto;&nbsp;<\/p>\n<p>&#8211; Conservar o produto fora do alcance de crian\u00e7as e animais dom\u00e9sticos;&nbsp;<\/p>\n<p>&#8211; N\u00e3o guardar ou aplicar pr\u00f3ximo a alimentos, bebidas, medicamentos, produtos de higiene e dom\u00e9sticos;&nbsp;<\/p>\n<p>&#8211; Destruir as embalagens vazias;&nbsp;<\/p>\n<p>&#8211; Em caso eventual de acidentes com pessoas, procurar imediatamente o M\u00e9dico;&nbsp;<\/p>\n<p>&#8211; Em caso de animais intoxicados, chamar imediatamente o Veterin\u00e1rio.&nbsp;<\/p>\n<p>ANT\u00cdDOTO:<\/p>\n<p>Solu\u00e7\u00e3o de Atropina associada com reativadores da colinesterase (2-PAM, Contrathion ou Toxogonin), administrada por via parenteral, segundo dose indicada pelo M\u00e9dico Veterin\u00e1rio.<\/p>\n<p>Apresenta\u00e7\u00e3o:<\/p>\n<p>Latas de 500 e 1000mL<\/p>\n<p>Classe Terap\u00eautica:<\/p>\n<p>ECTOPARASITICIDAS (ANTI-PARASIT\u00c1RIOS)<\/p>\n<p>Princ\u00edpio(s) Ativo(s):<\/p>\n<p>DDVP (VER DICLORVOS)<\/p>\n<p>TRICLORFON (METRIFONATO)<\/p>\n<p>Registro no Minist\u00e9rio da Agricultura, Pecu\u00e1ria e Abastecimento: 2.189 em 22\/3\/85<\/p>\n<p>Respons\u00e1vel T\u00e9cnico: Alberto dos Santos Mendes &#8211; CRMV: PR 0929 &#8220;S&#8221;<\/p>\n","protected":false},"excerpt":{"rendered":"<p>BERTAC \u00e9 um potente larvicida destinado \u00e0 preven\u00e7\u00e3o e tratamento de bicheiras superficiais e profundas de bovinos, ovinos, caprinos, eq\u00fcinos, su\u00ednos e<\/p>\n","protected":false},"featured_media":16571,"template":"","meta":{"_acf_changed":false},"product_brand":[979],"product_cat":[164,185,188],"product_tag":[1005,1006],"class_list":{"0":"post-16570","1":"product","2":"type-product","3":"status-publish","4":"has-post-thumbnail","6":"product_brand-pearson-eurofarma","7":"product_cat-bovinos-e-ovinos","8":"product_cat-cicatrizantes-e-mata-bicheiras","9":"product_cat-cicatrizantes-e-mata-bicheiras-3","10":"product_tag-eurofarma","11":"product_tag-pearson","13":"first","14":"outofstock","15":"shipping-taxable","16":"purchasable","17":"product-type-simple"},"acf":[],"_links":{"self":[{"href":"https:\/\/vetsul.com\/index.php\/wp-json\/wp\/v2\/product\/16570","targetHints":{"allow":["GET"]}}],"collection":[{"href":"https:\/\/vetsul.com\/index.php\/wp-json\/wp\/v2\/product"}],"about":[{"href":"https:\/\/vetsul.com\/index.php\/wp-json\/wp\/v2\/types\/product"}],"wp:featuredmedia":[{"embeddable":true,"href":"https:\/\/vetsul.com\/index.php\/wp-json\/wp\/v2\/media\/16571"}],"wp:attachment":[{"href":"https:\/\/vetsul.com\/index.php\/wp-json\/wp\/v2\/media?parent=16570"}],"wp:term":[{"taxonomy":"product_brand","embeddable":true,"href":"https:\/\/vetsul.com\/index.php\/wp-json\/wp\/v2\/product_brand?post=16570"},{"taxonomy":"product_cat","embeddable":true,"href":"https:\/\/vetsul.com\/index.php\/wp-json\/wp\/v2\/product_cat?post=16570"},{"taxonomy":"product_tag","embeddable":true,"href":"https:\/\/vetsul.com\/index.php\/wp-json\/wp\/v2\/product_tag?post=16570"}],"curies":[{"name":"wp","href":"https:\/\/api.w.org\/{rel}","templated":true}]}}