{"id":16568,"date":"2018-01-04T16:30:20","date_gmt":"2018-01-04T18:30:20","guid":{"rendered":"http:\/\/35.194.95.18\/wp-admin\/?post_type=product&#038;p=16568"},"modified":"2025-02-07T16:00:15","modified_gmt":"2025-02-07T19:00:15","slug":"marcovit-c-100ml","status":"publish","type":"product","link":"https:\/\/vetsul.com\/index.php\/product\/marcovit-c-100ml\/","title":{"rendered":"Marcovit C 100ml"},"content":{"rendered":"<p>Cada 100mL cont\u00e9m:<\/p>\n<p>\u00c1cido Asc\u00f3rbico (Vitamina C)<span style=\"white-space:pre\">\t<\/span>\u2026..<span style=\"white-space:pre\">\t\t<\/span>20,00g<\/p>\n<p>Ve\u00edculo q.s.p.<span style=\"white-space:pre\">\t<\/span>\u2026..<span style=\"white-space:pre\">\t\t<\/span>100,00mL<\/p>\n<p>FORMA FARMAC\u00caUTICA<\/p>\n<p>Forma l\u00edquida.<\/p>\n<p>INDICA\u00c7\u00d5ES<\/p>\n<p>\u00c9 recomendado nos estados de car\u00eancia de Vitamina C provocados por defeitos na sua s\u00edntese pelo organismo do animal, por defici\u00eancias de absor\u00e7\u00e3o pelas paredes intestinais ou quando das necessidades do organismo se acentuam do normal.<\/p>\n<p>Indicado quando se deseja um aumento das defesas do organismo na sua recupera\u00e7\u00e3o de doen\u00e7as infecciosas, intoxica\u00e7\u00f5es alimentares, toxicose grav\u00eddica e aborto habitual.<\/p>\n<p>Acompanhando, como adjuvante, nos tratamentos da esterilidade do macho e f\u00eamea, nas s\u00edndromes hemorr\u00e1gicas da pele, mucosas, aparelho genito-urin\u00e1rio, trato gastrointestinal e boca.<\/p>\n<p>MODO DE USAR<\/p>\n<p>Administrar em inje\u00e7\u00f5es intramusculares ou endovenosas.<\/p>\n<p>POSOLOGIA<\/p>\n<p>Equinos e bovinos (adultos): 10 a 20mL, por dose;<\/p>\n<p>Potros e bezerros: 10mL;<\/p>\n<p>Cabe ao M\u00e9dico-Veterin\u00e1rio, em cada caso, determinar a posologia exata, a via de administra\u00e7\u00e3o, o intervalo entre as aplica\u00e7\u00f5es e a dura\u00e7\u00e3o do tratamento.<\/p>\n<p>PER\u00cdODO DE CAR\u00caNCIA<\/p>\n<p>Bovinos: Abate \u2013 Car\u00eancia zero. Leite \u2013 Car\u00eancia zero.<\/p>\n<p>Equinos: Este produto n\u00e3o deve ser aplicado em equinos destinados ao abate para o consumo humano.<\/p>\n<p>APRESENTA\u00c7\u00d5ES<\/p>\n<p>Frasco ampola de 20 e 100mL.<\/p>\n<p>PRAZO DE VALIDADE<\/p>\n<p>A validade \u00e9 de 2 anos ap\u00f3s a data de fabrica\u00e7\u00e3o.<\/p>\n<p>CONSERVA\u00c7\u00c3O<\/p>\n<p>Conservar em local seco, fresco, ao abrigo da luz solar e fora do alcance das crian\u00e7as e animais dom\u00e9sticos.<\/p>\n<p><\/p>\n","protected":false},"excerpt":{"rendered":"<p>Cada 100mL cont\u00e9m: \u00c1cido Asc\u00f3rbico (Vitamina C) \u2026.. 20,00g Ve\u00edculo q.s.p. \u2026.. 100,00mL FORMA FARMAC\u00caUTICA Forma l\u00edquida. INDICA\u00c7\u00d5ES \u00c9 recomendado nos estados<\/p>\n","protected":false},"featured_media":16569,"template":"","meta":{"_acf_changed":false},"product_brand":[966],"product_cat":[173,178],"product_tag":[1035,1052],"class_list":{"0":"post-16568","1":"product","2":"type-product","3":"status-publish","4":"has-post-thumbnail","6":"product_brand-ceva","7":"product_cat-suplementos-e-vitaminas","8":"product_cat-suplementos-e-vitaminas-2","9":"product_tag-ceva","10":"product_tag-marcolab","12":"first","13":"outofstock","14":"purchasable","15":"product-type-simple"},"acf":[],"_links":{"self":[{"href":"https:\/\/vetsul.com\/index.php\/wp-json\/wp\/v2\/product\/16568","targetHints":{"allow":["GET"]}}],"collection":[{"href":"https:\/\/vetsul.com\/index.php\/wp-json\/wp\/v2\/product"}],"about":[{"href":"https:\/\/vetsul.com\/index.php\/wp-json\/wp\/v2\/types\/product"}],"wp:featuredmedia":[{"embeddable":true,"href":"https:\/\/vetsul.com\/index.php\/wp-json\/wp\/v2\/media\/16569"}],"wp:attachment":[{"href":"https:\/\/vetsul.com\/index.php\/wp-json\/wp\/v2\/media?parent=16568"}],"wp:term":[{"taxonomy":"product_brand","embeddable":true,"href":"https:\/\/vetsul.com\/index.php\/wp-json\/wp\/v2\/product_brand?post=16568"},{"taxonomy":"product_cat","embeddable":true,"href":"https:\/\/vetsul.com\/index.php\/wp-json\/wp\/v2\/product_cat?post=16568"},{"taxonomy":"product_tag","embeddable":true,"href":"https:\/\/vetsul.com\/index.php\/wp-json\/wp\/v2\/product_tag?post=16568"}],"curies":[{"name":"wp","href":"https:\/\/api.w.org\/{rel}","templated":true}]}}